{"id":44623,"date":"2024-08-18T09:37:54","date_gmt":"2024-08-18T09:37:54","guid":{"rendered":"https:\/\/staging.nbg.eu\/product\/daa-primer-pickup-tubes-5-pack-small\/"},"modified":"2024-09-10T08:58:51","modified_gmt":"2024-09-10T08:58:51","slug":"daa-gyutacs-felvevo-csoevek-5-csomag-kis","status":"publish","type":"product","link":"https:\/\/staging.nbg.eu\/hu\/termek\/daa-gyutacs-felvevo-csoevek-5-csomag-kis\/","title":{"rendered":"Daa Gyutacs Felvev\u0151 Cs\u00f6vek, 5-Csomag, Kis"},"content":{"rendered":"<div class=\"product-description\">\n<h2>DAA Gyutacsfelvev\u0151 Cs\u00f6vek, 5 darabos csomag, Kicsi<\/h2>\n<p>Emelje \u00faj szintre \u00fajrat\u00f6lt\u00e9si \u00e9lm\u00e9ny\u00e9t a DAA Gyutacsfelvev\u0151 Cs\u00f6vekkel. Kiv\u00e1l\u00f3 min\u0151s\u00e9g\u0171 alum\u00edniumb\u00f3l, egyedi extrud\u00e1l\u00e1si eszk\u00f6z\u00f6kkel k\u00e9sz\u00fcltek, p\u00e1ratlan pontoss\u00e1got \u00e9s kidolgoz\u00e1st k\u00edn\u00e1lva. A kis gyutacsokhoz haszn\u00e1lt piros elox\u00e1lt fel\u00fclet k\u00f6nnyen azonos\u00edthat\u00f3v\u00e1 teszi \u00e9s eleg\u00e1ns megjelen\u00e9st k\u00f6lcs\u00f6n\u00f6z.<\/p>\n<ul>\n<li>Ergonomikus felvev\u0151 v\u00e9g sz\u00e9lesebb ujjt\u00e1maszt\u00f3 ter\u00fclettel a k\u00e9zf\u00e1rad\u00e1s megel\u0151z\u00e9s\u00e9re<\/li>\n<li>\u00dajratervezett hegy kett\u0151s fogazattal a gyutacsok biztos fog\u00e1s\u00e1hoz<\/li>\n<li>\u00c1ttetsz\u0151 v\u00e9gdarabok a gyutacsok k\u00f6nny\u0171 l\u00e1that\u00f3s\u00e1g\u00e1\u00e9rt<\/li>\n<li>Szorosan illeszked\u0151 v\u00e9gek a v\u00e9letlen lev\u00e1l\u00e1s megakad\u00e1lyoz\u00e1s\u00e1ra<\/li>\n<li>K\u00f6vetkezetes bels\u0151 \u00e9s k\u00fcls\u0151 let\u00f6r\u00e9s az optim\u00e1lis adagol\u00e1s\u00e9rt<\/li>\n<\/ul>\n<p>Tapasztalja meg a DAA Gyutacsfelvev\u0151 Cs\u00f6vek k\u00e9nyelm\u00e9t \u00e9s hat\u00e9konys\u00e1g\u00e1t az \u00fajrat\u00f6lt\u00e9si folyamatban. Korszer\u0171s\u00edtse felszerel\u00e9s\u00e9t m\u00e9g ma!<\/p>\n<\/div>\n","protected":false},"excerpt":{"rendered":"<p>DAA Primer felvev\u0151 cs\u00f6vek: 5 darabos csomag, kicsi, piros elox\u00e1lt alum\u00ednium, ergonomikus kialak\u00edt\u00e1s.<\/p>\n","protected":false},"featured_media":28044,"template":"","meta":{"_acf_changed":false},"product_brand":[11267],"product_cat":[12963,12917],"product_tag":[],"class_list":{"0":"post-44623","1":"product","2":"type-product","3":"status-publish","4":"has-post-thumbnail","6":"product_brand-doublealpha","7":"product_cat-ujratoeltes","8":"product_cat-ujratoelto-kiegeszitok","10":"first","11":"outofstock","12":"taxable","13":"shipping-taxable","14":"purchasable","15":"product-type-simple"},"acf":[],"_links":{"self":[{"href":"https:\/\/staging.nbg.eu\/hu\/wp-json\/wp\/v2\/product\/44623","targetHints":{"allow":["GET"]}}],"collection":[{"href":"https:\/\/staging.nbg.eu\/hu\/wp-json\/wp\/v2\/product"}],"about":[{"href":"https:\/\/staging.nbg.eu\/hu\/wp-json\/wp\/v2\/types\/product"}],"wp:featuredmedia":[{"embeddable":true,"href":"https:\/\/staging.nbg.eu\/hu\/wp-json\/wp\/v2\/media\/28044"}],"wp:attachment":[{"href":"https:\/\/staging.nbg.eu\/hu\/wp-json\/wp\/v2\/media?parent=44623"}],"wp:term":[{"taxonomy":"product_brand","embeddable":true,"href":"https:\/\/staging.nbg.eu\/hu\/wp-json\/wp\/v2\/product_brand?post=44623"},{"taxonomy":"product_cat","embeddable":true,"href":"https:\/\/staging.nbg.eu\/hu\/wp-json\/wp\/v2\/product_cat?post=44623"},{"taxonomy":"product_tag","embeddable":true,"href":"https:\/\/staging.nbg.eu\/hu\/wp-json\/wp\/v2\/product_tag?post=44623"}],"curies":[{"name":"wp","href":"https:\/\/api.w.org\/{rel}","templated":true}]}}