{"id":44601,"date":"2024-08-18T09:38:23","date_gmt":"2024-09-10T08:53:15","guid":{"rendered":"https:\/\/staging.nbg.eu\/product\/flex-alpha-x-racer-x-extended-ball-joint-rod\/"},"modified":"2024-09-10T08:53:55","modified_gmt":"2024-09-10T08:53:55","slug":"flex-alpha-x-racer-x-hosszabbitott-goembcsuklo-rud","status":"publish","type":"product","link":"https:\/\/staging.nbg.eu\/hu\/termek\/flex-alpha-x-racer-x-hosszabbitott-goembcsuklo-rud\/","title":{"rendered":"Flex \/ Alpha-X \/ Racer-X Hosszabb\u00edtott G\u00f6mbcsukl\u00f3 R\u00fad"},"content":{"rendered":"<p>A <strong>Flex \/ Alpha-X \/ Racer-X Meghosszabb\u00edtott G\u00f6mbcsukl\u00f3s R\u00fad<\/strong> egy egyedi megold\u00e1s azon l\u00f6v\u00e9szek sz\u00e1m\u00e1ra, akik el\u0151nyben r\u00e9szes\u00edtik, ha a fegyver\u00fck t\u00e1volabb van a test\u00fckt\u0151l vagy \u00f6v\u00fckt\u0151l. Ez a kieg\u00e9sz\u00edt\u0151 8 mm-rel meghosszabb\u00edtja a g\u00f6mbcsukl\u00f3s nyakat, biztos\u00edtva:<\/p>\n<ul>\n<li>Megn\u00f6velt t\u00e1vols\u00e1got a tok \u00e9s a tart\u00f3 k\u00f6z\u00f6tt<\/li>\n<li>Fokozott \u00e1ll\u00edthat\u00f3s\u00e1got a szem\u00e9lyes k\u00e9nyelem\u00e9rt<\/li>\n<li>Nagyobb szabads\u00e1got a fegyver sz\u00f6g\u00e9nek \u00e9s poz\u00edci\u00f3j\u00e1nak be\u00e1ll\u00edt\u00e1s\u00e1ban<\/li>\n<\/ul>\n<p>Ide\u00e1lis k\u00fcl\u00f6nb\u00f6z\u0151 testalkat\u00fa vagy speci\u00e1lis visel\u00e9si preferenci\u00e1kkal rendelkez\u0151 l\u00f6v\u00e9szek sz\u00e1m\u00e1ra, ez a r\u00fad t\u00f6k\u00e9letes egyens\u00falyt k\u00edn\u00e1l a hozz\u00e1f\u00e9rhet\u0151s\u00e9g \u00e9s a k\u00e9nyelem k\u00f6z\u00f6tt.<\/p>\n","protected":false},"excerpt":{"rendered":"<p>N\u00f6velje a tok t\u00e1vols\u00e1g\u00e1t egyedi 8 mm-es goly\u00f3s csukl\u00f3s r\u00faddal.<\/p>\n","protected":false},"featured_media":28113,"template":"","meta":{"_acf_changed":false},"product_brand":[11267],"product_cat":[12959,12954,12921],"product_tag":[],"class_list":{"0":"post-44601","1":"product","2":"type-product","3":"status-publish","4":"has-post-thumbnail","6":"product_brand-doublealpha","7":"product_cat-sport-tok","8":"product_cat-tok-kiegeszitok","9":"product_cat-tokk","11":"first","12":"instock","13":"taxable","14":"shipping-taxable","15":"purchasable","16":"product-type-simple"},"acf":[],"_links":{"self":[{"href":"https:\/\/staging.nbg.eu\/hu\/wp-json\/wp\/v2\/product\/44601","targetHints":{"allow":["GET"]}}],"collection":[{"href":"https:\/\/staging.nbg.eu\/hu\/wp-json\/wp\/v2\/product"}],"about":[{"href":"https:\/\/staging.nbg.eu\/hu\/wp-json\/wp\/v2\/types\/product"}],"wp:featuredmedia":[{"embeddable":true,"href":"https:\/\/staging.nbg.eu\/hu\/wp-json\/wp\/v2\/media\/28113"}],"wp:attachment":[{"href":"https:\/\/staging.nbg.eu\/hu\/wp-json\/wp\/v2\/media?parent=44601"}],"wp:term":[{"taxonomy":"product_brand","embeddable":true,"href":"https:\/\/staging.nbg.eu\/hu\/wp-json\/wp\/v2\/product_brand?post=44601"},{"taxonomy":"product_cat","embeddable":true,"href":"https:\/\/staging.nbg.eu\/hu\/wp-json\/wp\/v2\/product_cat?post=44601"},{"taxonomy":"product_tag","embeddable":true,"href":"https:\/\/staging.nbg.eu\/hu\/wp-json\/wp\/v2\/product_tag?post=44601"}],"curies":[{"name":"wp","href":"https:\/\/api.w.org\/{rel}","templated":true}]}}