{"id":44569,"date":"2024-08-18T09:38:38","date_gmt":"2024-08-18T09:38:38","guid":{"rendered":"https:\/\/staging.nbg.eu\/product\/daa-primer-pro-collator-small-primer\/"},"modified":"2024-09-10T08:47:09","modified_gmt":"2024-09-10T08:47:09","slug":"daa-primer-pro-valogato-kis-gyutacs","status":"publish","type":"product","link":"https:\/\/staging.nbg.eu\/hu\/termek\/daa-primer-pro-valogato-kis-gyutacs\/","title":{"rendered":"Daa Primer-Pro V\u00e1logat\u00f3 Kis Gyutacs"},"content":{"rendered":"<h2>Daa Primer-Pro Kis Gyutacs Rendszerez\u0151<\/h2>\n<p>Forradalmas\u00edtsa \u00fajrat\u00f6lt\u00e9si folyamat\u00e1t a Double-Alpha PRIMER-PRO eszk\u00f6z\u00e9vel! Ez az innovat\u00edv, szabadalmaztat\u00e1s alatt \u00e1ll\u00f3 k\u00e9sz\u00fcl\u00e9k egyed\u00fcl\u00e1ll\u00f3 megold\u00e1st k\u00edn\u00e1l a kis puska \u00e9s pisztoly gyutacsok kezel\u00e9s\u00e9re.<\/p>\n<ul>\n<li>Hat\u00e9kony rendszerez\u0151 t\u00edpus\u00fa kialak\u00edt\u00e1s 20 prec\u00edzi\u00f3s csatorn\u00e1val<\/li>\n<li>Megb\u00edzhat\u00f3 elutas\u00edt\u00f3 rendszer biztos\u00edtja a gyutacsok helyes t\u00e1jol\u00e1s\u00e1t<\/li>\n<li>Optikai \u00e9rz\u00e9kel\u0151 sz\u00e1molja a gyutacsokat \u00e9s 100-n\u00e1l meg\u00e1ll<\/li>\n<li>Intelligens elakad\u00e1s-megel\u0151z\u00e9s \u00e9s egyszer\u0171 probl\u00e9mamegold\u00e1s<\/li>\n<li>Innovat\u00edv Kimeneti M\u0171k\u00f6dtet\u0151 Kar a gyutacsok sima elhelyez\u00e9s\u00e9hez<\/li>\n<li>Tartalmaz egy M\u00e1gneses Gall\u00e9rt a Dillon Gyutacs Cs\u0151h\u00f6z<\/li>\n<li>12V DC t\u00e1pegys\u00e9g US\/EU adapterekkel \u00e9s 2m-es k\u00e1bellel<\/li>\n<\/ul>\n<p>Megjegyz\u00e9s: Gyutacs cs\u0151 nem tartoz\u00e9k. Tov\u00e1bbi M\u00e1gneses Gall\u00e9rok k\u00fcl\u00f6n kaphat\u00f3k.<\/p>\n","protected":false},"excerpt":{"rendered":"<p>Hat\u00e9kony, megb\u00edzhat\u00f3 kis gyutacskiszed\u0151 a gyors \u00fajrat\u00f6lt\u00e9shez.<\/p>\n","protected":false},"featured_media":28205,"template":"","meta":{"_acf_changed":false},"product_brand":[11267],"product_cat":[12963,12935],"product_tag":[],"class_list":{"0":"post-44569","1":"product","2":"type-product","3":"status-publish","4":"has-post-thumbnail","6":"product_brand-doublealpha","7":"product_cat-ujratoeltes","8":"product_cat-ujratoelto-gepek","10":"first","11":"outofstock","12":"taxable","13":"shipping-taxable","14":"purchasable","15":"product-type-simple"},"acf":[],"_links":{"self":[{"href":"https:\/\/staging.nbg.eu\/hu\/wp-json\/wp\/v2\/product\/44569","targetHints":{"allow":["GET"]}}],"collection":[{"href":"https:\/\/staging.nbg.eu\/hu\/wp-json\/wp\/v2\/product"}],"about":[{"href":"https:\/\/staging.nbg.eu\/hu\/wp-json\/wp\/v2\/types\/product"}],"wp:featuredmedia":[{"embeddable":true,"href":"https:\/\/staging.nbg.eu\/hu\/wp-json\/wp\/v2\/media\/28205"}],"wp:attachment":[{"href":"https:\/\/staging.nbg.eu\/hu\/wp-json\/wp\/v2\/media?parent=44569"}],"wp:term":[{"taxonomy":"product_brand","embeddable":true,"href":"https:\/\/staging.nbg.eu\/hu\/wp-json\/wp\/v2\/product_brand?post=44569"},{"taxonomy":"product_cat","embeddable":true,"href":"https:\/\/staging.nbg.eu\/hu\/wp-json\/wp\/v2\/product_cat?post=44569"},{"taxonomy":"product_tag","embeddable":true,"href":"https:\/\/staging.nbg.eu\/hu\/wp-json\/wp\/v2\/product_tag?post=44569"}],"curies":[{"name":"wp","href":"https:\/\/api.w.org\/{rel}","templated":true}]}}