{"id":44545,"date":"2024-08-18T09:38:53","date_gmt":"2024-08-18T09:38:53","guid":{"rendered":"https:\/\/staging.nbg.eu\/product\/alpha-xi-pouch-without-inlay\/"},"modified":"2024-09-10T08:39:41","modified_gmt":"2024-09-10T08:39:41","slug":"alpha-xi-tok-betet-nelkuel","status":"publish","type":"product","link":"https:\/\/staging.nbg.eu\/hu\/termek\/alpha-xi-tok-betet-nelkuel\/","title":{"rendered":"Alpha-Xi Tok Bet\u00e9t N\u00e9lk\u00fcl"},"content":{"rendered":"<h2>Alpha-Xi T\u00e1r Tart\u00f3 Bet\u00e9t N\u00e9lk\u00fcl &#8211; Befejez\u0151 Modell<\/h2>\n<p>Bemutatjuk az Alpha-Xi T\u00e1r Tart\u00f3t, egy forradalmi diz\u00e1jnt a taktikai felszerel\u00e9sek k\u00f6z\u00f6tt. Ez a tart\u00f3 a k\u00f6vetkez\u0151 jellemz\u0151kkel rendelkezik:<\/p>\n<ul>\n<li>Fokozott tart\u00f3ss\u00e1g egyedi, sz\u00e9les fej\u0171 csavaros r\u00f6gz\u00edt\u00e9ssel<\/li>\n<li>8 sokoldal\u00fa csatlakoz\u00e1si pont az optim\u00e1lis pozicion\u00e1l\u00e1shoz<\/li>\n<li>H\u00e1rom magass\u00e1gi opci\u00f3 jobb- \u00e9s balkezes l\u00f6v\u00e9szek sz\u00e1m\u00e1ra egyar\u00e1nt<\/li>\n<li>K\u00e9t magass\u00e1gi opci\u00f3 a kifel\u00e9 n\u00e9z\u0151 l\u0151szerek r\u00f6gz\u00edt\u00e9s\u00e9hez<\/li>\n<li>Kulcsos illeszt\u00e9s a sziklaszil\u00e1rd stabilit\u00e1s\u00e9rt<\/li>\n<\/ul>\n<p>Az Alpha-Xi tov\u00e1bbfejlesztett goly\u00f3s csatlakoz\u00e1sa p\u00e1ratlan er\u0151ss\u00e9get biztos\u00edt m\u00e9g intenz\u00edv k\u00f6r\u00fclm\u00e9nyek k\u00f6z\u00f6tt is. Ak\u00e1r fekv\u0151 poz\u00edci\u00f3ban, ak\u00e1r akad\u00e1lyok lek\u00fczd\u00e9s\u00e9ben, ez a tart\u00f3 \u00e1llja a kih\u00edv\u00e1st. Tapasztalja meg a t\u00e1r hordoz\u00e1s k\u00f6vetkez\u0151 szintj\u00e9t az Alpha-Xi Tart\u00f3val &#8211; \u00fajradefini\u00e1lt tart\u00f3ss\u00e1g \u00e9s rugalmass\u00e1g.<\/p>\n<p><strong>Megjegyz\u00e9s:<\/strong> Ez a verzi\u00f3 nem tartalmaz bet\u00e9tet.<\/p>\n","protected":false},"excerpt":{"rendered":"<p>Tart\u00f3s t\u00e1rtart\u00f3 tasak fejlett g\u00f6mbcsukl\u00f3s \u00f6vcsatlakoz\u00e1ssal.<\/p>\n","protected":false},"featured_media":28274,"template":"","meta":{"_acf_changed":false},"product_brand":[11267],"product_cat":[12934,12959,12910,12925,12921],"product_tag":[],"class_list":{"0":"post-44545","1":"product","2":"type-product","3":"status-publish","4":"has-post-thumbnail","6":"product_brand-doublealpha","7":"product_cat-felszereles","8":"product_cat-sport-tok","9":"product_cat-tartartok","10":"product_cat-tasakok","11":"product_cat-tokk","13":"first","14":"instock","15":"taxable","16":"shipping-taxable","17":"purchasable","18":"product-type-simple"},"acf":[],"_links":{"self":[{"href":"https:\/\/staging.nbg.eu\/hu\/wp-json\/wp\/v2\/product\/44545","targetHints":{"allow":["GET"]}}],"collection":[{"href":"https:\/\/staging.nbg.eu\/hu\/wp-json\/wp\/v2\/product"}],"about":[{"href":"https:\/\/staging.nbg.eu\/hu\/wp-json\/wp\/v2\/types\/product"}],"wp:featuredmedia":[{"embeddable":true,"href":"https:\/\/staging.nbg.eu\/hu\/wp-json\/wp\/v2\/media\/28274"}],"wp:attachment":[{"href":"https:\/\/staging.nbg.eu\/hu\/wp-json\/wp\/v2\/media?parent=44545"}],"wp:term":[{"taxonomy":"product_brand","embeddable":true,"href":"https:\/\/staging.nbg.eu\/hu\/wp-json\/wp\/v2\/product_brand?post=44545"},{"taxonomy":"product_cat","embeddable":true,"href":"https:\/\/staging.nbg.eu\/hu\/wp-json\/wp\/v2\/product_cat?post=44545"},{"taxonomy":"product_tag","embeddable":true,"href":"https:\/\/staging.nbg.eu\/hu\/wp-json\/wp\/v2\/product_tag?post=44545"}],"curies":[{"name":"wp","href":"https:\/\/api.w.org\/{rel}","templated":true}]}}