{"id":44523,"date":"2024-08-18T09:39:07","date_gmt":"2024-08-18T09:39:07","guid":{"rendered":"https:\/\/staging.nbg.eu\/product\/daa-pcc-magzine-pouch-type-glock\/"},"modified":"2024-09-10T08:33:24","modified_gmt":"2024-09-10T08:33:24","slug":"daa-pcc-tartarto-glock-tipus","status":"publish","type":"product","link":"https:\/\/staging.nbg.eu\/hu\/termek\/daa-pcc-tartarto-glock-tipus\/","title":{"rendered":"Daa Pcc T\u00e1rtart\u00f3 &#8211; Glock T\u00edpus"},"content":{"rendered":"<h2>DAA PCC T\u00e1rtart\u00f3 &#8211; Glock t\u00edpushoz<\/h2>\n<p>Emeld \u00faj szintre a Pisztoly Kaliber\u0171 Karab\u00e9ly (PCC) j\u00e1t\u00e9kodat a DAA PCC T\u00e1rtart\u00f3val, amely kifejezetten Glock t\u00e1rakhoz k\u00e9sz\u00fclt. Ez a speci\u00e1lisan tervezett t\u00e1rtart\u00f3 megoldja az IPSC \u00e9s USPSA versenyek egyedi kih\u00edv\u00e1sait.<\/p>\n<ul>\n<li>Er\u0151s, sz\u00e1ler\u0151s\u00edtett nylon szerkezet<\/li>\n<li>Extra hossz\u00fa kialak\u00edt\u00e1s (12cm\/4,75&#8243;) a 40-50 l\u0151szeres t\u00e1rak biztons\u00e1gos tart\u00e1s\u00e1hoz<\/li>\n<li>\u00c1ll\u00edthat\u00f3 r\u00f6gz\u00edt\u00e9si er\u0151 k\u00e9t csavarral<\/li>\n<li>El\u00fcls\u0151 kiv\u00e1gott ablak a gyorsabb h\u00faz\u00e1sok\u00e9rt<\/li>\n<li>Lekerek\u00edtett fels\u0151 \u00e9l a gyorsabb \u00fajrat\u00f6lt\u00e9sek\u00e9rt<\/li>\n<li>K\u00e9tkezes kialak\u00edt\u00e1s t\u00f6bbf\u00e9le magass\u00e1gi poz\u00edci\u00f3val<\/li>\n<li>Nagy goly\u00f3s csatlakoz\u00e1s a tart\u00f3ss\u00e1g\u00e9rt<\/li>\n<li>&#8222;\u00d6k\u00f6lfog\u00e1sos&#8221; \u00fajrat\u00f6lt\u00e9shez a l\u0151szereket h\u00e1trafel\u00e9 n\u00e9zve tartja<\/li>\n<\/ul>\n<p>Optimaliz\u00e1ld PCC teljes\u00edtm\u00e9nyedet ezzel a c\u00e9lzottan kifejlesztett t\u00e1rtart\u00f3val a Double-Alph\u00e1t\u00f3l.<\/p>\n","protected":false},"excerpt":{"rendered":"<p>PCC t\u00e1rtart\u00f3 Glock-hoz: Testre szabott, biztons\u00e1gos, gyors \u00fajrat\u00f6lt\u00e9s.<\/p>\n","protected":false},"featured_media":28412,"template":"","meta":{"_acf_changed":false},"product_brand":[11267],"product_cat":[12934,12959,12910,12925],"product_tag":[],"class_list":{"0":"post-44523","1":"product","2":"type-product","3":"status-publish","4":"has-post-thumbnail","6":"product_brand-doublealpha","7":"product_cat-felszereles","8":"product_cat-sport-tok","9":"product_cat-tartartok","10":"product_cat-tasakok","12":"first","13":"outofstock","14":"taxable","15":"shipping-taxable","16":"purchasable","17":"product-type-simple"},"acf":[],"_links":{"self":[{"href":"https:\/\/staging.nbg.eu\/hu\/wp-json\/wp\/v2\/product\/44523","targetHints":{"allow":["GET"]}}],"collection":[{"href":"https:\/\/staging.nbg.eu\/hu\/wp-json\/wp\/v2\/product"}],"about":[{"href":"https:\/\/staging.nbg.eu\/hu\/wp-json\/wp\/v2\/types\/product"}],"wp:featuredmedia":[{"embeddable":true,"href":"https:\/\/staging.nbg.eu\/hu\/wp-json\/wp\/v2\/media\/28412"}],"wp:attachment":[{"href":"https:\/\/staging.nbg.eu\/hu\/wp-json\/wp\/v2\/media?parent=44523"}],"wp:term":[{"taxonomy":"product_brand","embeddable":true,"href":"https:\/\/staging.nbg.eu\/hu\/wp-json\/wp\/v2\/product_brand?post=44523"},{"taxonomy":"product_cat","embeddable":true,"href":"https:\/\/staging.nbg.eu\/hu\/wp-json\/wp\/v2\/product_cat?post=44523"},{"taxonomy":"product_tag","embeddable":true,"href":"https:\/\/staging.nbg.eu\/hu\/wp-json\/wp\/v2\/product_tag?post=44523"}],"curies":[{"name":"wp","href":"https:\/\/api.w.org\/{rel}","templated":true}]}}