{"id":44500,"date":"2024-08-18T09:39:25","date_gmt":"2024-08-18T09:39:25","guid":{"rendered":"https:\/\/staging.nbg.eu\/product\/corn-cob-media-4kg\/"},"modified":"2024-09-10T08:26:19","modified_gmt":"2024-09-10T08:26:19","slug":"kukorica-csutkamedia-4kg","status":"publish","type":"product","link":"https:\/\/staging.nbg.eu\/hu\/termek\/kukorica-csutkamedia-4kg\/","title":{"rendered":"Kukorica Csutkamedia 4Kg"},"content":{"rendered":"<h2>Kukoricacsutka M\u00e9dia 4 kg<\/h2>\n<p>Emelje \u00faj szintre a t\u00f6lt\u00e9nycs\u00e9sz\u00e9k tiszt\u00edt\u00e1s\u00e1t a pr\u00e9mium 4 kg-os Kukoricacsutka M\u00e9di\u00e1nkkal. Ez a kiv\u00e1l\u00f3 min\u0151s\u00e9g\u0171 m\u00e9dia a k\u00f6vetkez\u0151kre k\u00e9pes:<\/p>\n<ul>\n<li>Elt\u00e1vol\u00edtja a szennyez\u0151d\u00e9seket, piszkot \u00e9s l\u0151pormaradv\u00e1nyokat a t\u00f6lt\u00e9nycs\u00e9sz\u00e9kr\u0151l<\/li>\n<li>Gy\u00f6ny\u00f6r\u0171 f\u00e9nyt ad a t\u00f6lt\u00e9nycs\u00e9sz\u00e9knek<\/li>\n<li>Megtiszt\u00edtja m\u00e9g a legkisebb bem\u00e9lyed\u00e9seket is a t\u00f6lt\u00e9nycs\u00e9sz\u00e9k perem\u00e9n \u00e9s a gyutacs\u00fcl\u00e9sben<\/li>\n<\/ul>\n<p>T\u00f6k\u00e9letes kis- \u00e9s k\u00f6zepes m\u00e9ret\u0171 dobos \u00e9s vibr\u00e1ci\u00f3s tiszt\u00edt\u00f3kban val\u00f3 haszn\u00e1latra. Apr\u00f3 szemcs\u00e9s m\u00e9di\u00e1nk alapos tiszt\u00edt\u00e1st biztos\u00edt a t\u00f6lt\u00e9nycs\u00e9sz\u00e9knek. A 4 kg-os mennyis\u00e9g t\u00f6bbsz\u00f6ri haszn\u00e1latot tesz lehet\u0151v\u00e9, kiv\u00e1l\u00f3 \u00e1r-\u00e9rt\u00e9k ar\u00e1nyt ny\u00fajtva.<\/p>\n<p>B\u00e1r ez a m\u00e9dia t\u00f6bbsz\u00f6r is felhaszn\u00e1lhat\u00f3, javasoljuk az id\u0151nk\u00e9nti cser\u00e9t az optim\u00e1lis tiszt\u00edt\u00e1si eredm\u00e9nyek fenntart\u00e1sa \u00e9rdek\u00e9ben. Fektessen be Kukoricacsutka M\u00e9di\u00e1nkba m\u00e9g ma, \u00e9s tapasztalja meg a k\u00fcl\u00f6nbs\u00e9get az \u00fajrat\u00f6lt\u00e9si folyamat\u00e1ban!<\/p>\n","protected":false},"excerpt":{"rendered":"<p>4 kg kukoricacsutka granul\u00e1tum: Tiszt\u00edtja \u00e9s f\u00e9nyes\u00edti a s\u00e1rgar\u00e9z h\u00fcvelyeket, \u00fajrahaszn\u00e1lhat\u00f3.<\/p>\n","protected":false},"featured_media":28573,"template":"","meta":{"_acf_changed":false},"product_brand":[],"product_cat":[12961,12963],"product_tag":[],"class_list":{"0":"post-44500","1":"product","2":"type-product","3":"status-publish","4":"has-post-thumbnail","6":"product_cat-huevely-elokeszites","7":"product_cat-ujratoeltes","9":"first","10":"outofstock","11":"taxable","12":"shipping-taxable","13":"purchasable","14":"product-type-simple"},"acf":[],"_links":{"self":[{"href":"https:\/\/staging.nbg.eu\/hu\/wp-json\/wp\/v2\/product\/44500","targetHints":{"allow":["GET"]}}],"collection":[{"href":"https:\/\/staging.nbg.eu\/hu\/wp-json\/wp\/v2\/product"}],"about":[{"href":"https:\/\/staging.nbg.eu\/hu\/wp-json\/wp\/v2\/types\/product"}],"wp:featuredmedia":[{"embeddable":true,"href":"https:\/\/staging.nbg.eu\/hu\/wp-json\/wp\/v2\/media\/28573"}],"wp:attachment":[{"href":"https:\/\/staging.nbg.eu\/hu\/wp-json\/wp\/v2\/media?parent=44500"}],"wp:term":[{"taxonomy":"product_brand","embeddable":true,"href":"https:\/\/staging.nbg.eu\/hu\/wp-json\/wp\/v2\/product_brand?post=44500"},{"taxonomy":"product_cat","embeddable":true,"href":"https:\/\/staging.nbg.eu\/hu\/wp-json\/wp\/v2\/product_cat?post=44500"},{"taxonomy":"product_tag","embeddable":true,"href":"https:\/\/staging.nbg.eu\/hu\/wp-json\/wp\/v2\/product_tag?post=44500"}],"curies":[{"name":"wp","href":"https:\/\/api.w.org\/{rel}","templated":true}]}}