{"id":44478,"date":"2024-08-18T09:39:38","date_gmt":"2024-08-18T09:39:38","guid":{"rendered":"https:\/\/staging.nbg.eu\/product\/sordin-silicone-gel-replacement-ear-pads\/"},"modified":"2024-09-10T08:15:35","modified_gmt":"2024-09-10T08:15:35","slug":"sordin-szilikon-gel-csere-fuelparnak","status":"publish","type":"product","link":"https:\/\/staging.nbg.eu\/hu\/termek\/sordin-szilikon-gel-csere-fuelparnak\/","title":{"rendered":"Sordin Szilikon G\u00e9l Csere F\u00fclp\u00e1rn\u00e1k"},"content":{"rendered":"<div class=\"product-description\">\n<h2>Sordin Szilikon G\u00e9l Csere F\u00fclp\u00e1rn\u00e1k<\/h2>\n<p>Korszer\u0171s\u00edtse Sordin f\u00fclv\u00e9d\u0151j\u00e9t a Szilikon G\u00e9l Csere K\u00e9szlet\u00fcnkkel, amely tartalmazza:<\/p>\n<ul>\n<li>2 Szilikon G\u00e9l F\u00fclp\u00e1rn\u00e1t<\/li>\n<li>2 Szigetel\u0151 P\u00e1rn\u00e1t<\/li>\n<\/ul>\n<p>Tapasztalja meg a kiv\u00e1l\u00f3 k\u00e9nyelmet \u00e9s hangv\u00e9delmet ezekkel az innovat\u00edv g\u00e9l p\u00e1rn\u00e1kkal, amelyek idomulnak a fej kont\u00farjaihoz. T\u00f6k\u00e9letes l\u00f6v\u00e9szszem\u00fcveggel val\u00f3 haszn\u00e1latra, alkalmazkodnak a szem\u00fcvegsz\u00e1rakhoz a jobb v\u00e9delem \u00e9s k\u00e9nyelem \u00e9rdek\u00e9ben.<\/p>\n<p>Kompatibilis minden Sordin modellel: Supreme Pro, Pro-X \u00e9s Pro+3. K\u00f6nnyen felszerelhet\u0151, m\u00f3dos\u00edt\u00e1sok n\u00e9lk\u00fcl.<\/p>\n<p>Jav\u00edtsa a higi\u00e9ni\u00e1t \u00e9s a teljes\u00edtm\u00e9nyt a f\u00fclp\u00e1rn\u00e1k rendszeres cser\u00e9j\u00e9vel. Pr\u00f3b\u00e1lja ki ezeket a g\u00e9l p\u00e1rn\u00e1kat, hogy igaz\u00e1n \u00e9rt\u00e9kelni tudja a k\u00e9nyelemben \u00e9s hangszigetel\u00e9sben tapasztalhat\u00f3 k\u00fcl\u00f6nbs\u00e9get.<\/p>\n<\/div>\n","protected":false},"excerpt":{"rendered":"<p>Szilikon g\u00e9l f\u00fclp\u00e1rn\u00e1k Sordin fejhallgat\u00f3khoz. Jav\u00edtott k\u00e9nyelem \u00e9s hangv\u00e9delem.<\/p>\n","protected":false},"featured_media":28596,"template":"","meta":{"_acf_changed":false},"product_brand":[],"product_cat":[12934,12929],"product_tag":[],"class_list":{"0":"post-44478","1":"product","2":"type-product","3":"status-publish","4":"has-post-thumbnail","6":"product_cat-felszereles","7":"product_cat-hallasvedelem","9":"first","10":"outofstock","11":"taxable","12":"shipping-taxable","13":"purchasable","14":"product-type-simple"},"acf":[],"_links":{"self":[{"href":"https:\/\/staging.nbg.eu\/hu\/wp-json\/wp\/v2\/product\/44478","targetHints":{"allow":["GET"]}}],"collection":[{"href":"https:\/\/staging.nbg.eu\/hu\/wp-json\/wp\/v2\/product"}],"about":[{"href":"https:\/\/staging.nbg.eu\/hu\/wp-json\/wp\/v2\/types\/product"}],"wp:featuredmedia":[{"embeddable":true,"href":"https:\/\/staging.nbg.eu\/hu\/wp-json\/wp\/v2\/media\/28596"}],"wp:attachment":[{"href":"https:\/\/staging.nbg.eu\/hu\/wp-json\/wp\/v2\/media?parent=44478"}],"wp:term":[{"taxonomy":"product_brand","embeddable":true,"href":"https:\/\/staging.nbg.eu\/hu\/wp-json\/wp\/v2\/product_brand?post=44478"},{"taxonomy":"product_cat","embeddable":true,"href":"https:\/\/staging.nbg.eu\/hu\/wp-json\/wp\/v2\/product_cat?post=44478"},{"taxonomy":"product_tag","embeddable":true,"href":"https:\/\/staging.nbg.eu\/hu\/wp-json\/wp\/v2\/product_tag?post=44478"}],"curies":[{"name":"wp","href":"https:\/\/api.w.org\/{rel}","templated":true}]}}