{"id":44432,"date":"2024-08-18T19:22:32","date_gmt":"2024-09-10T08:07:53","guid":{"rendered":"https:\/\/staging.nbg.eu\/product\/flex-holster-insert-block\/"},"modified":"2024-09-10T08:08:38","modified_gmt":"2024-09-10T08:08:38","slug":"flex-holster-betet-blokk","status":"publish","type":"product","link":"https:\/\/staging.nbg.eu\/hu\/termek\/flex-holster-betet-blokk\/","title":{"rendered":"Flex Holster Bet\u00e9t Blokk"},"content":{"rendered":"<div class=\"product-description\">\n<h2>Flex Tokbet\u00e9t Blokk: Testreszabhat\u00f3 Illeszked\u00e9s a Pisztoly\u00e1hoz<\/h2>\n<p>A forradalmi Flex Tokbet\u00e9t Blokk p\u00e1ratlan \u00e1ll\u00edthat\u00f3s\u00e1got k\u00edn\u00e1l, hogy t\u00f6k\u00e9letes illeszked\u00e9st biztos\u00edtson szinte b\u00e1rmely pisztolymodellhez. Az A-t\u00edpus \u00e9s B-t\u00edpus v\u00e1ltozatokban el\u00e9rhet\u0151, ez az innovat\u00edv kialak\u00edt\u00e1s lehet\u0151v\u00e9 teszi a tokbet\u00e9t finomhangol\u00e1s\u00e1t az optim\u00e1lis teljes\u00edtm\u00e9ny \u00e9s k\u00e9nyelem \u00e9rdek\u00e9ben.<\/p>\n<h3>F\u0151bb jellemz\u0151k:<\/h3>\n<ul>\n<li>\u00c1ll\u00edthat\u00f3 cs\u00fasz\u00f3z\u00e1r fogak a pontos illeszked\u00e9shez<\/li>\n<li>Oldals\u00f3 t\u00e1vtart\u00f3k \u00e9s al\u00e1t\u00e9tek az egyedi be\u00e1ll\u00edt\u00e1shoz<\/li>\n<li>Opcion\u00e1lis els\u0151 t\u00e1vtart\u00f3 a tov\u00e1bbi \u00e1ll\u00edthat\u00f3s\u00e1g\u00e9rt<\/li>\n<li>Alum\u00ednium cs\u00fasz\u00f3z\u00e1r m\u00e1gneses kapcsol\u00f3d\u00e1ssal<\/li>\n<li>Sz\u00e9les, lapos rozsdamentes ac\u00e9l biztons\u00e1gi kar a k\u00f6nny\u0171 aktiv\u00e1l\u00e1shoz<\/li>\n<\/ul>\n<p>A Flex Bet\u00e9t Blokk szerelv\u00e9ny megoldja a gy\u00e1rt\u00e1si elt\u00e9r\u00e9sek okozta gyakori illeszked\u00e9si probl\u00e9m\u00e1kat, biztos\u00edtva a szoros \u00e9s biztons\u00e1gos illeszked\u00e9st az \u00d6n konkr\u00e9t fegyver\u00e9hez. Felhaszn\u00e1l\u00f3bar\u00e1t kialak\u00edt\u00e1s\u00e1nak k\u00f6sz\u00f6nhet\u0151en k\u00f6nnyen be\u00e1ll\u00edthatja a bet\u00e9tet, hogy alkalmazkodjon a pisztolya ravaszbiztos\u00edt\u00f3j\u00e1nak egyedi m\u00e9reteihez.<\/p>\n<p>Tapasztalja meg a tokkialak\u00edt\u00e1s k\u00f6vetkez\u0151 szintj\u00e9t a Flex Tokbet\u00e9t Blokkal \u2013 a v\u00e9gs\u0151 megold\u00e1s az ig\u00e9nyes l\u00f6v\u00e9szek sz\u00e1m\u00e1ra, akik precizit\u00e1st \u00e9s megb\u00edzhat\u00f3s\u00e1got k\u00f6vetelnek.<\/p>\n<\/div>\n","protected":false},"excerpt":{"rendered":"<p>Testreszabhat\u00f3 tok bet\u00e9t a pisztoly t\u00f6k\u00e9letes illeszked\u00e9se \u00e9s biztons\u00e1ga \u00e9rdek\u00e9ben.<\/p>\n","protected":false},"featured_media":28619,"template":"","meta":{"_acf_changed":false},"product_brand":[11267],"product_cat":[12934,12959,12954,12921],"product_tag":[],"class_list":{"0":"post-44432","1":"product","2":"type-product","3":"status-publish","4":"has-post-thumbnail","6":"product_brand-doublealpha","7":"product_cat-felszereles","8":"product_cat-sport-tok","9":"product_cat-tok-kiegeszitok","10":"product_cat-tokk","12":"first","13":"instock","14":"taxable","15":"shipping-taxable","16":"purchasable","17":"product-type-variable","18":"wvs-archive-product-wrapper"},"acf":[],"_links":{"self":[{"href":"https:\/\/staging.nbg.eu\/hu\/wp-json\/wp\/v2\/product\/44432","targetHints":{"allow":["GET"]}}],"collection":[{"href":"https:\/\/staging.nbg.eu\/hu\/wp-json\/wp\/v2\/product"}],"about":[{"href":"https:\/\/staging.nbg.eu\/hu\/wp-json\/wp\/v2\/types\/product"}],"wp:featuredmedia":[{"embeddable":true,"href":"https:\/\/staging.nbg.eu\/hu\/wp-json\/wp\/v2\/media\/28619"}],"wp:attachment":[{"href":"https:\/\/staging.nbg.eu\/hu\/wp-json\/wp\/v2\/media?parent=44432"}],"wp:term":[{"taxonomy":"product_brand","embeddable":true,"href":"https:\/\/staging.nbg.eu\/hu\/wp-json\/wp\/v2\/product_brand?post=44432"},{"taxonomy":"product_cat","embeddable":true,"href":"https:\/\/staging.nbg.eu\/hu\/wp-json\/wp\/v2\/product_cat?post=44432"},{"taxonomy":"product_tag","embeddable":true,"href":"https:\/\/staging.nbg.eu\/hu\/wp-json\/wp\/v2\/product_tag?post=44432"}],"curies":[{"name":"wp","href":"https:\/\/api.w.org\/{rel}","templated":true}]}}