{"id":44330,"date":"2024-08-18T19:23:04","date_gmt":"2024-09-10T07:48:41","guid":{"rendered":"https:\/\/staging.nbg.eu\/product\/d%d0%b0%d0%b0-ratchet-inner-belt\/"},"modified":"2024-09-10T07:49:34","modified_gmt":"2024-09-10T07:49:34","slug":"daa-racsnis-belso-oev","status":"publish","type":"product","link":"https:\/\/staging.nbg.eu\/hu\/termek\/daa-racsnis-belso-oev\/","title":{"rendered":"DAA Racsnis Bels\u0151 \u00d6v"},"content":{"rendered":"<h2>DAA Ratchet bels\u0151 \u00f6v<\/h2>\n<p>Tapasztalja meg a p\u00e1ratlan k\u00e9nyelmet az innovat\u00edv DAA Ratchet bels\u0151 \u00f6vvel. Az egyedi, \u00f6sszecsukhat\u00f3 r\u00e9sszel, amely a racsnis mechanizmus alatt helyezkedik el, ez az \u00f6v megsz\u00fcnteti a k\u00e9nyelmetlen nyom\u00e1spontokat, mik\u00f6zben megszor\u00edtja \u00e9s r\u00f6vid\u00edti a k\u00fcls\u0151 \u00f6vet.<\/p>\n<ul>\n<li>\u00d6sszecsukhat\u00f3 r\u00e9sz m\u0171anyag mag vagy t\u00e9p\u0151z\u00e1r n\u00e9lk\u00fcl a k\u00f6nny\u0171 hajtogat\u00e1s \u00e9rdek\u00e9ben<\/li>\n<li>Hegyes v\u00e9gek a nadr\u00e1ghurkokba val\u00f3 k\u00f6nny\u0171 bef\u0171z\u00e9shez<\/li>\n<li>Kiemelked\u0151 k\u00e9nyelem a hagyom\u00e1nyos bels\u0151 \u00f6vekhez k\u00e9pest<\/li>\n<li>Ugyanazokb\u00f3l a kiv\u00e1l\u00f3 min\u0151s\u00e9g\u0171 anyagokb\u00f3l k\u00e9sz\u00fcl, mint a standard DAA bels\u0151 \u00f6vek<\/li>\n<\/ul>\n<p>B\u00facs\u00fazzon el a nehezen hajtogathat\u00f3 kem\u00e9ny anyagok okozta k\u00e9nyelmetlens\u00e9gt\u0151l. A DAA Ratchet bels\u0151 \u00f6v t\u00f6k\u00e9letes illeszked\u00e9st biztos\u00edt a k\u00e9nyelem fel\u00e1ldoz\u00e1sa n\u00e9lk\u00fcl, \u00edgy t\u00f6k\u00e9letes v\u00e1laszt\u00e1s az ig\u00e9nyes felhaszn\u00e1l\u00f3k sz\u00e1m\u00e1ra, akik a legjobbat k\u00f6vetelik az \u00f6vtechnol\u00f3gi\u00e1ban.<\/p>\n","protected":false},"excerpt":{"rendered":"<p>K\u00e9nyelmes bels\u0151 \u00f6v \u00f6sszecsukhat\u00f3 r\u00e9sszel racsnis csatok sz\u00e1m\u00e1ra.<\/p>\n","protected":false},"featured_media":29056,"template":"","meta":{"_acf_changed":false},"product_brand":[11267],"product_cat":[12934,12937],"product_tag":[],"class_list":{"0":"post-44330","1":"product","2":"type-product","3":"status-publish","4":"has-post-thumbnail","6":"product_brand-doublealpha","7":"product_cat-felszereles","8":"product_cat-sport-oevek","10":"first","11":"instock","12":"taxable","13":"shipping-taxable","14":"purchasable","15":"product-type-variable","16":"wvs-archive-product-wrapper"},"acf":[],"_links":{"self":[{"href":"https:\/\/staging.nbg.eu\/hu\/wp-json\/wp\/v2\/product\/44330","targetHints":{"allow":["GET"]}}],"collection":[{"href":"https:\/\/staging.nbg.eu\/hu\/wp-json\/wp\/v2\/product"}],"about":[{"href":"https:\/\/staging.nbg.eu\/hu\/wp-json\/wp\/v2\/types\/product"}],"wp:featuredmedia":[{"embeddable":true,"href":"https:\/\/staging.nbg.eu\/hu\/wp-json\/wp\/v2\/media\/29056"}],"wp:attachment":[{"href":"https:\/\/staging.nbg.eu\/hu\/wp-json\/wp\/v2\/media?parent=44330"}],"wp:term":[{"taxonomy":"product_brand","embeddable":true,"href":"https:\/\/staging.nbg.eu\/hu\/wp-json\/wp\/v2\/product_brand?post=44330"},{"taxonomy":"product_cat","embeddable":true,"href":"https:\/\/staging.nbg.eu\/hu\/wp-json\/wp\/v2\/product_cat?post=44330"},{"taxonomy":"product_tag","embeddable":true,"href":"https:\/\/staging.nbg.eu\/hu\/wp-json\/wp\/v2\/product_tag?post=44330"}],"curies":[{"name":"wp","href":"https:\/\/api.w.org\/{rel}","templated":true}]}}