{"id":44197,"date":"2024-08-18T19:27:11","date_gmt":"2024-09-10T07:41:41","guid":{"rendered":"https:\/\/staging.nbg.eu\/product\/flex-holster-lh-rh-aluminum-assembly\/"},"modified":"2024-09-10T07:42:30","modified_gmt":"2024-09-10T07:42:30","slug":"flex-tok-baljobb-aluminium-szerelveny","status":"publish","type":"product","link":"https:\/\/staging.nbg.eu\/hu\/termek\/flex-tok-baljobb-aluminium-szerelveny\/","title":{"rendered":"Flex Tok Bal\/Jobb Alum\u00ednium Szerelv\u00e9ny"},"content":{"rendered":"<h2>Flex Tok Bal\/Jobb Kezes Alum\u00ednium Szerkezet<\/h2>\n<p>A Flex Tok egy pr\u00e9mium, versenymin\u0151s\u00e9g\u0171 tok, amelyet 1,5&#8243; sz\u00e9les \u00f6vekhez terveztek, t\u00f6k\u00e9letesen kompatibilis a DAA LYNX \u00e9s Premium \u00f6vekkel. F\u0151bb jellemz\u0151i:<\/p>\n<ul>\n<li>Teljesen CNC-megmunk\u00e1lt alum\u00ednium szerkezet a p\u00e1ratlan merevs\u00e9g \u00e9s tart\u00f3ss\u00e1g \u00e9rdek\u00e9ben<\/li>\n<li>Levehet\u0151 \u00f6vakaszt\u00f3 a k\u00f6nny\u0171 utaz\u00e1s \u00e9s t\u00e1rol\u00e1s \u00e9rdek\u00e9ben<\/li>\n<li>Innovat\u00edv d\u0151l\u00e9sszab\u00e1lyoz\u00f3 rendszer a szem\u00e9lyre szabott k\u00e9nyelem \u00e9rdek\u00e9ben<\/li>\n<li>Mell\u00e9kelt combp\u00e1rna a fokozott stabilit\u00e1s \u00e9rdek\u00e9ben<\/li>\n<\/ul>\n<p>Az egyedi d\u0151l\u00e9si lehet\u0151s\u00e9gek lehet\u0151v\u00e9 teszik, hogy a tokot f\u00fcgg\u0151legesen vagy k\u00fcl\u00f6nb\u00f6z\u0151 sz\u00f6gekben helyezze el, optim\u00e1lis k\u00e9nyelmet biztos\u00edtva testalkat vagy \u00f6vpoz\u00edci\u00f3 f\u00fcggetlen\u00fcl. Tapasztalja meg a testreszabhat\u00f3s\u00e1g \u00e9s a teljes\u00edtm\u00e9ny cs\u00facs\u00e1t a Flex Tokkal.<\/p>\n","protected":false},"excerpt":{"rendered":"<p>Tart\u00f3s CNC alum\u00ednium tok \u00e1ll\u00edthat\u00f3 d\u0151l\u00e9ssz\u00f6ggel \u00e9s levehet\u0151 akaszt\u00f3val.<\/p>\n","protected":false},"featured_media":28872,"template":"","meta":{"_acf_changed":false},"product_brand":[11267],"product_cat":[12934,12959,12954,12921],"product_tag":[],"class_list":{"0":"post-44197","1":"product","2":"type-product","3":"status-publish","4":"has-post-thumbnail","6":"product_brand-doublealpha","7":"product_cat-felszereles","8":"product_cat-sport-tok","9":"product_cat-tok-kiegeszitok","10":"product_cat-tokk","12":"first","13":"instock","14":"taxable","15":"shipping-taxable","16":"purchasable","17":"product-type-variable","18":"wvs-archive-product-wrapper"},"acf":[],"_links":{"self":[{"href":"https:\/\/staging.nbg.eu\/hu\/wp-json\/wp\/v2\/product\/44197","targetHints":{"allow":["GET"]}}],"collection":[{"href":"https:\/\/staging.nbg.eu\/hu\/wp-json\/wp\/v2\/product"}],"about":[{"href":"https:\/\/staging.nbg.eu\/hu\/wp-json\/wp\/v2\/types\/product"}],"wp:featuredmedia":[{"embeddable":true,"href":"https:\/\/staging.nbg.eu\/hu\/wp-json\/wp\/v2\/media\/28872"}],"wp:attachment":[{"href":"https:\/\/staging.nbg.eu\/hu\/wp-json\/wp\/v2\/media?parent=44197"}],"wp:term":[{"taxonomy":"product_brand","embeddable":true,"href":"https:\/\/staging.nbg.eu\/hu\/wp-json\/wp\/v2\/product_brand?post=44197"},{"taxonomy":"product_cat","embeddable":true,"href":"https:\/\/staging.nbg.eu\/hu\/wp-json\/wp\/v2\/product_cat?post=44197"},{"taxonomy":"product_tag","embeddable":true,"href":"https:\/\/staging.nbg.eu\/hu\/wp-json\/wp\/v2\/product_tag?post=44197"}],"curies":[{"name":"wp","href":"https:\/\/api.w.org\/{rel}","templated":true}]}}