{"id":43975,"date":"2024-08-18T19:33:17","date_gmt":"2024-09-09T15:47:29","guid":{"rendered":"https:\/\/staging.nbg.eu\/product\/lynx-belt-single-link\/"},"modified":"2025-01-24T12:49:55","modified_gmt":"2025-01-24T12:49:55","slug":"lynx-oev-egyszeres-szem","status":"publish","type":"product","link":"https:\/\/staging.nbg.eu\/hu\/termek\/lynx-oev-egyszeres-szem\/","title":{"rendered":"Lynx \u00d6v Egyszeres Szem"},"content":{"rendered":"<div class=\"product-description\">\n<h2>Lynx \u00f6v egyetlen l\u00e1ncszem<\/h2>\n<p>Alak\u00edtsa Lynx \u00f6v\u00e9t egyedi l\u00e1ncszemekkel, egy\u00e9ni sz\u00ednkombin\u00e1ci\u00f3t l\u00e9trehozva:<\/p>\n<ul>\n<li>5 sz\u00edn k\u00f6z\u00fcl v\u00e1laszthat<\/li>\n<li>Tervezze \u00f6v\u00e9t nemzeti z\u00e1szl\u00f3j\u00e1hoz, l\u00f6v\u00e9szklubhoz vagy egyenruh\u00e1hoz ill\u0151en<\/li>\n<li>V\u00e1s\u00e1roljon egyedi l\u00e1ncszemeket b\u00e1rmilyen sz\u00ednben \u00e9s mennyis\u00e9gben<\/li>\n<\/ul>\n<h3>M\u00e9retek:<\/h3>\n<ul>\n<li>Hossz: 33mm (csapt\u00f3l csapig)<\/li>\n<li>Magass\u00e1g: 38,7mm<\/li>\n<li>Vastags\u00e1g: 8,8mm (t\u00e9p\u0151z\u00e1ras p\u00e1rn\u00e1n), 7mm (p\u00e1rna n\u00e9lk\u00fcl)<\/li>\n<\/ul>\n<p>A Lynx \u00f6v egyetlen l\u00e1ncszem\u00e9vel szem\u00e9lyre szabhatja \u00f6v\u00e9t.<\/p>\n<\/div>\n","protected":false},"excerpt":{"rendered":"<p>Testreszabhat\u00f3 \u00f6vl\u00e1ncszem: 5 sz\u00edn, keverd \u00e9s p\u00e1ros\u00edtsd egyedi mint\u00e1k l\u00e9trehoz\u00e1s\u00e1hoz.<\/p>\n","protected":false},"featured_media":29148,"template":"","meta":{"_acf_changed":false},"product_brand":[11267],"product_cat":[12934,12937],"product_tag":[],"class_list":{"0":"post-43975","1":"product","2":"type-product","3":"status-publish","4":"has-post-thumbnail","6":"product_brand-doublealpha","7":"product_cat-felszereles","8":"product_cat-sport-oevek","10":"first","11":"instock","12":"taxable","13":"shipping-taxable","14":"purchasable","15":"product-type-variable","16":"wvs-archive-product-wrapper"},"acf":[],"_links":{"self":[{"href":"https:\/\/staging.nbg.eu\/hu\/wp-json\/wp\/v2\/product\/43975","targetHints":{"allow":["GET"]}}],"collection":[{"href":"https:\/\/staging.nbg.eu\/hu\/wp-json\/wp\/v2\/product"}],"about":[{"href":"https:\/\/staging.nbg.eu\/hu\/wp-json\/wp\/v2\/types\/product"}],"wp:featuredmedia":[{"embeddable":true,"href":"https:\/\/staging.nbg.eu\/hu\/wp-json\/wp\/v2\/media\/29148"}],"wp:attachment":[{"href":"https:\/\/staging.nbg.eu\/hu\/wp-json\/wp\/v2\/media?parent=43975"}],"wp:term":[{"taxonomy":"product_brand","embeddable":true,"href":"https:\/\/staging.nbg.eu\/hu\/wp-json\/wp\/v2\/product_brand?post=43975"},{"taxonomy":"product_cat","embeddable":true,"href":"https:\/\/staging.nbg.eu\/hu\/wp-json\/wp\/v2\/product_cat?post=43975"},{"taxonomy":"product_tag","embeddable":true,"href":"https:\/\/staging.nbg.eu\/hu\/wp-json\/wp\/v2\/product_tag?post=43975"}],"curies":[{"name":"wp","href":"https:\/\/api.w.org\/{rel}","templated":true}]}}