{"id":43807,"date":"2024-08-18T19:43:56","date_gmt":"2024-09-09T15:34:54","guid":{"rendered":"https:\/\/staging.nbg.eu\/product\/alpha-xi-pouch-inlay\/"},"modified":"2024-09-09T15:35:51","modified_gmt":"2024-09-09T15:35:51","slug":"alpha-xi-tok-betet","status":"publish","type":"product","link":"https:\/\/staging.nbg.eu\/hu\/termek\/alpha-xi-tok-betet\/","title":{"rendered":"Alpha-Xi Tok Bet\u00e9t"},"content":{"rendered":"<div class=\"product-description\">\n<h2>Alpha-Xi Tasak Bet\u00e9t K\u00e9szlet<\/h2>\n<p>Fokozza Alpha-Xi Tasakj\u00e1t egyedi illeszked\u00e9s\u0171 bet\u00e9t k\u00e9szlet\u00fcnkkel, amely v\u00e1laszthat\u00f3 sz\u00ednekben el\u00e9rhet\u0151. Ezeket a prec\u00edzi\u00f3s v\u00e1g\u00e1s\u00fa bet\u00e9teket \u00fagy tervezt\u00fck, hogy t\u00f6k\u00e9letesen illeszkedjenek az Alpha-Xi Tasak test minden zseb\u00e9hez.<\/p>\n<ul>\n<li>Teljes k\u00e9szlet minden zsebhez<\/li>\n<li>K\u00f6nny\u0171 felhelyez\u00e9s 3M ragaszt\u00f3s h\u00e1tlappal<\/li>\n<li>V\u00e9d\u0151f\u00f3lia az el\u00fcls\u0151 oldalon a karcol\u00e1s\u00e1ll\u00f3s\u00e1g \u00e9rdek\u00e9ben<\/li>\n<li>Elt\u00e1vol\u00edthat\u00f3 (\u00f3vatosan) a hozz\u00e1f\u00e9r\u00e9si lyukakon kereszt\u00fcl<\/li>\n<\/ul>\n<p>A felszerel\u00e9s egyszer\u0171: t\u00f6rje ki a darabokat, t\u00e1vol\u00edtsa el a v\u00e9d\u0151f\u00f3li\u00e1kat, \u00e9s \u00f3vatosan helyezze a megfelel\u0151 zsebekbe. A legjobb eredm\u00e9ny \u00e9rdek\u00e9ben pr\u00f3b\u00e1lja ki az illeszked\u00e9st a ragaszt\u00f3s h\u00e1tlap elt\u00e1vol\u00edt\u00e1sa el\u0151tt. Megjegyz\u00e9s: Ne helyezze be a goly\u00f3s csukl\u00f3 r\u00f6gz\u00edt\u00e9s\u00e9re sz\u00e1nt zsebbe.<\/p>\n<p><strong>Figyelem:<\/strong> A bet\u00e9tek elt\u00e1vol\u00edt\u00e1s k\u00f6zben elt\u00f6rhetnek. J\u00e1rjon el k\u00f6r\u00fcltekint\u0151en az Alpha-Xi Tasak testreszab\u00e1sakor.<\/p>\n<\/div>\n","protected":false},"excerpt":{"rendered":"<p>Alpha-Xi tasak bet\u00e9tek: Egyedi illeszked\u00e9s\u0171 bet\u00e9tek a jobb rendszerez\u00e9s \u00e9rdek\u00e9ben.<\/p>\n","protected":false},"featured_media":37429,"template":"","meta":{"_acf_changed":false},"product_brand":[11267],"product_cat":[12934,12959,12954,12921],"product_tag":[],"class_list":{"0":"post-43807","1":"product","2":"type-product","3":"status-publish","4":"has-post-thumbnail","6":"product_brand-doublealpha","7":"product_cat-felszereles","8":"product_cat-sport-tok","9":"product_cat-tok-kiegeszitok","10":"product_cat-tokk","12":"first","13":"instock","14":"taxable","15":"shipping-taxable","16":"purchasable","17":"product-type-variable","18":"wvs-archive-product-wrapper"},"acf":[],"_links":{"self":[{"href":"https:\/\/staging.nbg.eu\/hu\/wp-json\/wp\/v2\/product\/43807","targetHints":{"allow":["GET"]}}],"collection":[{"href":"https:\/\/staging.nbg.eu\/hu\/wp-json\/wp\/v2\/product"}],"about":[{"href":"https:\/\/staging.nbg.eu\/hu\/wp-json\/wp\/v2\/types\/product"}],"wp:featuredmedia":[{"embeddable":true,"href":"https:\/\/staging.nbg.eu\/hu\/wp-json\/wp\/v2\/media\/37429"}],"wp:attachment":[{"href":"https:\/\/staging.nbg.eu\/hu\/wp-json\/wp\/v2\/media?parent=43807"}],"wp:term":[{"taxonomy":"product_brand","embeddable":true,"href":"https:\/\/staging.nbg.eu\/hu\/wp-json\/wp\/v2\/product_brand?post=43807"},{"taxonomy":"product_cat","embeddable":true,"href":"https:\/\/staging.nbg.eu\/hu\/wp-json\/wp\/v2\/product_cat?post=43807"},{"taxonomy":"product_tag","embeddable":true,"href":"https:\/\/staging.nbg.eu\/hu\/wp-json\/wp\/v2\/product_tag?post=43807"}],"curies":[{"name":"wp","href":"https:\/\/api.w.org\/{rel}","templated":true}]}}