{"id":414865,"date":"2025-07-03T13:21:05","date_gmt":"2025-07-03T10:21:05","guid":{"rendered":"https:\/\/staging.nbg.eu\/product\/grip-kmr-l-dotmatrix-ergo-orange\/"},"modified":"2025-07-03T13:23:14","modified_gmt":"2025-07-03T10:23:14","slug":"markolat-kmr-l-dotmatrix-ergo-narancs","status":"publish","type":"product","link":"https:\/\/staging.nbg.eu\/hu\/termek\/markolat-kmr-l-dotmatrix-ergo-narancs\/","title":{"rendered":"Markolat KMR L DOTMATRIX ERGO NARANCS"},"content":{"rendered":"<div class=\"product-description\">\n<h2>Markolat KMR L DOTMATRIX ERGO NARANCSS\u00c1RGA<\/h2>\n<p>A KMR Precision Arms DOTMATRIX ERGO markolat jellemz\u0151i:<\/p>\n<ul>\n<li>Ergonomikus teny\u00e9rt\u00e1masz a k\u00e9nyelem \u00e9rdek\u00e9ben<\/li>\n<li>Narancss\u00e1rga sz\u00edn a jobb l\u00e1that\u00f3s\u00e1g\u00e9rt<\/li>\n<li>T\u00e1rt\u00f6lcs\u00e9r n\u00e9lk\u00fcli kialak\u00edt\u00e1s a sokoldal\u00fas\u00e1g \u00e9rdek\u00e9ben<\/li>\n<li>Prec\u00edzi\u00f3s gy\u00e1rt\u00e1s a teljes\u00edtm\u00e9ny \u00e9rdek\u00e9ben<\/li>\n<\/ul>\n<p>Referencia: 0611-04001-0105<\/p>\n<\/div>\n","protected":false},"excerpt":{"rendered":"<p>Ergonomikus alum\u00ednium markolatok teny\u00e9rt\u00e1masszal KMR pisztolyokhoz.<\/p>\n","protected":false},"featured_media":359474,"template":"","meta":{"_acf_changed":false},"product_brand":[11502],"product_cat":[12919,12968],"product_tag":[],"class_list":{"0":"post-414865","1":"product","2":"type-product","3":"status-publish","4":"has-post-thumbnail","6":"product_brand-kmr-precision","7":"product_cat-kmr-alkatreszek","8":"product_cat-pisztoly-alkatreszek","10":"first","11":"instock","12":"taxable","13":"shipping-taxable","14":"purchasable","15":"product-type-simple"},"acf":[],"_links":{"self":[{"href":"https:\/\/staging.nbg.eu\/hu\/wp-json\/wp\/v2\/product\/414865","targetHints":{"allow":["GET"]}}],"collection":[{"href":"https:\/\/staging.nbg.eu\/hu\/wp-json\/wp\/v2\/product"}],"about":[{"href":"https:\/\/staging.nbg.eu\/hu\/wp-json\/wp\/v2\/types\/product"}],"wp:featuredmedia":[{"embeddable":true,"href":"https:\/\/staging.nbg.eu\/hu\/wp-json\/wp\/v2\/media\/359474"}],"wp:attachment":[{"href":"https:\/\/staging.nbg.eu\/hu\/wp-json\/wp\/v2\/media?parent=414865"}],"wp:term":[{"taxonomy":"product_brand","embeddable":true,"href":"https:\/\/staging.nbg.eu\/hu\/wp-json\/wp\/v2\/product_brand?post=414865"},{"taxonomy":"product_cat","embeddable":true,"href":"https:\/\/staging.nbg.eu\/hu\/wp-json\/wp\/v2\/product_cat?post=414865"},{"taxonomy":"product_tag","embeddable":true,"href":"https:\/\/staging.nbg.eu\/hu\/wp-json\/wp\/v2\/product_tag?post=414865"}],"curies":[{"name":"wp","href":"https:\/\/api.w.org\/{rel}","templated":true}]}}