{"id":414758,"date":"2025-05-14T22:52:38","date_gmt":"2025-05-14T19:52:38","guid":{"rendered":"https:\/\/staging.nbg.eu\/product\/grip-kmr-s-dotmatrix-ergo-black\/"},"modified":"2025-07-03T13:18:17","modified_gmt":"2025-07-03T10:18:17","slug":"markolat-kmr-s-dotmatrix-ergo-fekete","status":"publish","type":"product","link":"https:\/\/staging.nbg.eu\/hu\/termek\/markolat-kmr-s-dotmatrix-ergo-fekete\/","title":{"rendered":"Markolat KMR S DOTMATRIX ERGO FEKETE"},"content":{"rendered":"<div class=\"product-description\">\n<h2>Markolat KMR S DOTMATRIX ERGO FEKETE<\/h2>\n<p>Duralumin markolatok golflabda mint\u00e1zattal a jobb fog\u00e1s \u00e9rdek\u00e9ben. Kompatibilis a KMR S-01 LANCE (OR), KMR S-02 (2023-ig), \u00e9s egyes CZ modellekkel, bele\u00e9rtve a Shadow 1, Shadow 2, \u00e9s SP-01 t\u00edpusokat.<\/p>\n<p>Referencia: 0611-03001-0101<\/p>\n<p>M\u00e1rka: KMR Precision Arms<\/p>\n<\/div>\n","protected":false},"excerpt":{"rendered":"<p>Ergonomikus, d\u00faralum\u00edniumb\u00f3l k\u00e9sz\u00fclt markolat golflabda mint\u00e1zattal a biztos fog\u00e1s \u00e9rdek\u00e9ben. KMR \u00e9s CZ pisztolyokhoz illeszkedik.<\/p>\n","protected":false},"featured_media":359497,"template":"","meta":{"_acf_changed":false},"product_brand":[11502],"product_cat":[12919,12968],"product_tag":[],"class_list":{"0":"post-414758","1":"product","2":"type-product","3":"status-publish","4":"has-post-thumbnail","6":"product_brand-kmr-precision","7":"product_cat-kmr-alkatreszek","8":"product_cat-pisztoly-alkatreszek","10":"first","11":"instock","12":"taxable","13":"shipping-taxable","14":"purchasable","15":"product-type-simple"},"acf":[],"_links":{"self":[{"href":"https:\/\/staging.nbg.eu\/hu\/wp-json\/wp\/v2\/product\/414758","targetHints":{"allow":["GET"]}}],"collection":[{"href":"https:\/\/staging.nbg.eu\/hu\/wp-json\/wp\/v2\/product"}],"about":[{"href":"https:\/\/staging.nbg.eu\/hu\/wp-json\/wp\/v2\/types\/product"}],"wp:featuredmedia":[{"embeddable":true,"href":"https:\/\/staging.nbg.eu\/hu\/wp-json\/wp\/v2\/media\/359497"}],"wp:attachment":[{"href":"https:\/\/staging.nbg.eu\/hu\/wp-json\/wp\/v2\/media?parent=414758"}],"wp:term":[{"taxonomy":"product_brand","embeddable":true,"href":"https:\/\/staging.nbg.eu\/hu\/wp-json\/wp\/v2\/product_brand?post=414758"},{"taxonomy":"product_cat","embeddable":true,"href":"https:\/\/staging.nbg.eu\/hu\/wp-json\/wp\/v2\/product_cat?post=414758"},{"taxonomy":"product_tag","embeddable":true,"href":"https:\/\/staging.nbg.eu\/hu\/wp-json\/wp\/v2\/product_tag?post=414758"}],"curies":[{"name":"wp","href":"https:\/\/api.w.org\/{rel}","templated":true}]}}