{"id":414619,"date":"2025-07-03T12:33:34","date_gmt":"2025-07-03T09:33:34","guid":{"rendered":"https:\/\/staging.nbg.eu\/product\/grips-kmr-w-dotmatrix-black\/"},"modified":"2025-07-03T12:36:08","modified_gmt":"2025-07-03T09:36:08","slug":"markolatok-kmr-w-dotmatrix-fekete","status":"publish","type":"product","link":"https:\/\/staging.nbg.eu\/hu\/termek\/markolatok-kmr-w-dotmatrix-fekete\/","title":{"rendered":"MARKOLATOK KMR W DOTMATRIX FEKETE"},"content":{"rendered":"<div class=\"product-description\">\n<h2>GRIPS KMR W DOTMATRIX FEKETE<\/h2>\n<p>KMR pisztolymarkolat duralumin anyagb\u00f3l. Golfladbda mint\u00e1zat\u00fa fel\u00fclet a jobb fog\u00e1s \u00e9rdek\u00e9ben. Alkalmas megl\u00e9v\u0151 pisztolyok fejleszt\u00e9s\u00e9re vagy versenyfegyverek \u00e9p\u00edt\u00e9s\u00e9re. Jellemz\u0151k:<\/p>\n<ul>\n<li>Hossz\u00fa m\u00e9ret<\/li>\n<li>Elox\u00e1lt duralumin<\/li>\n<li>T\u00e1rvezet\u0151 n\u00e9lk\u00fcl<\/li>\n<li>Torx csavarokkal<\/li>\n<li>KMR log\u00f3val<\/li>\n<\/ul>\n<p>Kompatibilis a KMR W-02 CUDA (2023-ig), UMBRA \u00e9s UMBRA (OR) modellekkel.<\/p>\n<\/div>\n","protected":false},"excerpt":{"rendered":"<p>Tart\u00f3s duralumin markolatok golflabda-text\u00far\u00e1val KMR pisztolyokhoz.<\/p>\n","protected":false},"featured_media":359336,"template":"","meta":{"_acf_changed":false},"product_brand":[11502],"product_cat":[12919,12968],"product_tag":[],"class_list":{"0":"post-414619","1":"product","2":"type-product","3":"status-publish","4":"has-post-thumbnail","6":"product_brand-kmr-precision","7":"product_cat-kmr-alkatreszek","8":"product_cat-pisztoly-alkatreszek","10":"first","11":"instock","12":"taxable","13":"shipping-taxable","14":"purchasable","15":"product-type-simple"},"acf":[],"_links":{"self":[{"href":"https:\/\/staging.nbg.eu\/hu\/wp-json\/wp\/v2\/product\/414619","targetHints":{"allow":["GET"]}}],"collection":[{"href":"https:\/\/staging.nbg.eu\/hu\/wp-json\/wp\/v2\/product"}],"about":[{"href":"https:\/\/staging.nbg.eu\/hu\/wp-json\/wp\/v2\/types\/product"}],"wp:featuredmedia":[{"embeddable":true,"href":"https:\/\/staging.nbg.eu\/hu\/wp-json\/wp\/v2\/media\/359336"}],"wp:attachment":[{"href":"https:\/\/staging.nbg.eu\/hu\/wp-json\/wp\/v2\/media?parent=414619"}],"wp:term":[{"taxonomy":"product_brand","embeddable":true,"href":"https:\/\/staging.nbg.eu\/hu\/wp-json\/wp\/v2\/product_brand?post=414619"},{"taxonomy":"product_cat","embeddable":true,"href":"https:\/\/staging.nbg.eu\/hu\/wp-json\/wp\/v2\/product_cat?post=414619"},{"taxonomy":"product_tag","embeddable":true,"href":"https:\/\/staging.nbg.eu\/hu\/wp-json\/wp\/v2\/product_tag?post=414619"}],"curies":[{"name":"wp","href":"https:\/\/api.w.org\/{rel}","templated":true}]}}