{"id":414504,"date":"2025-07-03T12:08:23","date_gmt":"2025-07-03T09:08:23","guid":{"rendered":"https:\/\/staging.nbg.eu\/product\/grips-kmr-w-dotmatrix-ergo-black\/"},"modified":"2025-07-03T12:10:56","modified_gmt":"2025-07-03T09:10:56","slug":"markolatok-kmr-w-dotmatrix-ergo-fekete","status":"publish","type":"product","link":"https:\/\/staging.nbg.eu\/hu\/termek\/markolatok-kmr-w-dotmatrix-ergo-fekete\/","title":{"rendered":"MARKOLATOK KMR W DOTMATRIX ERGO FEKETE"},"content":{"rendered":"<div class=\"product-description\">\n<h2>GRIPS KMR W DOTMATRIX ERGO FEKETE<\/h2>\n<p>KMR pisztoly\u00e1hoz val\u00f3 duralumin markolat golf labda mint\u00e1zattal. Alkalmas fejleszt\u00e9sekhez vagy versenyekhez. Kompatibilis a KMR W-02 CUDA (2023-ig), UMBRA \u00e9s UMBRA (OR) modellekkel.<\/p>\n<p><strong>Cikksz\u00e1m:<\/strong> 0611-03305-0101<\/p>\n<p><strong>M\u00e1rka:<\/strong> KMR Precision Arms<\/p>\n<\/div>\n","protected":false},"excerpt":{"rendered":"<p>Tart\u00f3s, golfmint\u00e1s markolatok KMR pisztolyokhoz.<\/p>\n","protected":false},"featured_media":359359,"template":"","meta":{"_acf_changed":false},"product_brand":[11502],"product_cat":[12919,12968],"product_tag":[],"class_list":{"0":"post-414504","1":"product","2":"type-product","3":"status-publish","4":"has-post-thumbnail","6":"product_brand-kmr-precision","7":"product_cat-kmr-alkatreszek","8":"product_cat-pisztoly-alkatreszek","10":"first","11":"instock","12":"taxable","13":"shipping-taxable","14":"purchasable","15":"product-type-simple"},"acf":[],"_links":{"self":[{"href":"https:\/\/staging.nbg.eu\/hu\/wp-json\/wp\/v2\/product\/414504","targetHints":{"allow":["GET"]}}],"collection":[{"href":"https:\/\/staging.nbg.eu\/hu\/wp-json\/wp\/v2\/product"}],"about":[{"href":"https:\/\/staging.nbg.eu\/hu\/wp-json\/wp\/v2\/types\/product"}],"wp:featuredmedia":[{"embeddable":true,"href":"https:\/\/staging.nbg.eu\/hu\/wp-json\/wp\/v2\/media\/359359"}],"wp:attachment":[{"href":"https:\/\/staging.nbg.eu\/hu\/wp-json\/wp\/v2\/media?parent=414504"}],"wp:term":[{"taxonomy":"product_brand","embeddable":true,"href":"https:\/\/staging.nbg.eu\/hu\/wp-json\/wp\/v2\/product_brand?post=414504"},{"taxonomy":"product_cat","embeddable":true,"href":"https:\/\/staging.nbg.eu\/hu\/wp-json\/wp\/v2\/product_cat?post=414504"},{"taxonomy":"product_tag","embeddable":true,"href":"https:\/\/staging.nbg.eu\/hu\/wp-json\/wp\/v2\/product_tag?post=414504"}],"curies":[{"name":"wp","href":"https:\/\/api.w.org\/{rel}","templated":true}]}}