{"id":411870,"date":"2025-05-14T22:52:06","date_gmt":"2025-05-14T19:52:06","guid":{"rendered":"https:\/\/staging.nbg.eu\/product\/grips-kmr-w-dotmatrix-ergo-orange\/"},"modified":"2025-07-01T17:42:38","modified_gmt":"2025-07-01T14:42:38","slug":"markolatok-kmr-w-dotmatrix-ergo-narancs","status":"publish","type":"product","link":"https:\/\/staging.nbg.eu\/hu\/termek\/markolatok-kmr-w-dotmatrix-ergo-narancs\/","title":{"rendered":"MARKOLATOK KMR W DOTMATRIX ERGO NARANCS"},"content":{"rendered":"<div class=\"product-description\">\n<h2>KMR W DOTMATRIX ERGO MARKOLAT NARANCSS\u00c1RGA<\/h2>\n<p>Duralumin markolat KMR pisztolyhoz, golf labda mint\u00e1zattal. Kompatibilis a KMR W-02 CUDA (2023-ig), UMBRA \u00e9s UMBRA (OR) modellekkel.<\/p>\n<p><strong>Cikksz\u00e1m:<\/strong> 0611-03305-0101<\/p>\n<\/div>\n","protected":false},"excerpt":{"rendered":"<p>Ergonomikus narancss\u00e1rga markolat p\u00f6tty\u00f6z\u00f6tt mint\u00e1zattal KMR pisztolyokhoz.<\/p>\n","protected":false},"featured_media":359382,"template":"","meta":{"_acf_changed":false},"product_brand":[11502],"product_cat":[12919,12968],"product_tag":[],"class_list":{"0":"post-411870","1":"product","2":"type-product","3":"status-publish","4":"has-post-thumbnail","6":"product_brand-kmr-precision","7":"product_cat-kmr-alkatreszek","8":"product_cat-pisztoly-alkatreszek","10":"first","11":"outofstock","12":"taxable","13":"shipping-taxable","14":"purchasable","15":"product-type-simple"},"acf":[],"_links":{"self":[{"href":"https:\/\/staging.nbg.eu\/hu\/wp-json\/wp\/v2\/product\/411870","targetHints":{"allow":["GET"]}}],"collection":[{"href":"https:\/\/staging.nbg.eu\/hu\/wp-json\/wp\/v2\/product"}],"about":[{"href":"https:\/\/staging.nbg.eu\/hu\/wp-json\/wp\/v2\/types\/product"}],"wp:featuredmedia":[{"embeddable":true,"href":"https:\/\/staging.nbg.eu\/hu\/wp-json\/wp\/v2\/media\/359382"}],"wp:attachment":[{"href":"https:\/\/staging.nbg.eu\/hu\/wp-json\/wp\/v2\/media?parent=411870"}],"wp:term":[{"taxonomy":"product_brand","embeddable":true,"href":"https:\/\/staging.nbg.eu\/hu\/wp-json\/wp\/v2\/product_brand?post=411870"},{"taxonomy":"product_cat","embeddable":true,"href":"https:\/\/staging.nbg.eu\/hu\/wp-json\/wp\/v2\/product_cat?post=411870"},{"taxonomy":"product_tag","embeddable":true,"href":"https:\/\/staging.nbg.eu\/hu\/wp-json\/wp\/v2\/product_tag?post=411870"}],"curies":[{"name":"wp","href":"https:\/\/api.w.org\/{rel}","templated":true}]}}