{"id":411652,"date":"2025-07-01T17:24:44","date_gmt":"2025-07-01T14:24:44","guid":{"rendered":"https:\/\/staging.nbg.eu\/product\/grips-kmr-w-dotmatrix-ergo-silver\/"},"modified":"2025-07-01T17:27:20","modified_gmt":"2025-07-01T14:27:20","slug":"markolatok-kmr-w-dotmatrix-ergo-ezust","status":"publish","type":"product","link":"https:\/\/staging.nbg.eu\/hu\/termek\/markolatok-kmr-w-dotmatrix-ergo-ezust\/","title":{"rendered":"MARKOLATOK KMR W DOTMATRIX ERGO EZUST"},"content":{"rendered":"<div class=\"product-description\">\n<h2>GRIPS KMR W DOTMATRIX ERGO EZ\u00dcST<\/h2>\n<p>Ezek a duralumin markolatok a KMR pisztolyhoz k\u00e9sz\u00fcltek. A golf labda mint\u00e1zat biztos\u00edtja a fog\u00e1st. Alkalmas fejleszt\u00e9sekhez vagy versenyekhez.<\/p>\n<ul>\n<li>Referencia: 0611-03305-0101<\/li>\n<li>M\u00e1rka: KMR Precision Arms<\/li>\n<li>Kompatibilis: KMR W-02 CUDA, UMBRA \u00e9s UMBRA (OR) modellekkel<\/li>\n<\/ul>\n<\/div>\n","protected":false},"excerpt":{"rendered":"<p>Ergonomikus duralumin markolatok golflabda mint\u00e1zattal KMR pisztolyokhoz. Biztos fog\u00e1s b\u00e1rmilyen helyzetben.<\/p>\n","protected":false},"featured_media":359428,"template":"","meta":{"_acf_changed":false},"product_brand":[11502],"product_cat":[12919,12968],"product_tag":[],"class_list":{"0":"post-411652","1":"product","2":"type-product","3":"status-publish","4":"has-post-thumbnail","6":"product_brand-kmr-precision","7":"product_cat-kmr-alkatreszek","8":"product_cat-pisztoly-alkatreszek","10":"first","11":"instock","12":"taxable","13":"shipping-taxable","14":"purchasable","15":"product-type-simple"},"acf":[],"_links":{"self":[{"href":"https:\/\/staging.nbg.eu\/hu\/wp-json\/wp\/v2\/product\/411652","targetHints":{"allow":["GET"]}}],"collection":[{"href":"https:\/\/staging.nbg.eu\/hu\/wp-json\/wp\/v2\/product"}],"about":[{"href":"https:\/\/staging.nbg.eu\/hu\/wp-json\/wp\/v2\/types\/product"}],"wp:featuredmedia":[{"embeddable":true,"href":"https:\/\/staging.nbg.eu\/hu\/wp-json\/wp\/v2\/media\/359428"}],"wp:attachment":[{"href":"https:\/\/staging.nbg.eu\/hu\/wp-json\/wp\/v2\/media?parent=411652"}],"wp:term":[{"taxonomy":"product_brand","embeddable":true,"href":"https:\/\/staging.nbg.eu\/hu\/wp-json\/wp\/v2\/product_brand?post=411652"},{"taxonomy":"product_cat","embeddable":true,"href":"https:\/\/staging.nbg.eu\/hu\/wp-json\/wp\/v2\/product_cat?post=411652"},{"taxonomy":"product_tag","embeddable":true,"href":"https:\/\/staging.nbg.eu\/hu\/wp-json\/wp\/v2\/product_tag?post=411652"}],"curies":[{"name":"wp","href":"https:\/\/api.w.org\/{rel}","templated":true}]}}