{"id":411542,"date":"2025-07-01T17:17:33","date_gmt":"2025-07-01T14:17:33","guid":{"rendered":"https:\/\/staging.nbg.eu\/product\/grips-kmr-w-dotmatrix-silver\/"},"modified":"2025-07-01T17:20:06","modified_gmt":"2025-07-01T14:20:06","slug":"markolatok-kmr-w-dotmatrix-ezust","status":"publish","type":"product","link":"https:\/\/staging.nbg.eu\/hu\/termek\/markolatok-kmr-w-dotmatrix-ezust\/","title":{"rendered":"# MARKOLATOK KMR W DOTMATRIX EZUST"},"content":{"rendered":"<div class=\"product-description\">\n<h2>GRIPS KMR W DOTMATRIX EZ\u00dcST<\/h2>\n<p>Duralumin markolat KMR pisztolyhoz. Golf labda mint\u00e1zat\u00fa fel\u00fclet. Kompatibilis a KMR W-02 CUDA (2023-ig), UMBRA \u00e9s UMBRA (OR) modellekkel.<\/p>\n<ul>\n<li>Hivatkoz\u00e1si sz\u00e1m: 0611-03301-0102<\/li>\n<li>M\u00e1rka: KMR Precision Arms<\/li>\n<li>Anyag: Duralumin<\/li>\n<\/ul>\n<\/div>\n","protected":false},"excerpt":{"rendered":"<p>Textur\u00e1lt duralumin markolatok KMR pisztolyokhoz. A golfLabda minta biztos fog\u00e1st biztos\u00edt minden helyzetben.<\/p>\n","protected":false},"featured_media":359451,"template":"","meta":{"_acf_changed":false},"product_brand":[11502],"product_cat":[12919,12968],"product_tag":[],"class_list":{"0":"post-411542","1":"product","2":"type-product","3":"status-publish","4":"has-post-thumbnail","6":"product_brand-kmr-precision","7":"product_cat-kmr-alkatreszek","8":"product_cat-pisztoly-alkatreszek","10":"first","11":"instock","12":"taxable","13":"shipping-taxable","14":"purchasable","15":"product-type-simple"},"acf":[],"_links":{"self":[{"href":"https:\/\/staging.nbg.eu\/hu\/wp-json\/wp\/v2\/product\/411542","targetHints":{"allow":["GET"]}}],"collection":[{"href":"https:\/\/staging.nbg.eu\/hu\/wp-json\/wp\/v2\/product"}],"about":[{"href":"https:\/\/staging.nbg.eu\/hu\/wp-json\/wp\/v2\/types\/product"}],"wp:featuredmedia":[{"embeddable":true,"href":"https:\/\/staging.nbg.eu\/hu\/wp-json\/wp\/v2\/media\/359451"}],"wp:attachment":[{"href":"https:\/\/staging.nbg.eu\/hu\/wp-json\/wp\/v2\/media?parent=411542"}],"wp:term":[{"taxonomy":"product_brand","embeddable":true,"href":"https:\/\/staging.nbg.eu\/hu\/wp-json\/wp\/v2\/product_brand?post=411542"},{"taxonomy":"product_cat","embeddable":true,"href":"https:\/\/staging.nbg.eu\/hu\/wp-json\/wp\/v2\/product_cat?post=411542"},{"taxonomy":"product_tag","embeddable":true,"href":"https:\/\/staging.nbg.eu\/hu\/wp-json\/wp\/v2\/product_tag?post=411542"}],"curies":[{"name":"wp","href":"https:\/\/api.w.org\/{rel}","templated":true}]}}