{"id":411434,"date":"2025-07-01T17:09:45","date_gmt":"2025-07-01T14:09:45","guid":{"rendered":"https:\/\/staging.nbg.eu\/product\/grips-kmr-w-modular-sandpaper-black\/"},"modified":"2025-07-01T17:12:18","modified_gmt":"2025-07-01T14:12:18","slug":"markolat-kmr-w-modularis-csiszolopapir-fekete","status":"publish","type":"product","link":"https:\/\/staging.nbg.eu\/hu\/termek\/markolat-kmr-w-modularis-csiszolopapir-fekete\/","title":{"rendered":"MARKOLAT KMR W MODUL\u00c1RIS CSISZOL\u00d3PAP\u00cdR FEKETE"},"content":{"rendered":"<h2>GRIPS KMR W MODUL\u00c1RIS CSISZOL\u00d3PAP\u00cdR FEKETE<\/h2>\n<p>A KMR W Modul\u00e1ris Csiszol\u00f3pap\u00edr Fekete jav\u00edtja a fegyver markolat\u00e1t. Ez a hossz\u00fa, elox\u00e1lt duralumin markolat jobb ir\u00e1ny\u00edt\u00e1st \u00e9s k\u00e9nyelmet biztos\u00edt magazinvezet\u0151 n\u00e9lk\u00fcl. KMR log\u00f3val ell\u00e1tott, modul\u00e1ris kialak\u00edt\u00e1s\u00fa, ami lehet\u0151v\u00e9 teszi a testreszab\u00e1st. A be\u00e9p\u00edt\u00e9s egyszer\u0171 a mell\u00e9kelt torx csavarokkal.<\/p>\n<ul>\n<li>M\u00e9ret: Hossz\u00fa<\/li>\n<li>Anyag: Elox\u00e1lt duralumin<\/li>\n<li>Haszn\u00e1lat: Magazinvezet\u0151 n\u00e9lk\u00fcl<\/li>\n<li>Tartalmaz: Torx csavarokat<\/li>\n<li>Log\u00f3: KMR<\/li>\n<\/ul>\n<p><strong>Referencia:<\/strong> 0611-03304-0101<\/p>\n","protected":false},"excerpt":{"rendered":"<p>Hossz\u00fa, tart\u00f3s, elox\u00e1lt duralum\u00ednium markolat.<\/p>\n","protected":false},"featured_media":359272,"template":"","meta":{"_acf_changed":false},"product_brand":[11502],"product_cat":[12919,12968],"product_tag":[],"class_list":{"0":"post-411434","1":"product","2":"type-product","3":"status-publish","4":"has-post-thumbnail","6":"product_brand-kmr-precision","7":"product_cat-kmr-alkatreszek","8":"product_cat-pisztoly-alkatreszek","10":"first","11":"instock","12":"taxable","13":"shipping-taxable","14":"purchasable","15":"product-type-simple"},"acf":[],"_links":{"self":[{"href":"https:\/\/staging.nbg.eu\/hu\/wp-json\/wp\/v2\/product\/411434","targetHints":{"allow":["GET"]}}],"collection":[{"href":"https:\/\/staging.nbg.eu\/hu\/wp-json\/wp\/v2\/product"}],"about":[{"href":"https:\/\/staging.nbg.eu\/hu\/wp-json\/wp\/v2\/types\/product"}],"wp:featuredmedia":[{"embeddable":true,"href":"https:\/\/staging.nbg.eu\/hu\/wp-json\/wp\/v2\/media\/359272"}],"wp:attachment":[{"href":"https:\/\/staging.nbg.eu\/hu\/wp-json\/wp\/v2\/media?parent=411434"}],"wp:term":[{"taxonomy":"product_brand","embeddable":true,"href":"https:\/\/staging.nbg.eu\/hu\/wp-json\/wp\/v2\/product_brand?post=411434"},{"taxonomy":"product_cat","embeddable":true,"href":"https:\/\/staging.nbg.eu\/hu\/wp-json\/wp\/v2\/product_cat?post=411434"},{"taxonomy":"product_tag","embeddable":true,"href":"https:\/\/staging.nbg.eu\/hu\/wp-json\/wp\/v2\/product_tag?post=411434"}],"curies":[{"name":"wp","href":"https:\/\/api.w.org\/{rel}","templated":true}]}}