{"id":411324,"date":"2025-07-01T17:00:36","date_gmt":"2025-07-01T14:00:36","guid":{"rendered":"https:\/\/staging.nbg.eu\/product\/grips-kmr-w-modular-sandpaper-titan\/"},"modified":"2025-07-01T17:03:10","modified_gmt":"2025-07-01T14:03:10","slug":"markolat-kmr-w-modularis-csiszolopapir-titan","status":"publish","type":"product","link":"https:\/\/staging.nbg.eu\/hu\/termek\/markolat-kmr-w-modularis-csiszolopapir-titan\/","title":{"rendered":"MARKOLAT KMR W MODUL\u00c1RIS CSISZOL\u00d3PAP\u00cdR TIT\u00c1N"},"content":{"rendered":"<h2>GRIPS KMR W MODULAR CSISZOL\u00d3PAP\u00cdR TITAN<\/h2>\n<p>Jav\u00edtsa fegyvere markolat\u00e1t a GRIPS KMR W MODULAR CSISZOL\u00d3PAP\u00cdR TITAN-nal. Ez a hossz\u00fa markolat elox\u00e1lt duralum\u00edniumb\u00f3l k\u00e9sz\u00fcl. T\u00e1r-vezet\u0151elem n\u00e9lk\u00fcli haszn\u00e1latra tervezt\u00e9k, \u00e9s testreszabhat\u00f3 fog\u00e1st biztos\u00edt. A csomag torx csavarokat tartalmaz a felszerel\u00e9shez. A markolaton megtal\u00e1lhat\u00f3 a KMR log\u00f3.<\/p>\n<p><strong>Cikksz\u00e1m:<\/strong> 0611-03304-0101<\/p>\n","protected":false},"excerpt":{"rendered":"<p>Hossz\u00fa, tart\u00f3s KMR markolat. Elox\u00e1lt duralum\u00ednium.<\/p>\n","protected":false},"featured_media":359296,"template":"","meta":{"_acf_changed":false},"product_brand":[11502],"product_cat":[12919,12968],"product_tag":[],"class_list":{"0":"post-411324","1":"product","2":"type-product","3":"status-publish","4":"has-post-thumbnail","6":"product_brand-kmr-precision","7":"product_cat-kmr-alkatreszek","8":"product_cat-pisztoly-alkatreszek","10":"first","11":"instock","12":"taxable","13":"shipping-taxable","14":"purchasable","15":"product-type-simple"},"acf":[],"_links":{"self":[{"href":"https:\/\/staging.nbg.eu\/hu\/wp-json\/wp\/v2\/product\/411324","targetHints":{"allow":["GET"]}}],"collection":[{"href":"https:\/\/staging.nbg.eu\/hu\/wp-json\/wp\/v2\/product"}],"about":[{"href":"https:\/\/staging.nbg.eu\/hu\/wp-json\/wp\/v2\/types\/product"}],"wp:featuredmedia":[{"embeddable":true,"href":"https:\/\/staging.nbg.eu\/hu\/wp-json\/wp\/v2\/media\/359296"}],"wp:attachment":[{"href":"https:\/\/staging.nbg.eu\/hu\/wp-json\/wp\/v2\/media?parent=411324"}],"wp:term":[{"taxonomy":"product_brand","embeddable":true,"href":"https:\/\/staging.nbg.eu\/hu\/wp-json\/wp\/v2\/product_brand?post=411324"},{"taxonomy":"product_cat","embeddable":true,"href":"https:\/\/staging.nbg.eu\/hu\/wp-json\/wp\/v2\/product_cat?post=411324"},{"taxonomy":"product_tag","embeddable":true,"href":"https:\/\/staging.nbg.eu\/hu\/wp-json\/wp\/v2\/product_tag?post=411324"}],"curies":[{"name":"wp","href":"https:\/\/api.w.org\/{rel}","templated":true}]}}