{"id":411030,"date":"2025-07-01T16:46:03","date_gmt":"2025-07-01T13:46:03","guid":{"rendered":"https:\/\/staging.nbg.eu\/product\/surefire-ep7-bk-mpr-bulk-ear-plugs\/"},"modified":"2025-07-01T16:48:44","modified_gmt":"2025-07-01T13:48:44","slug":"surefire-ep7-bk-mpr-bulk-fueldugo","status":"publish","type":"product","link":"https:\/\/staging.nbg.eu\/hu\/termek\/surefire-ep7-bk-mpr-bulk-fueldugo\/","title":{"rendered":"Surefire EP7-BK-MPR-BULK F\u00fcldug\u00f3"},"content":{"rendered":"<div class=\"product-description\">\n<h2>Surefire EP7-BK-MPR-BULK F\u00fcldug\u00f3k<\/h2>\n<h2>Fejlett hall\u00e1sv\u00e9delem<\/h2>\n<p>A Surefire EP7 Sonic Defenders Ultra f\u00fcldug\u00f3k hall\u00e1sv\u00e9delmet biztos\u00edtanak a fontos hangok hall\u00e1s\u00e1nak korl\u00e1toz\u00e1sa n\u00e9lk\u00fcl. 28 dB zajcs\u00f6kkent\u00e9si \u00e9rt\u00e9kkel (NRR) hat\u00e9konyan v\u00e9denek a zaj\u00e1rtalom okozta hall\u00e1sk\u00e1rosod\u00e1s ellen.<\/p>\n<h3>F\u0151 jellemz\u0151k:<\/h3>\n<ul>\n<li>Szabadalmaztatott habszivacs v\u00e9g\u0171 kialak\u00edt\u00e1s Comply\u2122 f\u00fclcsatorna bet\u00e9tekkel<\/li>\n<li>28 dB zajcs\u00f6kkent\u00e9si \u00e9rt\u00e9k (NRR) behelyezett sz\u0171r\u0151sapk\u00e1kkal<\/li>\n<li>Biztons\u00e1gos hangszinteket \u00e1tenged, mik\u00f6zben cs\u00f6kkenti a 85 dB feletti k\u00e1ros zajokat<\/li>\n<li>EarLock\u00ae r\u00f6gz\u00edt\u0151gy\u0171r\u0171k h\u00e9t \u00e9rintkez\u00e9si ponttal a biztos illeszked\u00e9s\u00e9rt<\/li>\n<li>Hipoallerg\u00e9n, orvosi min\u0151s\u00e9g\u0171 polimerb\u0151l k\u00e9sz\u00fclt<\/li>\n<li>Alacsony profil\u00fa kialak\u00edt\u00e1s, maszkokkal, sisakokkal \u00e9s fejhallgat\u00f3kkal kompatibilis<\/li>\n<li>Csatlakoztathat\u00f3 sz\u0171r\u0151sapk\u00e1k tov\u00e1bbi v\u00e9delemhez magas zajszint\u0171 k\u00f6rnyezetben<\/li>\n<li>K\u00fcl\u00f6nb\u00f6z\u0151 r\u00e1di\u00f3kommunik\u00e1ci\u00f3s rendszerekkel kompatibilis<\/li>\n<\/ul>\n<h3>Tov\u00e1bbi inform\u00e1ci\u00f3k:<\/h3>\n<ul>\n<li>El\u00e9rhet\u0151 \u00e1tl\u00e1tsz\u00f3, fekete vagy narancss\u00e1rga sz\u00ednben<\/li>\n<li>Tartalmaz 66 cm-es polimer zsin\u00f3rt \u00e9s egy p\u00e1r extra Comply\u2122 f\u00fclcsatorna bet\u00e9tet<\/li>\n<li>M\u00e9retek: Kicsi (S), K\u00f6zepes (M) \u00e9s Nagy (L)<\/li>\n<li>Megfelel\u0151s\u00e9gi nyilatkozat el\u00e9rhet\u0151: surefire.com\/doc-ep7<\/li>\n<\/ul>\n<p>A Surefire EP7 Sonic Defenders Ultra f\u00fcldug\u00f3k v\u00e9delmet ny\u00fajtanak a hall\u00e1snak a helyzetfelismer\u00e9s fel\u00e1ldoz\u00e1sa n\u00e9lk\u00fcl. Professzion\u00e1lis \u00e9s szabadid\u0151s haszn\u00e1latra is alkalmasak.<\/p>\n<\/div>\n","protected":false},"excerpt":{"rendered":"<p>V\u00e9d\u0151 f\u00fcldug\u00f3k 28 dB-es zajcs\u00f6kkent\u00e9si \u00e9rt\u00e9kkel. \u00c1tengedik a biztons\u00e1gos hangokat. K\u00e9nyelmes habszivacs v\u00e9gek.<\/p>\n","protected":false},"featured_media":399767,"template":"","meta":{"_acf_changed":false},"product_brand":[11863],"product_cat":[12934,12929],"product_tag":[],"class_list":{"0":"post-411030","1":"product","2":"type-product","3":"status-publish","4":"has-post-thumbnail","6":"product_brand-surefire","7":"product_cat-felszereles","8":"product_cat-hallasvedelem","10":"first","11":"instock","12":"taxable","13":"shipping-taxable","14":"purchasable","15":"product-type-simple"},"acf":[],"_links":{"self":[{"href":"https:\/\/staging.nbg.eu\/hu\/wp-json\/wp\/v2\/product\/411030","targetHints":{"allow":["GET"]}}],"collection":[{"href":"https:\/\/staging.nbg.eu\/hu\/wp-json\/wp\/v2\/product"}],"about":[{"href":"https:\/\/staging.nbg.eu\/hu\/wp-json\/wp\/v2\/types\/product"}],"wp:featuredmedia":[{"embeddable":true,"href":"https:\/\/staging.nbg.eu\/hu\/wp-json\/wp\/v2\/media\/399767"}],"wp:attachment":[{"href":"https:\/\/staging.nbg.eu\/hu\/wp-json\/wp\/v2\/media?parent=411030"}],"wp:term":[{"taxonomy":"product_brand","embeddable":true,"href":"https:\/\/staging.nbg.eu\/hu\/wp-json\/wp\/v2\/product_brand?post=411030"},{"taxonomy":"product_cat","embeddable":true,"href":"https:\/\/staging.nbg.eu\/hu\/wp-json\/wp\/v2\/product_cat?post=411030"},{"taxonomy":"product_tag","embeddable":true,"href":"https:\/\/staging.nbg.eu\/hu\/wp-json\/wp\/v2\/product_tag?post=411030"}],"curies":[{"name":"wp","href":"https:\/\/api.w.org\/{rel}","templated":true}]}}