{"id":410742,"date":"2025-07-01T16:30:23","date_gmt":"2025-07-01T13:30:23","guid":{"rendered":"https:\/\/staging.nbg.eu\/product\/surefire-csm-09-push-button-switch\/"},"modified":"2025-07-01T16:33:02","modified_gmt":"2025-07-01T13:33:02","slug":"surefire-csm-09-nyomogombos-kapcsolo","status":"publish","type":"product","link":"https:\/\/staging.nbg.eu\/hu\/termek\/surefire-csm-09-nyomogombos-kapcsolo\/","title":{"rendered":"Surefire CSM-09 Nyom\u00f3gombos Kapcsol\u00f3"},"content":{"rendered":"<div class=\"product-description\">\n<h2>Surefire CSM-09 Nyom\u00f3gombos Kapcsol\u00f3<\/h2>\n<h2>T\u00e1vvez\u00e9rl\u00e9s. Helytakar\u00e9koss\u00e1g.<\/h2>\n<p>A CSM-09 Nyom\u00f3gombos Kapcsol\u00f3 t\u00e1voli aktiv\u00e1l\u00e1st biztos\u00edt a SureFire WeaponLight eszk\u00f6z\u00f6kh\u00f6z, mik\u00f6zben maximaliz\u00e1lja a fegyver s\u00ednrendszer\u00e9n rendelkez\u00e9sre \u00e1ll\u00f3 helyet. Ez a kompakt kapcsol\u00f3 pillanatnyi \u00e9s folyamatos bekapcsol\u00e1st tesz lehet\u0151v\u00e9 egyetlen vez\u00e9rl\u0151elemmel.<\/p>\n<h3>F\u0151 jellemz\u0151k:<\/h3>\n<ul>\n<li>T\u00e1voli aktiv\u00e1l\u00e1s SureFire WeaponLight eszk\u00f6z\u00f6kh\u00f6z kapcsol\u00f3 aljzattal<\/li>\n<li>Kompakt kialak\u00edt\u00e1s a s\u00ednhely hat\u00e9kony kihaszn\u00e1l\u00e1s\u00e1hoz<\/li>\n<li>K\u00f6nny\u0171 r\u00f6gz\u00edt\u00e9s M-LOK s\u00ednekhez<\/li>\n<li>Id\u0151j\u00e1r\u00e1s\u00e1ll\u00f3 konstrukci\u00f3 minden k\u00f6r\u00fclm\u00e9ny k\u00f6z\u00f6tti megb\u00edzhat\u00f3s\u00e1g\u00e9rt<\/li>\n<li>9 h\u00fcvelykes k\u00e1bel, amely alkalmas a legt\u00f6bb puska\/karab\u00e9ly alkalmaz\u00e1shoz<\/li>\n<\/ul>\n<h3>Kompatibilit\u00e1s:<\/h3>\n<p>A CSM-09 kompatibilis sz\u00e1mos SureFire WeaponLight eszk\u00f6zzel, t\u00f6bbek k\u00f6z\u00f6tt:<\/p>\n<ul>\n<li>Millennium Universal<\/li>\n<li>Classic Universal<\/li>\n<li>Scout Light (aljzatos v\u00e9gsapk\u00e1val)<\/li>\n<li>X300<\/li>\n<li>X400 (XT v\u00e9gsapka szerelv\u00e9nnyel)<\/li>\n<\/ul>\n<h3>M\u0171k\u00f6dtet\u00e9s:<\/h3>\n<p>A WeaponLight aktiv\u00e1l\u00e1sa:<\/p>\n<ul>\n<li>Enyhe nyom\u00e1s a pillanatnyi bekapcsol\u00e1shoz<\/li>\n<li>Kattint\u00e1s a folyamatos bekapcsol\u00e1shoz<\/li>\n<\/ul>\n<p>A CSM-09 Nyom\u00f3gombos Kapcsol\u00f3 biztos\u00edtja, hogy a WeaponLight k\u00e9szenl\u00e9tben \u00e1lljon, amikor sz\u00fcks\u00e9g van r\u00e1. Tart\u00f3ss\u00e1got, pontoss\u00e1got \u00e9s teljes\u00edtm\u00e9nyt ny\u00fajt a taktikai vil\u00e1g\u00edt\u00e1si ig\u00e9nyekhez.<\/p>\n<\/div>\n","protected":false},"excerpt":{"rendered":"<p>Kompakt M-LOK t\u00e1vir\u00e1ny\u00edt\u00f3 kapcsol\u00f3 SureFire fegyverf\u00e9nyekhez. Pillanatkapcsol\u00f3 \u00e9s \u00e1lland\u00f3 bekapcsol\u00e1s.<\/p>\n","protected":false},"featured_media":399892,"template":"","meta":{"_acf_changed":false},"product_brand":[11863],"product_cat":[12982,12958],"product_tag":[],"class_list":{"0":"post-410742","1":"product","2":"type-product","3":"status-publish","4":"has-post-thumbnail","6":"product_brand-surefire","7":"product_cat-lampa-kiegeszitok","8":"product_cat-lampak","10":"first","11":"instock","12":"taxable","13":"shipping-taxable","14":"purchasable","15":"product-type-simple"},"acf":[],"_links":{"self":[{"href":"https:\/\/staging.nbg.eu\/hu\/wp-json\/wp\/v2\/product\/410742","targetHints":{"allow":["GET"]}}],"collection":[{"href":"https:\/\/staging.nbg.eu\/hu\/wp-json\/wp\/v2\/product"}],"about":[{"href":"https:\/\/staging.nbg.eu\/hu\/wp-json\/wp\/v2\/types\/product"}],"wp:featuredmedia":[{"embeddable":true,"href":"https:\/\/staging.nbg.eu\/hu\/wp-json\/wp\/v2\/media\/399892"}],"wp:attachment":[{"href":"https:\/\/staging.nbg.eu\/hu\/wp-json\/wp\/v2\/media?parent=410742"}],"wp:term":[{"taxonomy":"product_brand","embeddable":true,"href":"https:\/\/staging.nbg.eu\/hu\/wp-json\/wp\/v2\/product_brand?post=410742"},{"taxonomy":"product_cat","embeddable":true,"href":"https:\/\/staging.nbg.eu\/hu\/wp-json\/wp\/v2\/product_cat?post=410742"},{"taxonomy":"product_tag","embeddable":true,"href":"https:\/\/staging.nbg.eu\/hu\/wp-json\/wp\/v2\/product_tag?post=410742"}],"curies":[{"name":"wp","href":"https:\/\/api.w.org\/{rel}","templated":true}]}}