{"id":410431,"date":"2025-05-09T10:48:01","date_gmt":"2025-05-09T07:48:01","guid":{"rendered":"https:\/\/staging.nbg.eu\/product\/surefire-csp-07-push-button-switch\/"},"modified":"2025-07-01T16:09:48","modified_gmt":"2025-07-01T13:09:48","slug":"surefire-csp-07-nyomogombos-kapcsolo","status":"publish","type":"product","link":"https:\/\/staging.nbg.eu\/hu\/termek\/surefire-csp-07-nyomogombos-kapcsolo\/","title":{"rendered":"Surefire CSP-07 Nyom\u00f3gombos Kapcsol\u00f3"},"content":{"rendered":"<div class=\"product-description\">\n<h2>Surefire CSP-07 Nyom\u00f3gombos Kapcsol\u00f3<\/h2>\n<h2>T\u00e1vvez\u00e9rl\u00e9s. Helytakar\u00e9koss\u00e1g.<\/h2>\n<p>A CSP-07 Nyom\u00f3gombos Kapcsol\u00f3 lehet\u0151v\u00e9 teszi a SureFire WeaponLight t\u00e1voli aktiv\u00e1l\u00e1s\u00e1t, mik\u00f6zben helyet takar\u00edt meg a fegyver s\u00edn\u00e9n. Ez a kompakt kapcsol\u00f3 pillanatnyi \u00e9s folyamatos bekapcsol\u00e1si funkci\u00f3kat k\u00edn\u00e1l egyetlen vez\u00e9rl\u0151vel.<\/p>\n<h3>F\u0151 jellemz\u0151k:<\/h3>\n<ul>\n<li>T\u00e1voli aktiv\u00e1l\u00e1s SureFire WeaponLights csatlakoz\u00f3aljzatokkal<\/li>\n<li>Kompakt kialak\u00edt\u00e1s a s\u00edn hat\u00e9kony kihaszn\u00e1l\u00e1s\u00e1hoz<\/li>\n<li>Pillanatnyi bekapcsol\u00e1s enyhe nyom\u00e1sra, folyamatos bekapcsol\u00e1s teljes kattint\u00e1sra<\/li>\n<li>Tart\u00f3s polimer h\u00e1z<\/li>\n<li>Egyszer\u0171 felcsatol\u00e1s Picatinny s\u00ednekre<\/li>\n<li>7 h\u00fcvelykes k\u00e1bel, alkalmas a legt\u00f6bb puska\/karab\u00e9ly alkalmaz\u00e1shoz<\/li>\n<li>Id\u0151j\u00e1r\u00e1s\u00e1ll\u00f3 kapcsol\u00f3 \u00e9s csatlakoz\u00f3<\/li>\n<\/ul>\n<h3>Kompatibilit\u00e1s:<\/h3>\n<p>A CSP-07 kompatibilis a csatlakoz\u00f3aljzattal rendelkez\u0151 SureFire WeaponLights term\u00e9kekkel, bele\u00e9rtve:<\/p>\n<ul>\n<li>Millennium Universal<\/li>\n<li>Classic Universal<\/li>\n<li>Scout Light (csatlakoz\u00f3s z\u00e1r\u00f3kupakkal)<\/li>\n<li>X300<\/li>\n<li>X400 (XT z\u00e1r\u00f3kupak szerelv\u00e9nnyel)<\/li>\n<\/ul>\n<h3>Mi\u00e9rt v\u00e1lassza a CSP-07-et?<\/h3>\n<p>A CSP-07 biztos\u00edtja, hogy a WeaponLight k\u00e9szen \u00e1lljon, amikor sz\u00fcks\u00e9g van r\u00e1. Helytakar\u00e9kos kialak\u00edt\u00e1sa \u00e9s szersz\u00e1m n\u00e9lk\u00fcli telep\u00edt\u00e9se alkalmass\u00e1 teszi taktikai szakemberek \u00e9s lelkes felhaszn\u00e1l\u00f3k sz\u00e1m\u00e1ra egyar\u00e1nt. A CSP-07 azonnali \u00e9s megb\u00edzhat\u00f3 megvil\u00e1g\u00edt\u00e1st biztos\u00edt b\u00e1rmely helyzetben.<\/p>\n<\/div>\n","protected":false},"excerpt":{"rendered":"<p>T\u00e1voli fegyverl\u00e1mpa aktiv\u00e1l\u00e1s. Kompakt kialak\u00edt\u00e1s. Pillanatnyi \u00e9s folyamatos \u00fczemm\u00f3dok.<\/p>\n","protected":false},"featured_media":399939,"template":"","meta":{"_acf_changed":false},"product_brand":[11863],"product_cat":[12982,12958],"product_tag":[],"class_list":{"0":"post-410431","1":"product","2":"type-product","3":"status-publish","4":"has-post-thumbnail","6":"product_brand-surefire","7":"product_cat-lampa-kiegeszitok","8":"product_cat-lampak","10":"first","11":"instock","12":"taxable","13":"shipping-taxable","14":"purchasable","15":"product-type-simple"},"acf":[],"_links":{"self":[{"href":"https:\/\/staging.nbg.eu\/hu\/wp-json\/wp\/v2\/product\/410431","targetHints":{"allow":["GET"]}}],"collection":[{"href":"https:\/\/staging.nbg.eu\/hu\/wp-json\/wp\/v2\/product"}],"about":[{"href":"https:\/\/staging.nbg.eu\/hu\/wp-json\/wp\/v2\/types\/product"}],"wp:featuredmedia":[{"embeddable":true,"href":"https:\/\/staging.nbg.eu\/hu\/wp-json\/wp\/v2\/media\/399939"}],"wp:attachment":[{"href":"https:\/\/staging.nbg.eu\/hu\/wp-json\/wp\/v2\/media?parent=410431"}],"wp:term":[{"taxonomy":"product_brand","embeddable":true,"href":"https:\/\/staging.nbg.eu\/hu\/wp-json\/wp\/v2\/product_brand?post=410431"},{"taxonomy":"product_cat","embeddable":true,"href":"https:\/\/staging.nbg.eu\/hu\/wp-json\/wp\/v2\/product_cat?post=410431"},{"taxonomy":"product_tag","embeddable":true,"href":"https:\/\/staging.nbg.eu\/hu\/wp-json\/wp\/v2\/product_tag?post=410431"}],"curies":[{"name":"wp","href":"https:\/\/api.w.org\/{rel}","templated":true}]}}