{"id":409656,"date":"2025-07-01T13:40:22","date_gmt":"2025-07-01T10:40:22","guid":{"rendered":"https:\/\/staging.nbg.eu\/product\/surefire-m340v-tn-pro-scout-light-pro\/"},"modified":"2025-07-01T13:43:07","modified_gmt":"2025-07-01T10:43:07","slug":"surefire-m340v-tn-pro-scout-light-pro","status":"publish","type":"product","link":"https:\/\/staging.nbg.eu\/hu\/termek\/surefire-m340v-tn-pro-scout-light-pro\/","title":{"rendered":"Surefire M340V-TN-PRO Scout Light Pro"},"content":{"rendered":"<h2>Surefire M340V-TN-PRO Scout Light Pro<\/h2>\n<h2>\u00c9jszakai haszn\u00e1latra<\/h2>\n<p>A Mini Infrared Scout Light\u00ae Pro egy 3 voltos fegyverl\u00e1mpa, amely k\u00fcl\u00f6nb\u00f6z\u0151 f\u00e9nyviszonyok k\u00f6z\u00f6tt haszn\u00e1lhat\u00f3. Ez a sokoldal\u00fa vil\u00e1g\u00edt\u00f3eszk\u00f6z a k\u00f6vetkez\u0151ket k\u00edn\u00e1lja:<\/p>\n<ul>\n<li>250 lumen feh\u00e9r f\u00e9ny<\/li>\n<li>100 mW l\u00e1thatatlan infrav\u00f6r\u00f6s megvil\u00e1g\u00edt\u00e1s \u00e9jjell\u00e1t\u00f3 eszk\u00f6z\u00f6kh\u00f6z<\/li>\n<li>Nincs sz\u00fcks\u00e9g IR sz\u0171r\u0151kre vagy tartal\u00e9k izz\u00f3kra<\/li>\n<li>SureFire \u00faj alacsony profil\u00fa r\u00f6gz\u00edt\u0151je (LPM) a sokoldal\u00fa haszn\u00e1lat\u00e9rt<\/li>\n<li>Egyszer\u0171 v\u00e1lt\u00e1s a feh\u00e9r f\u00e9ny, kikapcsolt \u00e9s infrav\u00f6r\u00f6s m\u00f3dok k\u00f6z\u00f6tt<\/li>\n<li>TIR lencse a k\u00f6zeli \u00e9s k\u00f6zepes t\u00e1vols\u00e1g\u00fa alkalmaz\u00e1sokhoz<\/li>\n<\/ul>\n<h3>Tart\u00f3s szerkezet<\/h3>\n<p>Az M340V-TN-PRO jellemz\u0151i:<\/p>\n<ul>\n<li>Nagy szil\u00e1rds\u00e1g\u00fa rep\u00fcl\u0151g\u00e9p-alum\u00ednium test<\/li>\n<li>Katonai szabv\u00e1ny\u00fa kem\u00e9ny elox\u00e1l\u00e1s a tart\u00f3ss\u00e1g \u00e9s korr\u00f3zi\u00f3\u00e1ll\u00f3s\u00e1g \u00e9rdek\u00e9ben<\/li>\n<li>Rendk\u00edv\u00fcl tart\u00f3s IR \u00e9s feh\u00e9r LED-ek<\/li>\n<li>IPX7 v\u00edz\u00e1ll\u00f3s\u00e1gi besorol\u00e1s<\/li>\n<\/ul>\n<h3>F\u0151bb specifik\u00e1ci\u00f3k<\/h3>\n<ul>\n<li>Teljes\u00edtm\u00e9ny: 250 lumen (feh\u00e9r) \/ 100 mW (IR)<\/li>\n<li>\u00dczemid\u0151: 1,5 \u00f3ra (feh\u00e9r) \/ 6,0 \u00f3ra (IR)<\/li>\n<li>Cs\u00facs f\u00e9nyer\u0151ss\u00e9g: 9300 kandela<\/li>\n<li>F\u00e9nysug\u00e1r t\u00e1vols\u00e1ga: 190 m\u00e9ter<\/li>\n<li>Hossz: 4,1 h\u00fcvelyk (10,4 cm)<\/li>\n<li>S\u00faly: 3,4 uncia (96,4 g) elemmel<\/li>\n<li>Energiaforr\u00e1s: Egy 123A l\u00edtium elem (mell\u00e9kelve)<\/li>\n<\/ul>\n<p>A Surefire M340V-TN-PRO Scout Light Pro sokoldal\u00fa \u00e9s hat\u00e9kony eszk\u00f6z gyenge f\u00e9nyviszonyok k\u00f6z\u00f6tt.<\/p>\n","protected":false},"excerpt":{"rendered":"<p>Sokoldal\u00fa taktikai l\u00e1mpa 250 lumenes feh\u00e9r\/100mW IR f\u00e9nnyel, robusztus kialak\u00edt\u00e1ssal, s\u00ednre szerelhet\u0151.<\/p>\n","protected":false},"featured_media":400318,"template":"","meta":{"_acf_changed":false},"product_brand":[11863],"product_cat":[12958],"product_tag":[],"class_list":{"0":"post-409656","1":"product","2":"type-product","3":"status-publish","4":"has-post-thumbnail","6":"product_brand-surefire","7":"product_cat-lampak","9":"first","10":"instock","11":"taxable","12":"shipping-taxable","13":"purchasable","14":"product-type-simple"},"acf":[],"_links":{"self":[{"href":"https:\/\/staging.nbg.eu\/hu\/wp-json\/wp\/v2\/product\/409656","targetHints":{"allow":["GET"]}}],"collection":[{"href":"https:\/\/staging.nbg.eu\/hu\/wp-json\/wp\/v2\/product"}],"about":[{"href":"https:\/\/staging.nbg.eu\/hu\/wp-json\/wp\/v2\/types\/product"}],"wp:featuredmedia":[{"embeddable":true,"href":"https:\/\/staging.nbg.eu\/hu\/wp-json\/wp\/v2\/media\/400318"}],"wp:attachment":[{"href":"https:\/\/staging.nbg.eu\/hu\/wp-json\/wp\/v2\/media?parent=409656"}],"wp:term":[{"taxonomy":"product_brand","embeddable":true,"href":"https:\/\/staging.nbg.eu\/hu\/wp-json\/wp\/v2\/product_brand?post=409656"},{"taxonomy":"product_cat","embeddable":true,"href":"https:\/\/staging.nbg.eu\/hu\/wp-json\/wp\/v2\/product_cat?post=409656"},{"taxonomy":"product_tag","embeddable":true,"href":"https:\/\/staging.nbg.eu\/hu\/wp-json\/wp\/v2\/product_tag?post=409656"}],"curies":[{"name":"wp","href":"https:\/\/api.w.org\/{rel}","templated":true}]}}