{"id":40827,"date":"2024-08-26T13:29:45","date_gmt":"2024-09-09T14:56:55","guid":{"rendered":"https:\/\/staging.nbg.eu\/product\/vanward-hunter-pro\/"},"modified":"2024-09-09T14:59:08","modified_gmt":"2024-09-09T14:59:08","slug":"vanward-vadasz-pro","status":"publish","type":"product","link":"https:\/\/staging.nbg.eu\/hu\/termek\/vanward-vadasz-pro\/","title":{"rendered":"Vanward Vad\u00e1sz PRO"},"content":{"rendered":"<div class=\"product-description\">\n<h2>Vanward Hunter PRO<\/h2>\n<p>Tapasztalja meg a kiv\u00e1l\u00f3 teljes\u00edtm\u00e9nyt 300 gramm alatt a Vanward Hunter PRO hangtomp\u00edt\u00f3val. Az optimaliz\u00e1lt terel\u0151lemez-elrendez\u00e9s a jobb nyom\u00e1skiegyenl\u00edt\u00e9s\u00e9rt \u00e9s a robusztus hatsz\u00f6glet\u0171 k\u00fcls\u0151 kialak\u00edt\u00e1s fokozott biztons\u00e1got, er\u0151ss\u00e9get \u00e9s h\u0171t\u00e9si hat\u00e9konys\u00e1got k\u00edn\u00e1l.<\/p>\n<h2>F\u0151bb jellemz\u0151k:<\/h2>\n<ul>\n<li>3D nyomtat\u00e1ssal k\u00e9sz\u00fclt, egyetlen darab 5-\u00f6s fokozat\u00fa tit\u00e1nb\u00f3l a maxim\u00e1lis biztons\u00e1g \u00e9s teljes\u00edtm\u00e9ny \u00e9rdek\u00e9ben<\/li>\n<li>Rendk\u00edv\u00fcl tart\u00f3s \u00e9s korr\u00f3zi\u00f3\u00e1ll\u00f3<\/li>\n<li>Cser\u00e9lhet\u0151 rozsdamentes ac\u00e9l menetbet\u00e9tek<\/li>\n<li>POM gy\u0171r\u0171 az optim\u00e1lis cs\u0151tiszt\u00edt\u00e1s\u00e9rt<\/li>\n<li>T\u00f6bbf\u00e9le menett\u00edpusban el\u00e9rhet\u0151: 1\/2*28&#8243;, 5\/8&#215;24&#8243; M14x1, M14x1.5, M15x1, M16x1, M18x1<\/li>\n<\/ul>\n<h2>M\u0171szaki adatok:<\/h2>\n<ul>\n<li>\u00c1tm\u00e9r\u0151: 48mm<\/li>\n<li>Hossz: 220mm<\/li>\n<li>S\u00faly: 295 gramm*<\/li>\n<\/ul>\n<p>A Vanward Hunter PRO innovat\u00edv kialak\u00edt\u00e1sa \u00e9s kiv\u00e1l\u00f3 anyagai t\u00f6k\u00e9letes v\u00e1laszt\u00e1ss\u00e1 teszik az ig\u00e9nyes vad\u00e1szok \u00e9s l\u00f6v\u00e9szet-rajong\u00f3k sz\u00e1m\u00e1ra, akik a legjobb hangtomp\u00edt\u00f3 technol\u00f3gi\u00e1t k\u00f6vetelik.<\/p>\n<\/div>\n","protected":false},"excerpt":{"rendered":"<p>Ultrak\u00f6nny\u0171, tit\u00e1n hangtomp\u00edt\u00f3 optimaliz\u00e1lt teljes\u00edtm\u00e9nnyel.<\/p>\n","protected":false},"featured_media":102156,"template":"","meta":{"_acf_changed":false},"product_brand":[11942],"product_cat":[12902,12967,12920],"product_tag":[],"class_list":{"0":"post-40827","1":"product","2":"type-product","3":"status-publish","4":"has-post-thumbnail","6":"product_brand-vanward","7":"product_cat-hangtompitok","8":"product_cat-puska","9":"product_cat-puska-hangtompitok","11":"first","12":"instock","13":"taxable","14":"shipping-taxable","15":"purchasable","16":"product-type-variable","17":"wvs-archive-product-wrapper"},"acf":[],"_links":{"self":[{"href":"https:\/\/staging.nbg.eu\/hu\/wp-json\/wp\/v2\/product\/40827","targetHints":{"allow":["GET"]}}],"collection":[{"href":"https:\/\/staging.nbg.eu\/hu\/wp-json\/wp\/v2\/product"}],"about":[{"href":"https:\/\/staging.nbg.eu\/hu\/wp-json\/wp\/v2\/types\/product"}],"wp:featuredmedia":[{"embeddable":true,"href":"https:\/\/staging.nbg.eu\/hu\/wp-json\/wp\/v2\/media\/102156"}],"wp:attachment":[{"href":"https:\/\/staging.nbg.eu\/hu\/wp-json\/wp\/v2\/media?parent=40827"}],"wp:term":[{"taxonomy":"product_brand","embeddable":true,"href":"https:\/\/staging.nbg.eu\/hu\/wp-json\/wp\/v2\/product_brand?post=40827"},{"taxonomy":"product_cat","embeddable":true,"href":"https:\/\/staging.nbg.eu\/hu\/wp-json\/wp\/v2\/product_cat?post=40827"},{"taxonomy":"product_tag","embeddable":true,"href":"https:\/\/staging.nbg.eu\/hu\/wp-json\/wp\/v2\/product_tag?post=40827"}],"curies":[{"name":"wp","href":"https:\/\/api.w.org\/{rel}","templated":true}]}}