{"id":405855,"date":"2025-06-30T21:19:37","date_gmt":"2025-06-30T18:19:37","guid":{"rendered":"https:\/\/staging.nbg.eu\/product\/surefire-scout-infrared-light-m640v-pro-tan\/"},"modified":"2025-06-30T21:21:25","modified_gmt":"2025-06-30T18:21:25","slug":"surefire-scout-infravoeroes-lampa-m640v-pro-tan","status":"publish","type":"product","link":"https:\/\/staging.nbg.eu\/hu\/termek\/surefire-scout-infravoeroes-lampa-m640v-pro-tan\/","title":{"rendered":"SureFire Scout Infrav\u00f6r\u00f6s L\u00e1mpa &#8211; M640V PRO &#8211; Tan"},"content":{"rendered":"<h2>SureFire Scout infrav\u00f6r\u00f6s l\u00e1mpa &#8211; M640V PRO &#8211; Homoksz\u00edn\u0171<\/h2>\n<p>Az M640V PRO Scout infrav\u00f6r\u00f6s l\u00e1mpa jellemz\u0151i:<\/p>\n<ul>\n<li>350 lumen feh\u00e9r f\u00e9ny \u00e9s 120 mW infrav\u00f6r\u00f6s kibocs\u00e1t\u00e1s<\/li>\n<li>\u00daj alacsony profil\u00fa r\u00f6gz\u00edt\u00e9s MIL-STD-1913 vagy M-LOK s\u00ednekhez<\/li>\n<li>Szabadalmaztatott TIR lencse messzire \u00e9r\u0151 f\u00e9nysug\u00e1rral \u00e9s k\u00f6rnyezeti f\u00e9nnyel<\/li>\n<li>Azonnali v\u00e1lt\u00e1s feh\u00e9r \u00e9s infrav\u00f6r\u00f6s m\u00f3dok k\u00f6z\u00f6tt<\/li>\n<li>Rep\u00fcl\u0151g\u00e9p-ipari alum\u00ednium konstrukci\u00f3 katonai min\u0151s\u00e9g\u0171 kem\u00e9ny elox\u00e1lt bevonattal<\/li>\n<li>IPX7 v\u00edz\u00e1ll\u00f3s\u00e1g<\/li>\n<li>Nyom\u00f3gombos kapcsol\u00f3 a v\u00e9g\u00e9n az egyszer\u0171 aktiv\u00e1l\u00e1shoz<\/li>\n<\/ul>\n<p>2,5 \u00f3ra \u00fczemid\u0151 magas fokozaton \u00e9s 214 m\u00e9teres f\u00e9nysug\u00e1r t\u00e1vols\u00e1g. Az M640V PRO k\u00f6zepes \u00e9s hossz\u00fa t\u00e1v\u00fa m\u0171veletekhez haszn\u00e1lhat\u00f3.<\/p>\n","protected":false},"excerpt":{"rendered":"<p>Sokoldal\u00fa IR\/feh\u00e9r fegyverl\u00e1mpa 350 lumen \u00e9s 120 mW IR kimenettel.<\/p>\n","protected":false},"featured_media":353022,"template":"","meta":{"_acf_changed":false},"product_brand":[11863],"product_cat":[12926,12958],"product_tag":[],"class_list":{"0":"post-405855","1":"product","2":"type-product","3":"status-publish","4":"has-post-thumbnail","6":"product_brand-surefire","7":"product_cat-edc-lampak","8":"product_cat-lampak","10":"first","11":"instock","12":"taxable","13":"shipping-taxable","14":"purchasable","15":"product-type-simple"},"acf":[],"_links":{"self":[{"href":"https:\/\/staging.nbg.eu\/hu\/wp-json\/wp\/v2\/product\/405855","targetHints":{"allow":["GET"]}}],"collection":[{"href":"https:\/\/staging.nbg.eu\/hu\/wp-json\/wp\/v2\/product"}],"about":[{"href":"https:\/\/staging.nbg.eu\/hu\/wp-json\/wp\/v2\/types\/product"}],"wp:featuredmedia":[{"embeddable":true,"href":"https:\/\/staging.nbg.eu\/hu\/wp-json\/wp\/v2\/media\/353022"}],"wp:attachment":[{"href":"https:\/\/staging.nbg.eu\/hu\/wp-json\/wp\/v2\/media?parent=405855"}],"wp:term":[{"taxonomy":"product_brand","embeddable":true,"href":"https:\/\/staging.nbg.eu\/hu\/wp-json\/wp\/v2\/product_brand?post=405855"},{"taxonomy":"product_cat","embeddable":true,"href":"https:\/\/staging.nbg.eu\/hu\/wp-json\/wp\/v2\/product_cat?post=405855"},{"taxonomy":"product_tag","embeddable":true,"href":"https:\/\/staging.nbg.eu\/hu\/wp-json\/wp\/v2\/product_tag?post=405855"}],"curies":[{"name":"wp","href":"https:\/\/api.w.org\/{rel}","templated":true}]}}