{"id":405746,"date":"2025-06-30T21:14:24","date_gmt":"2025-06-30T18:14:24","guid":{"rendered":"https:\/\/staging.nbg.eu\/product\/surefire-plr-b-edc-flashlight-stiletto-pro\/"},"modified":"2025-06-30T21:16:10","modified_gmt":"2025-06-30T18:16:10","slug":"surefire-plr-b-edc-zseblampa-stiletto-pro","status":"publish","type":"product","link":"https:\/\/staging.nbg.eu\/hu\/termek\/surefire-plr-b-edc-zseblampa-stiletto-pro\/","title":{"rendered":"Surefire PLR-B EDC Zsebl\u00e1mpa &#8211; Stiletto Pro"},"content":{"rendered":"<h2>Surefire PLR-B EDC Zsebl\u00e1mpa &#8211; Stiletto Pro<\/h2>\n<p>A Stiletto Pro egy kompakt zsebl\u00e1mpa, amely 1000 lumen f\u00e9nyer\u0151t biztos\u00edt a SureFire MaxVision Beam\u00ae reflektor\u00e1nak k\u00f6sz\u00f6nhet\u0151en.<\/p>\n<ul>\n<li>H\u00e1rom programozhat\u00f3 be\u00e1ll\u00edt\u00e1s: 1000 lumen (magas), 300 lumen (k\u00f6zepes) \u00e9s 25 lumen (alacsony)<\/li>\n<li>Karcs\u00fa, rep\u00fcl\u0151g\u00e9p-alum\u00ednium test a k\u00f6nny\u0171 elrejthet\u0151s\u00e9g \u00e9s tart\u00f3ss\u00e1g \u00e9rdek\u00e9ben<\/li>\n<li>Katonai specifik\u00e1ci\u00f3j\u00fa kem\u00e9ny elox\u00e1lt fel\u00fclet IPX7 v\u00edz\u00e1ll\u00f3s\u00e1ggal<\/li>\n<li>Taktikai farokkapcsol\u00f3 azonnali magas f\u00e9nyer\u0151h\u00f6z \u00e9s opcion\u00e1lis villog\u00e1shoz<\/li>\n<li>Be\u00e9p\u00edtett USB-C \u00fajrat\u00f6lthet\u0151 l\u00edtium-polimer akkumul\u00e1tor<\/li>\n<li>LED t\u00f6lt\u00f6tts\u00e9gjelz\u0151 az akkumul\u00e1tor \u00e1llapot\u00e1nak k\u00f6vet\u00e9s\u00e9hez<\/li>\n<li>Megford\u00edthat\u00f3 Melonite\u00ae bevonat\u00fa rug\u00f3ac\u00e9l zsebcsipesz<\/li>\n<\/ul>\n<p>A Stiletto Pro 4,5 h\u00fcvelyk hossz\u00fa \u00e9s 4 uncia s\u00faly\u00fa, \u00edgy k\u00e9nyelmesen elf\u00e9r b\u00e1rmely zsebben, mik\u00f6zben professzion\u00e1lis megvil\u00e1g\u00edt\u00e1st biztos\u00edt.<\/p>\n","protected":false},"excerpt":{"rendered":"<p>Kompakt, er\u0151teljes 1000 lumenes EDC l\u00e1mpa MaxVision Beam\u00ae technol\u00f3gi\u00e1val.<\/p>\n","protected":false},"featured_media":352666,"template":"","meta":{"_acf_changed":false},"product_brand":[11863],"product_cat":[12957,12926,12958],"product_tag":[],"class_list":{"0":"post-405746","1":"product","2":"type-product","3":"status-publish","4":"has-post-thumbnail","6":"product_brand-surefire","7":"product_cat-edc","8":"product_cat-edc-lampak","9":"product_cat-lampak","11":"first","12":"instock","13":"taxable","14":"shipping-taxable","15":"purchasable","16":"product-type-simple"},"acf":[],"_links":{"self":[{"href":"https:\/\/staging.nbg.eu\/hu\/wp-json\/wp\/v2\/product\/405746","targetHints":{"allow":["GET"]}}],"collection":[{"href":"https:\/\/staging.nbg.eu\/hu\/wp-json\/wp\/v2\/product"}],"about":[{"href":"https:\/\/staging.nbg.eu\/hu\/wp-json\/wp\/v2\/types\/product"}],"wp:featuredmedia":[{"embeddable":true,"href":"https:\/\/staging.nbg.eu\/hu\/wp-json\/wp\/v2\/media\/352666"}],"wp:attachment":[{"href":"https:\/\/staging.nbg.eu\/hu\/wp-json\/wp\/v2\/media?parent=405746"}],"wp:term":[{"taxonomy":"product_brand","embeddable":true,"href":"https:\/\/staging.nbg.eu\/hu\/wp-json\/wp\/v2\/product_brand?post=405746"},{"taxonomy":"product_cat","embeddable":true,"href":"https:\/\/staging.nbg.eu\/hu\/wp-json\/wp\/v2\/product_cat?post=405746"},{"taxonomy":"product_tag","embeddable":true,"href":"https:\/\/staging.nbg.eu\/hu\/wp-json\/wp\/v2\/product_tag?post=405746"}],"curies":[{"name":"wp","href":"https:\/\/api.w.org\/{rel}","templated":true}]}}