{"id":405588,"date":"2025-05-05T23:43:01","date_gmt":"2025-05-05T20:43:01","guid":{"rendered":"https:\/\/staging.nbg.eu\/product\/surefire-plr-c-edc-flashlight-stiletto-pro-ii\/"},"modified":"2025-06-30T20:03:41","modified_gmt":"2025-06-30T17:03:41","slug":"surefire-plr-c-edc-zseblampa-stiletto-pro-ii","status":"publish","type":"product","link":"https:\/\/staging.nbg.eu\/hu\/termek\/surefire-plr-c-edc-zseblampa-stiletto-pro-ii\/","title":{"rendered":"Surefire PLR-C EDC Zsebl\u00e1mpa &#8211; Stiletto Pro II"},"content":{"rendered":"<h2>Surefire PLR-C EDC zsebl\u00e1mpa &#8211; Stiletto Pro II<\/h2>\n<p>A Stiletto Pro II egy hordozhat\u00f3 zsebl\u00e1mpa. Ez a v\u00e9kony eszk\u00f6z ak\u00e1r 1500 lumen f\u00e9nyer\u0151t is k\u00e9pes kibocs\u00e1tani, \u00e9s a f\u00e9nysug\u00e1r 375 m\u00e9terre is el\u00e9r.<\/p>\n<ul>\n<li>Kett\u0151s optika 35 000 candela f\u00e9nyer\u0151vel a hossz\u00fa t\u00e1v\u00fa megvil\u00e1g\u00edt\u00e1shoz<\/li>\n<li>H\u00e1rom programozhat\u00f3 be\u00e1ll\u00edt\u00e1s: Magas (1500 lumen), K\u00f6zepes (500 lumen) \u00e9s Alacsony (25 lumen)<\/li>\n<li>Rep\u00fcl\u0151g\u00e9p-alum\u00ednium test<\/li>\n<li>Taktikai h\u00e1ts\u00f3 kapcsol\u00f3, v\u00e1laszthat\u00f3 nagy frekvenci\u00e1j\u00fa villog\u00e1ssal<\/li>\n<li>Be\u00e9p\u00edtett USB-C \u00fajrat\u00f6lthet\u0151 l\u00edtium-polimer akkumul\u00e1tor<\/li>\n<li>LED t\u00f6lt\u00f6tts\u00e9gjelz\u0151 az akkumul\u00e1tor \u00e1llapot\u00e1nak k\u00f6vet\u00e9s\u00e9hez<\/li>\n<li>Megford\u00edthat\u00f3, Melonite bevonat\u00fa rug\u00f3ac\u00e9l zsebcsipesz<\/li>\n<li>IPX7 v\u00edz\u00e1ll\u00f3 1 m\u00e9ter m\u00e9lys\u00e9gig 30 percig<\/li>\n<\/ul>\n<p>A Stiletto Pro II haszn\u00e1lhat\u00f3 s\u00f6t\u00e9t utc\u00e1kon vagy k\u00fclt\u00e9ri tev\u00e9kenys\u00e9gek sor\u00e1n. Kialak\u00edt\u00e1sa \u00e9s teljes\u00edtm\u00e9nye miatt alkalmas rendv\u00e9delmi szervek, katonai szem\u00e9lyzet \u00e9s h\u00e9tk\u00f6znapi felhaszn\u00e1l\u00f3k sz\u00e1m\u00e1ra is.<\/p>\n","protected":false},"excerpt":{"rendered":"<p>Karcs\u00fa, er\u0151teljes mindennapos hordozhat\u00f3 l\u00e1mpa 1500 lumenes f\u00e9nyer\u0151vel \u00e9s nagy hat\u00f3t\u00e1vols\u00e1g\u00fa f\u00e9nysug\u00e1rral.<\/p>\n","protected":false},"featured_media":352342,"template":"","meta":{"_acf_changed":false},"product_brand":[11863],"product_cat":[12957,12926,12958],"product_tag":[],"class_list":{"0":"post-405588","1":"product","2":"type-product","3":"status-publish","4":"has-post-thumbnail","6":"product_brand-surefire","7":"product_cat-edc","8":"product_cat-edc-lampak","9":"product_cat-lampak","11":"first","12":"outofstock","13":"taxable","14":"shipping-taxable","15":"purchasable","16":"product-type-simple"},"acf":[],"_links":{"self":[{"href":"https:\/\/staging.nbg.eu\/hu\/wp-json\/wp\/v2\/product\/405588","targetHints":{"allow":["GET"]}}],"collection":[{"href":"https:\/\/staging.nbg.eu\/hu\/wp-json\/wp\/v2\/product"}],"about":[{"href":"https:\/\/staging.nbg.eu\/hu\/wp-json\/wp\/v2\/types\/product"}],"wp:featuredmedia":[{"embeddable":true,"href":"https:\/\/staging.nbg.eu\/hu\/wp-json\/wp\/v2\/media\/352342"}],"wp:attachment":[{"href":"https:\/\/staging.nbg.eu\/hu\/wp-json\/wp\/v2\/media?parent=405588"}],"wp:term":[{"taxonomy":"product_brand","embeddable":true,"href":"https:\/\/staging.nbg.eu\/hu\/wp-json\/wp\/v2\/product_brand?post=405588"},{"taxonomy":"product_cat","embeddable":true,"href":"https:\/\/staging.nbg.eu\/hu\/wp-json\/wp\/v2\/product_cat?post=405588"},{"taxonomy":"product_tag","embeddable":true,"href":"https:\/\/staging.nbg.eu\/hu\/wp-json\/wp\/v2\/product_tag?post=405588"}],"curies":[{"name":"wp","href":"https:\/\/api.w.org\/{rel}","templated":true}]}}