{"id":404795,"date":"2025-06-30T12:06:12","date_gmt":"2025-06-30T09:06:12","guid":{"rendered":"https:\/\/staging.nbg.eu\/product\/ammunition-sb-cal-357-mag-fmj-10-25g\/"},"modified":"2025-06-30T12:07:45","modified_gmt":"2025-06-30T09:07:45","slug":"loszer-sb-kal-357-mag-fmj-1025g","status":"publish","type":"product","link":"https:\/\/staging.nbg.eu\/hu\/termek\/loszer-sb-kal-357-mag-fmj-1025g\/","title":{"rendered":"L\u0150SZER S&#038;B kal. 357 Mag FMJ 10.25g"},"content":{"rendered":"<div class=\"product-description\">\n<h2>S&amp;B FMJ .357 Magnum 10,25g<\/h2>\n<p>Sellier &amp; Bellot Full Metal Jacket .357 Magnum t\u00f6lt\u00e9ny. Ez a l\u0151szer revolver haszn\u00e1l\u00f3knak k\u00e9sz\u00fclt.<\/p>\n<h3>F\u0151 jellemz\u0151k:<\/h3>\n<ul>\n<li>Kaliber: .357 Magnum<\/li>\n<li>L\u00f6ved\u00e9k s\u00falya: 158gr\/10,25g Full Metal Jacket (FMJ)<\/li>\n<li>Cs\u0151torkolati sebess\u00e9g: 385 m\/s<\/li>\n<li>Ballisztikai egy\u00fctthat\u00f3: 0,184<\/li>\n<li>Er\u0151faktor: 199,6<\/li>\n<li>Doboz m\u00e9ret: 50 darab<\/li>\n<\/ul>\n<p>A Sellier &amp; Bellot 1825 \u00f3ta gy\u00e1rt l\u0151szereket. Ez a .357 Magnum t\u00f6lt\u00e9ny edz\u00e9sre, versenyz\u00e9sre \u00e9s egy\u00e9b l\u00f6v\u00e9szeti tev\u00e9kenys\u00e9gekre haszn\u00e1lhat\u00f3.<\/p>\n<p>Ezt a l\u0151szert civilek \u00e9s katonai szem\u00e9lyzet egyar\u00e1nt haszn\u00e1lja vil\u00e1gszerte. Az S&amp;B .357 Magnum t\u00f6lt\u00e9ny pontos \u00e9s megb\u00edzhat\u00f3.<\/p>\n<\/div>\n","protected":false},"excerpt":{"rendered":"<p>S&amp;B .357 Mag FMJ 10,25g: Er\u0151teljes, prec\u00edz revolvert\u00f6lt\u00e9ny edz\u00e9shez<\/p>\n","protected":false},"featured_media":359127,"template":"","meta":{"_acf_changed":false},"product_brand":[],"product_cat":[12952,12942],"product_tag":[],"class_list":{"0":"post-404795","1":"product","2":"type-product","3":"status-publish","4":"has-post-thumbnail","6":"product_cat-licencelt","7":"product_cat-loszer","9":"first","10":"instock","11":"taxable","12":"shipping-taxable","13":"purchasable","14":"product-type-simple"},"acf":[],"_links":{"self":[{"href":"https:\/\/staging.nbg.eu\/hu\/wp-json\/wp\/v2\/product\/404795","targetHints":{"allow":["GET"]}}],"collection":[{"href":"https:\/\/staging.nbg.eu\/hu\/wp-json\/wp\/v2\/product"}],"about":[{"href":"https:\/\/staging.nbg.eu\/hu\/wp-json\/wp\/v2\/types\/product"}],"wp:featuredmedia":[{"embeddable":true,"href":"https:\/\/staging.nbg.eu\/hu\/wp-json\/wp\/v2\/media\/359127"}],"wp:attachment":[{"href":"https:\/\/staging.nbg.eu\/hu\/wp-json\/wp\/v2\/media?parent=404795"}],"wp:term":[{"taxonomy":"product_brand","embeddable":true,"href":"https:\/\/staging.nbg.eu\/hu\/wp-json\/wp\/v2\/product_brand?post=404795"},{"taxonomy":"product_cat","embeddable":true,"href":"https:\/\/staging.nbg.eu\/hu\/wp-json\/wp\/v2\/product_cat?post=404795"},{"taxonomy":"product_tag","embeddable":true,"href":"https:\/\/staging.nbg.eu\/hu\/wp-json\/wp\/v2\/product_tag?post=404795"}],"curies":[{"name":"wp","href":"https:\/\/api.w.org\/{rel}","templated":true}]}}