{"id":39425,"date":"2024-08-26T13:35:02","date_gmt":"2024-09-09T14:49:05","guid":{"rendered":"https:\/\/staging.nbg.eu\/product\/vanward-felt\/"},"modified":"2024-09-09T14:50:35","modified_gmt":"2024-09-09T14:50:35","slug":"vanward-filc","status":"publish","type":"product","link":"https:\/\/staging.nbg.eu\/hu\/termek\/vanward-filc\/","title":{"rendered":"Vanward Filc"},"content":{"rendered":"<div class=\"product-description\">\n<h2>Vanward Felt Hangtomp\u00edt\u00f3<\/h2>\n<p>Tapasztalja meg a hangtomp\u00edt\u00f3 technol\u00f3gia k\u00f6vetkez\u0151 evol\u00faci\u00f3j\u00e1t a Vanward Felt-tel, amely a TE-Titan 3D nyomtatott hangtomp\u00edt\u00f3ib\u00f3l fejl\u0151d\u00f6tt ki.<\/p>\n<h2>F\u0151 jellemz\u0151k:<\/h2>\n<ul>\n<li>Optimaliz\u00e1lt terel\u0151lemez elhelyez\u00e9s a kiv\u00e1l\u00f3 nyom\u00e1skiegyenl\u00edt\u00e9s\u00e9rt<\/li>\n<li>Hatsz\u00f6glet\u0171 k\u00fcls\u0151 kialak\u00edt\u00e1s a fokozott szil\u00e1rds\u00e1g \u00e9s hat\u00e9kony h\u0171t\u00e9s \u00e9rdek\u00e9ben<\/li>\n<li>Hihetetlen\u00fcl k\u00f6nny\u0171, mind\u00f6ssze 171 gramm*<\/li>\n<li>Egyetlen darabban 3D nyomtatva 5-\u00f6s fokozat\u00fa tit\u00e1nb\u00f3l<\/li>\n<li>Rozsdamentes ac\u00e9l menetes r\u00e9sz<\/li>\n<li>Ellen\u00e1ll a v\u00edznek, s\u00f3oldatoknak \u00e9s l\u0151porg\u00e1zoknak<\/li>\n<li>Minim\u00e1lis l\u0151pormaradv\u00e1ny tapad\u00e1s<\/li>\n<\/ul>\n<h2>Specifik\u00e1ci\u00f3k:<\/h2>\n<ul>\n<li>El\u00e9rhet\u0151 kaliberek: .223, .264, .30<\/li>\n<li>Menett\u00edpusok: M18x1, M15x1, M14x1, 1\/2*28<\/li>\n<li>M\u00e9retek: \u00d842mm x 130mm hossz\u00fas\u00e1g<\/li>\n<\/ul>\n<p>A Vanward Felt-et a legjobb terepl\u00f6v\u00e9szek k\u00f6zrem\u0171k\u00f6d\u00e9s\u00e9vel tervezt\u00e9k, p\u00e1ratlan biztons\u00e1got, szil\u00e1rds\u00e1got \u00e9s teljes\u00edtm\u00e9nyt ny\u00fajtva. Be\u00e9p\u00edtett h\u0171t\u0151bord\u00e1i \u00e9s k\u00f6nny\u0171 kialak\u00edt\u00e1sa ide\u00e1liss\u00e1 teszik terepi l\u00f6v\u00e9szeti alkalmaz\u00e1sokhoz.<\/p>\n<p><em>*S\u00faly az M14x1 menett\u00edpusra vonatkozik<\/em><\/p>\n<\/div>\n","protected":false},"excerpt":{"rendered":"<p>K\u00f6nny\u0171, 3D-nyomtatott tit\u00e1n hangtomp\u00edt\u00f3 optimaliz\u00e1lt kialak\u00edt\u00e1ssal.<\/p>\n","protected":false},"featured_media":32225,"template":"","meta":{"_acf_changed":false},"product_brand":[11942],"product_cat":[12902,12967,12920],"product_tag":[],"class_list":{"0":"post-39425","1":"product","2":"type-product","3":"status-publish","4":"has-post-thumbnail","6":"product_brand-vanward","7":"product_cat-hangtompitok","8":"product_cat-puska","9":"product_cat-puska-hangtompitok","11":"first","12":"instock","13":"taxable","14":"shipping-taxable","15":"purchasable","16":"product-type-variable","17":"wvs-archive-product-wrapper"},"acf":[],"_links":{"self":[{"href":"https:\/\/staging.nbg.eu\/hu\/wp-json\/wp\/v2\/product\/39425","targetHints":{"allow":["GET"]}}],"collection":[{"href":"https:\/\/staging.nbg.eu\/hu\/wp-json\/wp\/v2\/product"}],"about":[{"href":"https:\/\/staging.nbg.eu\/hu\/wp-json\/wp\/v2\/types\/product"}],"wp:featuredmedia":[{"embeddable":true,"href":"https:\/\/staging.nbg.eu\/hu\/wp-json\/wp\/v2\/media\/32225"}],"wp:attachment":[{"href":"https:\/\/staging.nbg.eu\/hu\/wp-json\/wp\/v2\/media?parent=39425"}],"wp:term":[{"taxonomy":"product_brand","embeddable":true,"href":"https:\/\/staging.nbg.eu\/hu\/wp-json\/wp\/v2\/product_brand?post=39425"},{"taxonomy":"product_cat","embeddable":true,"href":"https:\/\/staging.nbg.eu\/hu\/wp-json\/wp\/v2\/product_cat?post=39425"},{"taxonomy":"product_tag","embeddable":true,"href":"https:\/\/staging.nbg.eu\/hu\/wp-json\/wp\/v2\/product_tag?post=39425"}],"curies":[{"name":"wp","href":"https:\/\/api.w.org\/{rel}","templated":true}]}}