{"id":38233,"date":"2024-08-26T13:54:16","date_gmt":"2024-09-09T14:38:36","guid":{"rendered":"https:\/\/staging.nbg.eu\/product\/vanward-ultra-light\/"},"modified":"2025-05-01T17:51:49","modified_gmt":"2025-05-01T17:51:49","slug":"vanward-ultrakoennyu","status":"publish","type":"product","link":"https:\/\/staging.nbg.eu\/hu\/termek\/vanward-ultrakoennyu\/","title":{"rendered":"Vanward Ultrak\u00f6nny\u0171"},"content":{"rendered":"<h2>Vanward Ultra K\u00f6nny\u0171 Hangtomp\u00edt\u00f3<\/h2>\n<p>Tapasztalja meg a p\u00e1ratlan k\u00f6nny\u0171s\u00e9get \u00e9s teljes\u00edtm\u00e9nyt a Vanward Ultra K\u00f6nny\u0171 hangtomp\u00edt\u00f3val. Mind\u00f6ssze 137 grammos* s\u00faly\u00e1val a legk\u00f6nnyebb a kateg\u00f3ri\u00e1j\u00e1ban, an\u00e9lk\u00fcl, hogy kompromisszumot k\u00f6tne a funkcionalit\u00e1s ter\u00e9n.<\/p>\n<h2>F\u0151bb jellemz\u0151k:<\/h2>\n<ul>\n<li>Optimaliz\u00e1lt terel\u0151lemez-elhelyez\u00e9s a kiv\u00e1l\u00f3 nyom\u00e1skiegyenl\u00edt\u00e9s \u00e9rdek\u00e9ben<\/li>\n<li>Hatsz\u00f6glet\u0171 k\u00fcls\u0151 kialak\u00edt\u00e1s a fokozott szil\u00e1rds\u00e1g \u00e9s h\u0171t\u00e9s \u00e9rdek\u00e9ben<\/li>\n<li>3D nyomtat\u00e1ssal k\u00e9sz\u00fclt egyetlen darab 5-\u00f6s fokozat\u00fa tit\u00e1nb\u00f3l<\/li>\n<li>Rendk\u00edv\u00fcl tart\u00f3s \u00e9s korr\u00f3zi\u00f3\u00e1ll\u00f3<\/li>\n<li>El\u00e9rhet\u0151 .223, .264 \u00e9s .30 kaliberekben<\/li>\n<li>Menett\u00edpusok: M18x1, M15x1, M14x1, 1\/2*28<\/li>\n<\/ul>\n<h2>M\u0171szaki adatok:<\/h2>\n<ul>\n<li>\u00c1tm\u00e9r\u0151: 42mm<\/li>\n<li>Hossz: 130mm<\/li>\n<li>S\u00faly: 137 gramm* (M18 modell)<\/li>\n<\/ul>\n<p>Emelje \u00faj szintre l\u00f6v\u00e9szeti \u00e9lm\u00e9ny\u00e9t a Vanward Ultra Light-tal &#8211; ahol az innov\u00e1ci\u00f3 tal\u00e1lkozik a teljes\u00edtm\u00e9nnyel.<\/p>\n","protected":false},"excerpt":{"rendered":"<p>Ultrak\u00f6nny\u0171 tit\u00e1n hangtomp\u00edt\u00f3, 137g. 3D nyomtatott, tart\u00f3s, hat\u00e9kony h\u0171t\u00e9ssel.<\/p>\n","protected":false},"featured_media":32433,"template":"","meta":{"_acf_changed":false},"product_brand":[11942],"product_cat":[12902,12967,12920],"product_tag":[],"class_list":{"0":"post-38233","1":"product","2":"type-product","3":"status-publish","4":"has-post-thumbnail","6":"product_brand-vanward","7":"product_cat-hangtompitok","8":"product_cat-puska","9":"product_cat-puska-hangtompitok","11":"first","12":"instock","13":"taxable","14":"shipping-taxable","15":"purchasable","16":"product-type-variable","17":"wvs-archive-product-wrapper"},"acf":[],"_links":{"self":[{"href":"https:\/\/staging.nbg.eu\/hu\/wp-json\/wp\/v2\/product\/38233","targetHints":{"allow":["GET"]}}],"collection":[{"href":"https:\/\/staging.nbg.eu\/hu\/wp-json\/wp\/v2\/product"}],"about":[{"href":"https:\/\/staging.nbg.eu\/hu\/wp-json\/wp\/v2\/types\/product"}],"wp:featuredmedia":[{"embeddable":true,"href":"https:\/\/staging.nbg.eu\/hu\/wp-json\/wp\/v2\/media\/32433"}],"wp:attachment":[{"href":"https:\/\/staging.nbg.eu\/hu\/wp-json\/wp\/v2\/media?parent=38233"}],"wp:term":[{"taxonomy":"product_brand","embeddable":true,"href":"https:\/\/staging.nbg.eu\/hu\/wp-json\/wp\/v2\/product_brand?post=38233"},{"taxonomy":"product_cat","embeddable":true,"href":"https:\/\/staging.nbg.eu\/hu\/wp-json\/wp\/v2\/product_cat?post=38233"},{"taxonomy":"product_tag","embeddable":true,"href":"https:\/\/staging.nbg.eu\/hu\/wp-json\/wp\/v2\/product_tag?post=38233"}],"curies":[{"name":"wp","href":"https:\/\/api.w.org\/{rel}","templated":true}]}}