{"id":37611,"date":"2024-09-02T10:54:46","date_gmt":"2024-09-02T10:54:46","guid":{"rendered":"https:\/\/staging.nbg.eu\/product\/bcm-quick-detach-sling-swivel-heavy-duty-design\/"},"modified":"2024-09-09T14:28:54","modified_gmt":"2024-09-09T14:28:54","slug":"bcm-gyorsleoldo-heveder-forgokapocs-megerositett-kivitel","status":"publish","type":"product","link":"https:\/\/staging.nbg.eu\/hu\/termek\/bcm-gyorsleoldo-heveder-forgokapocs-megerositett-kivitel\/","title":{"rendered":"BCM Gyorsleold\u00f3 Heveder Forg\u00f3kapocs (Meger\u0151s\u00edtett Kivitel)"},"content":{"rendered":"<div class=\"product-description\">\n<h2>BCM\u00ae Gyorsleold\u00f3 Fegyversz\u00edj Forg\u00f3 (Nagy Teherb\u00edr\u00e1s\u00fa Kivitel)<\/h2>\n<p>N\u00f6velje fegyvere funkcionalit\u00e1s\u00e1t a BCM\u00ae Gyorsleold\u00f3 Fegyversz\u00edj Forg\u00f3val, amely tart\u00f3ss\u00e1gra \u00e9s megb\u00edzhat\u00f3s\u00e1gra terveztek.<\/p>\n<ul>\n<li>S\u00fcllyesztett dugatty\u00fa kialak\u00edt\u00e1s megakad\u00e1lyozza a v\u00e9letlen kiold\u00e1st, biztos\u00edtva, hogy a fegyversz\u00edj biztons\u00e1gosan r\u00f6gz\u00edtve maradjon<\/li>\n<li>Prec\u00edzi\u00f3s megmunk\u00e1l\u00e1s\u00fa sz\u00e9nac\u00e9lb\u00f3l k\u00e9sz\u00fclt, mang\u00e1n-foszf\u00e1t bevonattal a kiv\u00e1l\u00f3 korr\u00f3zi\u00f3\u00e1ll\u00f3s\u00e1g \u00e9rdek\u00e9ben<\/li>\n<li>Sorj\u00e1zott \u00e9s homokf\u00favott a bevonat el\u0151tt a sima, akad\u00e1smentes fel\u00fclet \u00e9rdek\u00e9ben<\/li>\n<li>Kompatibilis 1-1\/4&#8243; fegyversz\u00edjakkal, sokoldal\u00fas\u00e1got biztos\u00edtva k\u00fcl\u00f6nb\u00f6z\u0151 \u00f6ssze\u00e1ll\u00edt\u00e1sokhoz<\/li>\n<li>Nagy teherb\u00edr\u00e1s\u00fa konstrukci\u00f3, amely ellen\u00e1ll a kih\u00edv\u00e1sokkal teli k\u00f6rnyezetekben t\u00f6rt\u00e9n\u0151 intenz\u00edv haszn\u00e1latnak<\/li>\n<\/ul>\n<p>B\u00edzzon a BCM min\u0151s\u00e9g \u00e9s teljes\u00edtm\u00e9ny ir\u00e1nti elk\u00f6telezetts\u00e9g\u00e9ben. Ez a gyorsleold\u00f3 fegyversz\u00edj forg\u00f3 t\u00f6k\u00e9letes kieg\u00e9sz\u00edt\u0151je taktikai felszerel\u00e9s\u00e9nek, gyors r\u00f6gz\u00edt\u00e9st \u00e9s lev\u00e1laszt\u00e1st biztos\u00edtva a biztons\u00e1g vesz\u00e9lyeztet\u00e9se n\u00e9lk\u00fcl.<\/p>\n<\/div>\n","protected":false},"excerpt":{"rendered":"<p>Gyorskiold\u00f3s, nagy teherb\u00edr\u00e1s\u00fa sz\u00edjkengyel. Biztons\u00e1gos, tart\u00f3s, 1-1\/4&#8243; kompatibilis.<\/p>\n","protected":false},"featured_media":36982,"template":"","meta":{"_acf_changed":false},"product_brand":[11064],"product_cat":[12930,12967,12916],"product_tag":[],"class_list":{"0":"post-37611","1":"product","2":"type-product","3":"status-publish","4":"has-post-thumbnail","6":"product_brand-bcm","7":"product_cat-hevederek","8":"product_cat-puska","9":"product_cat-puska-tuning","11":"first","12":"instock","13":"taxable","14":"shipping-taxable","15":"purchasable","16":"product-type-simple"},"acf":[],"_links":{"self":[{"href":"https:\/\/staging.nbg.eu\/hu\/wp-json\/wp\/v2\/product\/37611","targetHints":{"allow":["GET"]}}],"collection":[{"href":"https:\/\/staging.nbg.eu\/hu\/wp-json\/wp\/v2\/product"}],"about":[{"href":"https:\/\/staging.nbg.eu\/hu\/wp-json\/wp\/v2\/types\/product"}],"wp:featuredmedia":[{"embeddable":true,"href":"https:\/\/staging.nbg.eu\/hu\/wp-json\/wp\/v2\/media\/36982"}],"wp:attachment":[{"href":"https:\/\/staging.nbg.eu\/hu\/wp-json\/wp\/v2\/media?parent=37611"}],"wp:term":[{"taxonomy":"product_brand","embeddable":true,"href":"https:\/\/staging.nbg.eu\/hu\/wp-json\/wp\/v2\/product_brand?post=37611"},{"taxonomy":"product_cat","embeddable":true,"href":"https:\/\/staging.nbg.eu\/hu\/wp-json\/wp\/v2\/product_cat?post=37611"},{"taxonomy":"product_tag","embeddable":true,"href":"https:\/\/staging.nbg.eu\/hu\/wp-json\/wp\/v2\/product_tag?post=37611"}],"curies":[{"name":"wp","href":"https:\/\/api.w.org\/{rel}","templated":true}]}}