{"id":37588,"date":"2024-09-02T16:31:14","date_gmt":"2024-09-02T16:31:14","guid":{"rendered":"https:\/\/staging.nbg.eu\/product\/bcm-mcmr-sm-quick-detachable-sling-mount-m-lok-compatible\/"},"modified":"2024-09-09T14:21:58","modified_gmt":"2024-09-09T14:21:58","slug":"bcm-mcmr-sm-gyorsleoldo-heveder-roegzito-m-lok-kompatibilis","status":"publish","type":"product","link":"https:\/\/staging.nbg.eu\/hu\/termek\/bcm-mcmr-sm-gyorsleoldo-heveder-roegzito-m-lok-kompatibilis\/","title":{"rendered":"BCM MCMR-SM Gyorsleold\u00f3 Heveder R\u00f6gz\u00edt\u0151 (M-LOK Kompatibilis)"},"content":{"rendered":"<div class=\"product-description\">\n<h2>BCM\u00ae MCMR-SM Gyorsan Lev\u00e1laszthat\u00f3 Sz\u00edjr\u00f6gz\u00edt\u0151 (M-LOK\u00ae Kompatibilis*)<\/h2>\n<p>N\u00f6velje fegyvere sokoldal\u00fas\u00e1g\u00e1t a BCM\u00ae MCMR-SM Gyorsan Lev\u00e1laszthat\u00f3 Sz\u00edjr\u00f6gz\u00edt\u0151vel. Ez az alacsony profil\u00fa kieg\u00e9sz\u00edt\u0151 a megn\u00f6velt mobilit\u00e1s \u00e9s a cs\u00f6kkentett fennakad\u00e1si lehet\u0151s\u00e9g \u00e9rdek\u00e9ben tervezt\u00e9k, \u00edgy elengedhetetlen kieg\u00e9sz\u00edt\u0151je az M-LOK\u00ae kompatibilis felszerel\u00e9s\u00e9nek.<\/p>\n<ul>\n<li>M-LOK\u00ae kompatibilis a k\u00f6nny\u0171 felszerel\u00e9s\u00e9rt<\/li>\n<li>Alkalmas standard nyom\u00f3gombos, gyorsan lev\u00e1laszthat\u00f3 sz\u00edjforg\u00f3khoz (nem tartoz\u00e9k)<\/li>\n<li>8 poz\u00edci\u00f3s (360\u00b0) nem forg\u00f3 z\u00e1r\u00f3fel\u00fclet az optim\u00e1lis sz\u00edjelhelyez\u00e9shez<\/li>\n<li>Tart\u00f3s, teljes ac\u00e9l konstrukci\u00f3 biztos\u00edtja a hosszan tart\u00f3 teljes\u00edtm\u00e9nyt<\/li>\n<\/ul>\n<p>Tapasztalja meg a fokozott man\u0151verezhet\u0151s\u00e9get \u00e9s a gyors sz\u00edjr\u00f6gz\u00edt\u00e9st ezzel a robusztus, alacsony profil\u00fa r\u00f6gz\u00edt\u0151vel. Megjegyz\u00e9s: A gyorsan lev\u00e1laszthat\u00f3 sz\u00edjforg\u00f3 k\u00fcl\u00f6n kaphat\u00f3.<\/p>\n<\/div>\n","protected":false},"excerpt":{"rendered":"<p>BCM\u00ae MCMR-SM QD hevederr\u00f6gz\u00edt\u0151: alacsony profil\u00fa, M-LOK kompatibilis.<\/p>\n","protected":false},"featured_media":37052,"template":"","meta":{"_acf_changed":false},"product_brand":[11064],"product_cat":[12930,12967,12916],"product_tag":[],"class_list":{"0":"post-37588","1":"product","2":"type-product","3":"status-publish","4":"has-post-thumbnail","6":"product_brand-bcm","7":"product_cat-hevederek","8":"product_cat-puska","9":"product_cat-puska-tuning","11":"first","12":"instock","13":"taxable","14":"shipping-taxable","15":"purchasable","16":"product-type-simple"},"acf":[],"_links":{"self":[{"href":"https:\/\/staging.nbg.eu\/hu\/wp-json\/wp\/v2\/product\/37588","targetHints":{"allow":["GET"]}}],"collection":[{"href":"https:\/\/staging.nbg.eu\/hu\/wp-json\/wp\/v2\/product"}],"about":[{"href":"https:\/\/staging.nbg.eu\/hu\/wp-json\/wp\/v2\/types\/product"}],"wp:featuredmedia":[{"embeddable":true,"href":"https:\/\/staging.nbg.eu\/hu\/wp-json\/wp\/v2\/media\/37052"}],"wp:attachment":[{"href":"https:\/\/staging.nbg.eu\/hu\/wp-json\/wp\/v2\/media?parent=37588"}],"wp:term":[{"taxonomy":"product_brand","embeddable":true,"href":"https:\/\/staging.nbg.eu\/hu\/wp-json\/wp\/v2\/product_brand?post=37588"},{"taxonomy":"product_cat","embeddable":true,"href":"https:\/\/staging.nbg.eu\/hu\/wp-json\/wp\/v2\/product_cat?post=37588"},{"taxonomy":"product_tag","embeddable":true,"href":"https:\/\/staging.nbg.eu\/hu\/wp-json\/wp\/v2\/product_tag?post=37588"}],"curies":[{"name":"wp","href":"https:\/\/api.w.org\/{rel}","templated":true}]}}