{"id":37563,"date":"2024-09-02T16:34:30","date_gmt":"2024-09-02T16:34:30","guid":{"rendered":"https:\/\/staging.nbg.eu\/product\/bcm-3-inch-picatinny-rail-section-aluminum-m-lok-compatible\/"},"modified":"2024-09-09T14:10:02","modified_gmt":"2024-09-09T14:10:02","slug":"bcm-3-huevelykes-picatinny-sin-szekcio-aluminium-m-lok-kompatibilis","status":"publish","type":"product","link":"https:\/\/staging.nbg.eu\/hu\/termek\/bcm-3-huevelykes-picatinny-sin-szekcio-aluminium-m-lok-kompatibilis\/","title":{"rendered":"BCM 3 h\u00fcvelykes Picatinny S\u00edn Szekci\u00f3, Alum\u00ednium (M-LOK Kompatibilis)"},"content":{"rendered":"<div class=\"product-description\">\n<h2>BCM\u00ae 3 h\u00fcvelykes Picatinny s\u00edn szekci\u00f3, alum\u00ednium (M-LOK\u00ae kompatibilis*)<\/h2>\n<p>N\u00f6velje fegyvere sokoldal\u00fas\u00e1g\u00e1t a BCM\u00ae 3 h\u00fcvelykes Picatinny s\u00edn szekci\u00f3val. Ez a pr\u00e9mium kieg\u00e9sz\u00edt\u0151 kem\u00e9nyen elox\u00e1lt rep\u00fcl\u0151g\u00e9p-alum\u00ednium \u00f6tv\u00f6zetb\u0151l k\u00e9sz\u00fcl, biztos\u00edtva a tart\u00f3ss\u00e1got \u00e9s hossz\u00fa \u00e9lettartamot a legig\u00e9nyesebb k\u00f6rnyezetekben is.<\/p>\n<ul>\n<li>Mil-Standard 1913 Picatinny Arsenal specifik\u00e1ci\u00f3k szerint gy\u00e1rtva<\/li>\n<li>Akad\u00e1smentes kialak\u00edt\u00e1s a sima kezelhet\u0151s\u00e9g \u00e9rdek\u00e9ben<\/li>\n<li>M-LOK\u00ae kompatibilis a k\u00f6nny\u0171 fel- \u00e9s leszerel\u00e9shez<\/li>\n<li>K\u00f6nny\u0171, m\u00e9gis robusztus szerkezet<\/li>\n<li>Ide\u00e1lis k\u00fcl\u00f6nb\u00f6z\u0151 kieg\u00e9sz\u00edt\u0151k, p\u00e9ld\u00e1ul l\u00e1mp\u00e1k, l\u00e9zerek \u00e9s markolatok r\u00f6gz\u00edt\u00e9s\u00e9hez<\/li>\n<\/ul>\n<p>Ez a s\u00edn szekci\u00f3 \u00f6tv\u00f6zi a funkcionalit\u00e1st a taktikai eszt\u00e9tik\u00e1val, lehet\u0151v\u00e9 t\u00e9ve, hogy fegyver\u00e9t az egyedi ig\u00e9nyeinek megfelel\u0151en testreszabja. Ak\u00e1r profi kezel\u0151, ak\u00e1r lelkes amat\u0151r, a BCM\u00ae 3 h\u00fcvelykes Picatinny s\u00edn szekci\u00f3 elengedhetetlen kieg\u00e9sz\u00edt\u0151je felszerel\u00e9s\u00e9nek.<\/p>\n<\/div>\n","protected":false},"excerpt":{"rendered":"<p>BCM\u00ae 3&#8243; Picatinny s\u00edn: Katonai szabv\u00e1ny\u00fa, M-LOK kompatibilis, akad\u00e1smentes<\/p>\n","protected":false},"featured_media":37191,"template":"","meta":{"_acf_changed":false},"product_brand":[11064],"product_cat":[12967,12916,12915],"product_tag":[],"class_list":{"0":"post-37563","1":"product","2":"type-product","3":"status-publish","4":"has-post-thumbnail","6":"product_brand-bcm","7":"product_cat-puska","8":"product_cat-puska-tuning","9":"product_cat-sinek","11":"first","12":"instock","13":"taxable","14":"shipping-taxable","15":"purchasable","16":"product-type-simple"},"acf":[],"_links":{"self":[{"href":"https:\/\/staging.nbg.eu\/hu\/wp-json\/wp\/v2\/product\/37563","targetHints":{"allow":["GET"]}}],"collection":[{"href":"https:\/\/staging.nbg.eu\/hu\/wp-json\/wp\/v2\/product"}],"about":[{"href":"https:\/\/staging.nbg.eu\/hu\/wp-json\/wp\/v2\/types\/product"}],"wp:featuredmedia":[{"embeddable":true,"href":"https:\/\/staging.nbg.eu\/hu\/wp-json\/wp\/v2\/media\/37191"}],"wp:attachment":[{"href":"https:\/\/staging.nbg.eu\/hu\/wp-json\/wp\/v2\/media?parent=37563"}],"wp:term":[{"taxonomy":"product_brand","embeddable":true,"href":"https:\/\/staging.nbg.eu\/hu\/wp-json\/wp\/v2\/product_brand?post=37563"},{"taxonomy":"product_cat","embeddable":true,"href":"https:\/\/staging.nbg.eu\/hu\/wp-json\/wp\/v2\/product_cat?post=37563"},{"taxonomy":"product_tag","embeddable":true,"href":"https:\/\/staging.nbg.eu\/hu\/wp-json\/wp\/v2\/product_tag?post=37563"}],"curies":[{"name":"wp","href":"https:\/\/api.w.org\/{rel}","templated":true}]}}