{"id":37517,"date":"2024-09-02T16:37:54","date_gmt":"2024-09-02T16:37:54","guid":{"rendered":"https:\/\/staging.nbg.eu\/product\/bcm-kag-m-lok-compatible\/"},"modified":"2024-09-09T14:01:25","modified_gmt":"2024-09-09T14:01:25","slug":"bcm-kag-m-lok-kompatibilis","status":"publish","type":"product","link":"https:\/\/staging.nbg.eu\/hu\/termek\/bcm-kag-m-lok-kompatibilis\/","title":{"rendered":"BCM KAG &#8211; (M-LOK Kompatibilis)"},"content":{"rendered":"<div class=\"product-description\">\n<h2>BCM\u00ae KAG &#8211; Kinetikus Sz\u00f6gelt Markolat (M-LOK\u00ae Kompatibilis*)<\/h2>\n<p>Fokozza l\u00f6v\u00e9szeti \u00e9lm\u00e9ny\u00e9t a BCM\u00ae KAG-gal, amely a BCM\u00ae \u00e9s Travis Haley (Haley Strategic Partners) egy\u00fcttm\u0171k\u00f6d\u00e9s\u00e9nek eredm\u00e9nye. Ez az innovat\u00edv markolat a k\u00f6vetkez\u0151 jellemz\u0151kkel rendelkezik:<\/p>\n<ul>\n<li>Biomechanikailag hat\u00e9kony el\u0151red\u00f6nt\u00e9s a pozit\u00edv megtart\u00e1s \u00e9rdek\u00e9ben<\/li>\n<li>\u00cdz\u00fcleti terhel\u00e9scs\u00f6kkent\u00e9s a csukl\u00f3, k\u00f6ny\u00f6k \u00e9s v\u00e1ll sz\u00e1m\u00e1ra<\/li>\n<li>Textur\u00e1lt el\u00fcls\u0151 \u00e9s h\u00e1ts\u00f3 r\u00e9sz a konzisztens fog\u00e1s \u00e9rdek\u00e9ben<\/li>\n<li>Ide\u00e1lis &#8222;C-bilincs&#8221; fog\u00e1shoz \u00e9s t\u00e1masztott l\u0151poz\u00edci\u00f3khoz<\/li>\n<li>Kompakt kialak\u00edt\u00e1s a jobb fegyverkezel\u00e9s \u00e9rdek\u00e9ben<\/li>\n<li>Az Egyes\u00fclt \u00c1llamokban k\u00e9sz\u00fcl, kiv\u00e1l\u00f3 min\u0151s\u00e9g\u0171, \u00fct\u00e9s\u00e1ll\u00f3 polimerb\u0151l<\/li>\n<\/ul>\n<p>A KAG ergonomikus kialak\u00edt\u00e1sa kieg\u00e9sz\u00edti a modern l\u00f6v\u00e9szeti fog\u00e1sokat, lehet\u0151v\u00e9 t\u00e9ve a z\u00f6kken\u0151mentes \u00e1tmeneteket \u00e9s a fokozott hat\u00e9konys\u00e1got an\u00e9lk\u00fcl, hogy n\u00f6veln\u00e9 a fegyverrendszer m\u00e9ret\u00e9t.<\/p>\n<\/div>\n","protected":false},"excerpt":{"rendered":"<p>BCM\u00ae KAG: Ergonomikus M-LOK\u00ae markolat a fegyver jobb ir\u00e1ny\u00edthat\u00f3s\u00e1g\u00e1\u00e9rt.<\/p>\n","protected":false},"featured_media":37355,"template":"","meta":{"_acf_changed":false},"product_brand":[11064],"product_cat":[12983],"product_tag":[],"class_list":{"0":"post-37517","1":"product","2":"type-product","3":"status-publish","4":"has-post-thumbnail","6":"product_brand-bcm","7":"product_cat-kategorizalatlan","9":"first","10":"instock","11":"taxable","12":"shipping-taxable","13":"purchasable","14":"product-type-variable","15":"wvs-archive-product-wrapper"},"acf":[],"_links":{"self":[{"href":"https:\/\/staging.nbg.eu\/hu\/wp-json\/wp\/v2\/product\/37517","targetHints":{"allow":["GET"]}}],"collection":[{"href":"https:\/\/staging.nbg.eu\/hu\/wp-json\/wp\/v2\/product"}],"about":[{"href":"https:\/\/staging.nbg.eu\/hu\/wp-json\/wp\/v2\/types\/product"}],"wp:featuredmedia":[{"embeddable":true,"href":"https:\/\/staging.nbg.eu\/hu\/wp-json\/wp\/v2\/media\/37355"}],"wp:attachment":[{"href":"https:\/\/staging.nbg.eu\/hu\/wp-json\/wp\/v2\/media?parent=37517"}],"wp:term":[{"taxonomy":"product_brand","embeddable":true,"href":"https:\/\/staging.nbg.eu\/hu\/wp-json\/wp\/v2\/product_brand?post=37517"},{"taxonomy":"product_cat","embeddable":true,"href":"https:\/\/staging.nbg.eu\/hu\/wp-json\/wp\/v2\/product_cat?post=37517"},{"taxonomy":"product_tag","embeddable":true,"href":"https:\/\/staging.nbg.eu\/hu\/wp-json\/wp\/v2\/product_tag?post=37517"}],"curies":[{"name":"wp","href":"https:\/\/api.w.org\/{rel}","templated":true}]}}