{"id":37451,"date":"2024-09-02T10:45:09","date_gmt":"2024-09-09T13:25:06","guid":{"rendered":"https:\/\/staging.nbg.eu\/product\/condition-one-j-arm-45-1-70\/"},"modified":"2024-09-09T13:25:44","modified_gmt":"2024-09-09T13:25:44","slug":"condition-one-j-kar-45-170","status":"publish","type":"product","link":"https:\/\/staging.nbg.eu\/hu\/termek\/condition-one-j-kar-45-170\/","title":{"rendered":"Condition One J-Kar 45\u00b0 1.70"},"content":{"rendered":"<div class=\"product-description\">\n<h2>Condition One J-Kar 45\u00b0 1,70<\/h2>\n<p>Fokozza Condition One Modul\u00e1ris R\u00f6gz\u00edt\u0151j\u00e9t (C.O.M.M.) a sokoldal\u00fa Condition One J-Karral. Ez az elengedhetetlen kieg\u00e9sz\u00edt\u0151 p\u00e1ratlan rugalmass\u00e1got k\u00edn\u00e1l k\u00fcl\u00f6nb\u00f6z\u0151 tartoz\u00e9kok felszerel\u00e9s\u00e9hez.<\/p>\n<ul>\n<li>45\u00b0-os sz\u00f6g az optim\u00e1lis pozicion\u00e1l\u00e1shoz<\/li>\n<li>1,70&#8243; hossz\u00fas\u00e1g a tartoz\u00e9kok pontos elhelyez\u00e9s\u00e9hez<\/li>\n<li>K\u00e9tkezes kialak\u00edt\u00e1s &#8211; bal vagy jobb oldalra szerelhet\u0151<\/li>\n<li>\u00c1ll\u00edthat\u00f3 el\u00fcls\u0151 \u00e9s h\u00e1ts\u00f3 pozicion\u00e1l\u00e1s<\/li>\n<li>Tart\u00f3s 7075-T6 alum\u00edniumb\u00f3l k\u00e9sz\u00fclt<\/li>\n<li>III-as t\u00edpus\u00fa kem\u00e9nybevonat\u00fa elox\u00e1lt fel\u00fclet<\/li>\n<li>El\u00e9rhet\u0151 homoksz\u00ednben \u00e9s feket\u00e9ben<\/li>\n<\/ul>\n<p>Alak\u00edtsa felszerel\u00e9s\u00e9t k\u00f6nnyed\u00e9n \u00e9s hat\u00e9konyan. A J-Kar alkalmazkod\u00f3k\u00e9pess\u00e9ge lehet\u0151v\u00e9 teszi a felhaszn\u00e1l\u00f3k sz\u00e1m\u00e1ra, hogy b\u00e1rmilyen k\u00fcldet\u00e9shez vagy preferenci\u00e1hoz optimaliz\u00e1lj\u00e1k felszerel\u00e9s\u00fcket. Tapasztalja meg a kiv\u00e1l\u00f3 min\u0151s\u00e9get \u00e9s funkcionalit\u00e1st a Condition One J-Kar 45\u00b0 1,70-nel.<\/p>\n<\/div>\n","protected":false},"excerpt":{"rendered":"<p>Sokoldal\u00fa 45\u00b0-os J-kar r\u00f6gz\u00edt\u0151 C.O.M.M.-hoz. Tart\u00f3s alum\u00edniumb\u00f3l k\u00e9sz\u00fclt, \u00e1ll\u00edthat\u00f3.<\/p>\n","protected":false},"featured_media":35363,"template":"","meta":{"_acf_changed":false},"product_brand":[11087],"product_cat":[12943,12944,12967,12916],"product_tag":[],"class_list":{"0":"post-37451","1":"product","2":"type-product","3":"status-publish","4":"has-post-thumbnail","6":"product_brand-badger-ordnance","7":"product_cat-celzas","8":"product_cat-piros-pontok","9":"product_cat-puska","10":"product_cat-puska-tuning","12":"first","13":"instock","14":"taxable","15":"shipping-taxable","16":"purchasable","17":"product-type-simple"},"acf":[],"_links":{"self":[{"href":"https:\/\/staging.nbg.eu\/hu\/wp-json\/wp\/v2\/product\/37451","targetHints":{"allow":["GET"]}}],"collection":[{"href":"https:\/\/staging.nbg.eu\/hu\/wp-json\/wp\/v2\/product"}],"about":[{"href":"https:\/\/staging.nbg.eu\/hu\/wp-json\/wp\/v2\/types\/product"}],"wp:featuredmedia":[{"embeddable":true,"href":"https:\/\/staging.nbg.eu\/hu\/wp-json\/wp\/v2\/media\/35363"}],"wp:attachment":[{"href":"https:\/\/staging.nbg.eu\/hu\/wp-json\/wp\/v2\/media?parent=37451"}],"wp:term":[{"taxonomy":"product_brand","embeddable":true,"href":"https:\/\/staging.nbg.eu\/hu\/wp-json\/wp\/v2\/product_brand?post=37451"},{"taxonomy":"product_cat","embeddable":true,"href":"https:\/\/staging.nbg.eu\/hu\/wp-json\/wp\/v2\/product_cat?post=37451"},{"taxonomy":"product_tag","embeddable":true,"href":"https:\/\/staging.nbg.eu\/hu\/wp-json\/wp\/v2\/product_tag?post=37451"}],"curies":[{"name":"wp","href":"https:\/\/api.w.org\/{rel}","templated":true}]}}