{"id":36733,"date":"2024-07-29T19:05:32","date_gmt":"2024-09-02T14:41:45","guid":{"rendered":"https:\/\/staging.nbg.eu\/product\/medium-tkn-refill-advanced\/"},"modified":"2024-09-02T14:42:46","modified_gmt":"2024-09-02T14:42:46","slug":"koezepes-tkn-utantoelto-halado","status":"publish","type":"product","link":"https:\/\/staging.nbg.eu\/hu\/termek\/koezepes-tkn-utantoelto-halado\/","title":{"rendered":"K\u00f6zepes TKN! Ut\u00e1nt\u00f6lt\u0151 &#8211; HALAD\u00d3"},"content":{"rendered":"<div class=\"product-description\">\n<h2>K\u00f6zepes TKN!\u2122 Ut\u00e1nt\u00f6lt\u0151 &#8211; HALAD\u00d3 a BlueForceGear-t\u0151l<\/h2>\n<p>Fejlessze trauma k\u00e9szlet\u00e9t a BlueForceGear K\u00f6zepes TKN!\u2122 Ut\u00e1nt\u00f6lt\u0151 &#8211; HALAD\u00d3 csomagj\u00e1val. Ez az \u00e1tfog\u00f3 ut\u00e1nt\u00f6lt\u0151 k\u00e9szlet arra szolg\u00e1l, hogy felt\u00f6ltse megl\u00e9v\u0151 TKN!\u2122 (Trauma Kit NOW!) k\u00e9szlet\u00e9t, vagy \u00faj, teljesen felszerelt trauma k\u00e9szletet hozzon l\u00e9tre v\u00e9szhelyzetekre.<\/p>\n<h2>F\u0151 jellemz\u0151k:<\/h2>\n<ul>\n<li>Teljes k\u00e9szlet halad\u00f3 orvosi felszerel\u00e9sekb\u0151l trauma ell\u00e1t\u00e1shoz<\/li>\n<li>Tartalmazza a s\u00falyos s\u00e9r\u00fcl\u00e9sek kezel\u00e9s\u00e9hez sz\u00fcks\u00e9ges alapvet\u0151 eszk\u00f6z\u00f6ket<\/li>\n<li>Kompakt \u00e9s rendszerezett a gyors hozz\u00e1f\u00e9r\u00e9s \u00e9rdek\u00e9ben v\u00e9szhelyzetben<\/li>\n<li>Kiv\u00e1l\u00f3 min\u0151s\u00e9g\u0171, katonai szint\u0171 \u00f6sszetev\u0151k<\/li>\n<li>Alkalmas rendv\u00e9delmi szervek, katonas\u00e1g \u00e9s civilek sz\u00e1m\u00e1ra<\/li>\n<\/ul>\n<h2>A k\u00e9szlet tartalma:<\/h2>\n<ul>\n<li>A Halad\u00f3 Ut\u00e1nt\u00f6lt\u0151 K\u00e9szlet tartalmazza:\n<li>1. Trauma keszty\u0171 (Tekercselt 1x p\u00e1r)<\/li>\n<li>2. Quikclot Combat Gauze (1x)<\/li>\n<li>3. V\u00e9szhelyzeti trauma k\u00f6tszer 6&#8243; (1x)<\/li>\n<li>4. Hipotermi\u00e1s takar\u00f3<\/li>\n<li>5. Lapos ragaszt\u00f3szalag (1x)<\/li>\n<li>6. Pr\u00e9selt g\u00e9z (1x)<\/li>\n<li>7. Trauma oll\u00f3 (1x)<\/li>\n<li>8. Teljes m\u00e9ret\u0171 mellkasi tapasz (1x ikerpakk)<\/li>\n<li>9. Nasopharyngealis l\u00e9g\u00fat (1x)<\/li>\n<li>10. Dekompresszi\u00f3s t\u0171 (1x)<\/li>\n<\/ul>\n<p>A K\u00f6zepes TKN!\u2122 Ut\u00e1nt\u00f6lt\u0151 &#8211; HALAD\u00d3 szak\u00e9rt\u0151i v\u00e1logat\u00e1s, amely biztos\u00edtja a s\u00falyos v\u00e9rz\u00e9s, fesz\u00fcl\u0151 l\u00e9gmell \u00e9s l\u00e9g\u00fati elz\u00e1r\u00f3d\u00e1sok kezel\u00e9s\u00e9hez sz\u00fcks\u00e9ges eszk\u00f6z\u00f6ket. Minden \u00f6sszetev\u0151t gondosan v\u00e1lasztottak ki hat\u00e9konys\u00e1ga \u00e9s k\u00f6nny\u0171 haszn\u00e1lhat\u00f3s\u00e1ga alapj\u00e1n magas stresszhelyzetekben.<\/p>\n<p>Ak\u00e1r els\u0151seg\u00e9lyny\u00fajt\u00f3, term\u00e9szetj\u00e1r\u00f3, vagy egyszer\u0171en csak felk\u00e9sz\u00fcl a v\u00e1ratlan v\u00e9szhelyzetekre, ez az ut\u00e1nt\u00f6lt\u0151 k\u00e9szlet biztos\u00edtja, hogy felk\u00e9sz\u00fclt legyen a kritikus s\u00e9r\u00fcl\u00e9sek kezel\u00e9s\u00e9re, am\u00edg a professzion\u00e1lis orvosi seg\u00edts\u00e9g meg\u00e9rkezik. Ne k\u00f6ss\u00f6n kompromisszumot a biztons\u00e1g ter\u00e9n \u2013 v\u00e1lassza a BlueForceGear K\u00f6zepes TKN!\u2122 Ut\u00e1nt\u00f6lt\u0151 &#8211; HALAD\u00d3 k\u00e9szlet\u00e9t a megb\u00edzhat\u00f3, \u00e9letment\u0151 felszerel\u00e9s\u00e9rt.<\/p>\n<p><strong>Megjegyz\u00e9s:<\/strong> Az orvosi felszerel\u00e9sek megfelel\u0151 haszn\u00e1lat\u00e1hoz er\u0151sen aj\u00e1nlott a megfelel\u0151 k\u00e9pz\u00e9s a v\u00e9szhelyzetekben val\u00f3 optim\u00e1lis hat\u00e9konys\u00e1g \u00e9rdek\u00e9ben.<\/p>\n<\/div>\n","protected":false},"excerpt":{"rendered":"<p>Kompakt, fejlett traumakezel\u0151 k\u00e9szlet ut\u00e1nt\u00f6lt\u0151 kritikus ell\u00e1t\u00e1shoz terepen.<\/p>\n","protected":false},"featured_media":36742,"template":"","meta":{"_acf_changed":false},"product_brand":[11131],"product_cat":[12934,12969],"product_tag":[],"class_list":{"0":"post-36733","1":"product","2":"type-product","3":"status-publish","4":"has-post-thumbnail","6":"product_brand-blue-force-gear","7":"product_cat-felszereles","8":"product_cat-orvosi","10":"first","11":"instock","12":"taxable","13":"shipping-taxable","14":"purchasable","15":"product-type-simple"},"acf":[],"_links":{"self":[{"href":"https:\/\/staging.nbg.eu\/hu\/wp-json\/wp\/v2\/product\/36733","targetHints":{"allow":["GET"]}}],"collection":[{"href":"https:\/\/staging.nbg.eu\/hu\/wp-json\/wp\/v2\/product"}],"about":[{"href":"https:\/\/staging.nbg.eu\/hu\/wp-json\/wp\/v2\/types\/product"}],"wp:featuredmedia":[{"embeddable":true,"href":"https:\/\/staging.nbg.eu\/hu\/wp-json\/wp\/v2\/media\/36742"}],"wp:attachment":[{"href":"https:\/\/staging.nbg.eu\/hu\/wp-json\/wp\/v2\/media?parent=36733"}],"wp:term":[{"taxonomy":"product_brand","embeddable":true,"href":"https:\/\/staging.nbg.eu\/hu\/wp-json\/wp\/v2\/product_brand?post=36733"},{"taxonomy":"product_cat","embeddable":true,"href":"https:\/\/staging.nbg.eu\/hu\/wp-json\/wp\/v2\/product_cat?post=36733"},{"taxonomy":"product_tag","embeddable":true,"href":"https:\/\/staging.nbg.eu\/hu\/wp-json\/wp\/v2\/product_tag?post=36733"}],"curies":[{"name":"wp","href":"https:\/\/api.w.org\/{rel}","templated":true}]}}