{"id":36343,"date":"2024-07-30T18:54:40","date_gmt":"2024-09-02T13:54:37","guid":{"rendered":"https:\/\/staging.nbg.eu\/product\/mag-now-single-m4-pouch\/"},"modified":"2024-09-02T13:55:27","modified_gmt":"2024-09-02T13:55:27","slug":"mag-now-egyszeres-m4-tok","status":"publish","type":"product","link":"https:\/\/staging.nbg.eu\/hu\/termek\/mag-now-egyszeres-m4-tok\/","title":{"rendered":"MAG NOW! Egyszeres M4 Tok"},"content":{"rendered":"<div class=\"product-description\">\n<h2>MAG NOW! EGYES M4 T\u00c1RTART\u00d3 a BlueForceGear-t\u0151l<\/h2>\n<p>A MAG NOW! EGYES M4 T\u00c1RTART\u00d3 egy sokoldal\u00fa \u00e9s tart\u00f3s t\u00e1rtart\u00f3, amelyet gyors hozz\u00e1f\u00e9r\u00e9sre \u00e9s biztons\u00e1gos megtart\u00e1sra terveztek. Jellemz\u0151i k\u00f6z\u00e9 tartozik:<\/p>\n<ul>\n<li>Ultrak\u00f6nny\u0171 kialak\u00edt\u00e1s a szabadalmaztatott ULTRAcomp anyag felhaszn\u00e1l\u00e1s\u00e1val<\/li>\n<li>\u00c1ll\u00edthat\u00f3 r\u00f6gz\u00edt\u00e9s k\u00fcl\u00f6nb\u00f6z\u0151 t\u00e1rt\u00edpusokhoz<\/li>\n<li>MOLLE-kompatibilis r\u00f6gz\u00edt\u00e9si rendszer<\/li>\n<li>K\u00e9tkezes kialak\u00edt\u00e1s jobb- \u00e9s balkezeseknek egyar\u00e1nt<\/li>\n<li>Alacsony profil\u00fa kialak\u00edt\u00e1s a cs\u00f6kkentett t\u00e9rfogat \u00e9rdek\u00e9ben<\/li>\n<\/ul>\n<p>T\u00f6k\u00e9letes v\u00e1laszt\u00e1s katonai, rendv\u00e9delmi \u00e9s versenyszer\u0171 l\u00f6v\u00e9szek sz\u00e1m\u00e1ra, akik gyors t\u00e1rcsere \u00e9s megb\u00edzhat\u00f3 felszerel\u00e9s ir\u00e1nt ig\u00e9nyesek.<\/p>\n<\/div>\n","protected":false},"excerpt":{"rendered":"<p>Biztons\u00e1gos, gyors hozz\u00e1f\u00e9r\u00e9s\u0171 M4 t\u00e1rzseb. Tart\u00f3s, k\u00f6nny\u0171 kialak\u00edt\u00e1s.<\/p>\n","protected":false},"featured_media":34666,"template":"","meta":{"_acf_changed":false},"product_brand":[11131],"product_cat":[12934,12910,12925],"product_tag":[],"class_list":{"0":"post-36343","1":"product","2":"type-product","3":"status-publish","4":"has-post-thumbnail","6":"product_brand-blue-force-gear","7":"product_cat-felszereles","8":"product_cat-tartartok","9":"product_cat-tasakok","11":"first","12":"instock","13":"taxable","14":"shipping-taxable","15":"purchasable","16":"product-type-variable","17":"wvs-archive-product-wrapper"},"acf":[],"_links":{"self":[{"href":"https:\/\/staging.nbg.eu\/hu\/wp-json\/wp\/v2\/product\/36343","targetHints":{"allow":["GET"]}}],"collection":[{"href":"https:\/\/staging.nbg.eu\/hu\/wp-json\/wp\/v2\/product"}],"about":[{"href":"https:\/\/staging.nbg.eu\/hu\/wp-json\/wp\/v2\/types\/product"}],"wp:featuredmedia":[{"embeddable":true,"href":"https:\/\/staging.nbg.eu\/hu\/wp-json\/wp\/v2\/media\/34666"}],"wp:attachment":[{"href":"https:\/\/staging.nbg.eu\/hu\/wp-json\/wp\/v2\/media?parent=36343"}],"wp:term":[{"taxonomy":"product_brand","embeddable":true,"href":"https:\/\/staging.nbg.eu\/hu\/wp-json\/wp\/v2\/product_brand?post=36343"},{"taxonomy":"product_cat","embeddable":true,"href":"https:\/\/staging.nbg.eu\/hu\/wp-json\/wp\/v2\/product_cat?post=36343"},{"taxonomy":"product_tag","embeddable":true,"href":"https:\/\/staging.nbg.eu\/hu\/wp-json\/wp\/v2\/product_tag?post=36343"}],"curies":[{"name":"wp","href":"https:\/\/api.w.org\/{rel}","templated":true}]}}