{"id":36297,"date":"2024-07-30T18:55:35","date_gmt":"2024-09-02T13:50:37","guid":{"rendered":"https:\/\/staging.nbg.eu\/product\/helium-whisper-zippered-accessory-pouch\/"},"modified":"2024-09-02T13:51:36","modified_gmt":"2024-09-02T13:51:36","slug":"helium-whisper-zipzaras-kiegeszito-tok","status":"publish","type":"product","link":"https:\/\/staging.nbg.eu\/hu\/termek\/helium-whisper-zipzaras-kiegeszito-tok\/","title":{"rendered":"Helium Whisper Zipz\u00e1ras Kieg\u00e9sz\u00edt\u0151 Tok"},"content":{"rendered":"<p>\nA BlueForceGear HELIUM WHISPER\u00ae CIPZ\u00c1RAS KIEG\u00c9SZ\u00cdT\u0150 TASAK egy sokoldal\u00fa \u00e9s k\u00f6nny\u0171 t\u00e1rol\u00e1si megold\u00e1s a taktikai felszerel\u00e9sedhez. Jellemz\u0151i:<\/p>\n<ul>\n<li>Ultrak\u00f6nny\u0171 ULTRAcomp\u00ae anyag a tart\u00f3ss\u00e1g \u00e9s v\u00edz\u00e1ll\u00f3s\u00e1g \u00e9rdek\u00e9ben<\/li>\n<li>MOLLE-kompatibilis Helium Whisper\u00ae r\u00f6gz\u00edt\u00e9si rendszer a k\u00f6nny\u0171 integr\u00e1lhat\u00f3s\u00e1g\u00e9rt<\/li>\n<li>Cipz\u00e1ras f\u0151rekesz a biztons\u00e1gos t\u00e1rol\u00e1s\u00e9rt<\/li>\n<li>Bels\u0151 rugalmas rendszerez\u0151 hurkok kisebb t\u00e1rgyakhoz<\/li>\n<li>T\u00f6bbf\u00e9le sz\u00ednben el\u00e9rhet\u0151, hogy illeszkedjen a felszerel\u00e9sedhez<\/li>\n<\/ul>\n<p>T\u00f6k\u00e9letes orvosi felszerel\u00e9sek, elektronikai eszk\u00f6z\u00f6k vagy egy\u00e9b n\u00e9lk\u00fcl\u00f6zhetetlen t\u00e1rgyak t\u00e1rol\u00e1s\u00e1ra. Ez a tasak \u00f6tv\u00f6zi a funkcionalit\u00e1st a BlueForceGear innovat\u00edv diz\u00e1jnj\u00e1val az optim\u00e1lis teljes\u00edtm\u00e9ny \u00e9rdek\u00e9ben b\u00e1rmilyen k\u00f6rnyezetben.<\/p>\n","protected":false},"excerpt":{"rendered":"<p>K\u00f6nny\u0171, sokoldal\u00fa tasak biztons\u00e1gos felszerel\u00e9s-t\u00e1rol\u00e1shoz \u00fatk\u00f6zben.<\/p>\n","protected":false},"featured_media":36298,"template":"","meta":{"_acf_changed":false},"product_brand":[11131],"product_cat":[12934,12925],"product_tag":[],"class_list":{"0":"post-36297","1":"product","2":"type-product","3":"status-publish","4":"has-post-thumbnail","6":"product_brand-blue-force-gear","7":"product_cat-felszereles","8":"product_cat-tasakok","10":"first","11":"instock","12":"taxable","13":"shipping-taxable","14":"purchasable","15":"product-type-variable","16":"wvs-archive-product-wrapper"},"acf":[],"_links":{"self":[{"href":"https:\/\/staging.nbg.eu\/hu\/wp-json\/wp\/v2\/product\/36297","targetHints":{"allow":["GET"]}}],"collection":[{"href":"https:\/\/staging.nbg.eu\/hu\/wp-json\/wp\/v2\/product"}],"about":[{"href":"https:\/\/staging.nbg.eu\/hu\/wp-json\/wp\/v2\/types\/product"}],"wp:featuredmedia":[{"embeddable":true,"href":"https:\/\/staging.nbg.eu\/hu\/wp-json\/wp\/v2\/media\/36298"}],"wp:attachment":[{"href":"https:\/\/staging.nbg.eu\/hu\/wp-json\/wp\/v2\/media?parent=36297"}],"wp:term":[{"taxonomy":"product_brand","embeddable":true,"href":"https:\/\/staging.nbg.eu\/hu\/wp-json\/wp\/v2\/product_brand?post=36297"},{"taxonomy":"product_cat","embeddable":true,"href":"https:\/\/staging.nbg.eu\/hu\/wp-json\/wp\/v2\/product_cat?post=36297"},{"taxonomy":"product_tag","embeddable":true,"href":"https:\/\/staging.nbg.eu\/hu\/wp-json\/wp\/v2\/product_tag?post=36297"}],"curies":[{"name":"wp","href":"https:\/\/api.w.org\/{rel}","templated":true}]}}