{"id":35938,"date":"2024-04-18T05:40:44","date_gmt":"2024-09-02T13:39:46","guid":{"rendered":"https:\/\/staging.nbg.eu\/product\/blue-force-gear-vickers-sling-1-25\/"},"modified":"2024-09-13T09:17:34","modified_gmt":"2024-09-13T09:17:34","slug":"blue-force-gear-vickers-heveder-125","status":"publish","type":"product","link":"https:\/\/staging.nbg.eu\/hu\/termek\/blue-force-gear-vickers-heveder-125\/","title":{"rendered":"# Blue Force Gear Vickers Heveder, 1.25&#8243;"},"content":{"rendered":"<div class=\"product-description\">\n<h2>Blue Force Gear Vickers heveder, 1,25&#8243;<\/h2>\n<p>A Vickers Combat Applications Sling\u2122 egy szabadalmaztatott taktikai heveder, amelyet Larry Vickers-szel, a kor\u00e1bbi 1st SFOD-Delta m\u0171veleti tagj\u00e1val \u00e9s a Vickers Guide szerz\u0151j\u00e9vel k\u00f6z\u00f6sen fejlesztettek ki.<\/p>\n<ul>\n<li>Gyorsan \u00e1ll\u00edthat\u00f3 kialak\u00edt\u00e1s a gyors \u00e1tmenetekhez<\/li>\n<li>1,25&#8243; sz\u00e9less\u00e9g az optim\u00e1lis s\u00falyeloszl\u00e1shoz<\/li>\n<li>Az amerikai katonai er\u0151k \u00e1ltal haszn\u00e1lt<\/li>\n<li>Tart\u00f3s kivitelez\u00e9s a hosszan tart\u00f3 teljes\u00edtm\u00e9ny\u00e9rt<\/li>\n<\/ul>\n<p>A Vickers heveder jav\u00edtja a puska kezel\u00e9s\u00e9t \u00e9s a mozg\u00e9konys\u00e1got. Professzion\u00e1lis felhaszn\u00e1l\u00f3k \u00e9s lelkes amat\u0151r\u00f6k sz\u00e1m\u00e1ra egyar\u00e1nt alkalmas.<\/p>\n<\/div>\n","protected":false},"excerpt":{"rendered":"<p>Larry Vickers \u00e1ltal tervezett taktikai fegyversz\u00edj. Gyorsan \u00e1ll\u00edthat\u00f3, katonai min\u0151s\u00e9g\u0171.<\/p>\n","protected":false},"featured_media":35939,"template":"","meta":{"_acf_changed":false},"product_brand":[11131],"product_cat":[12934,12930],"product_tag":[],"class_list":{"0":"post-35938","1":"product","2":"type-product","3":"status-publish","4":"has-post-thumbnail","6":"product_brand-blue-force-gear","7":"product_cat-felszereles","8":"product_cat-hevederek","10":"first","11":"instock","12":"taxable","13":"shipping-taxable","14":"purchasable","15":"product-type-variable","16":"wvs-archive-product-wrapper"},"acf":[],"_links":{"self":[{"href":"https:\/\/staging.nbg.eu\/hu\/wp-json\/wp\/v2\/product\/35938","targetHints":{"allow":["GET"]}}],"collection":[{"href":"https:\/\/staging.nbg.eu\/hu\/wp-json\/wp\/v2\/product"}],"about":[{"href":"https:\/\/staging.nbg.eu\/hu\/wp-json\/wp\/v2\/types\/product"}],"wp:featuredmedia":[{"embeddable":true,"href":"https:\/\/staging.nbg.eu\/hu\/wp-json\/wp\/v2\/media\/35939"}],"wp:attachment":[{"href":"https:\/\/staging.nbg.eu\/hu\/wp-json\/wp\/v2\/media?parent=35938"}],"wp:term":[{"taxonomy":"product_brand","embeddable":true,"href":"https:\/\/staging.nbg.eu\/hu\/wp-json\/wp\/v2\/product_brand?post=35938"},{"taxonomy":"product_cat","embeddable":true,"href":"https:\/\/staging.nbg.eu\/hu\/wp-json\/wp\/v2\/product_cat?post=35938"},{"taxonomy":"product_tag","embeddable":true,"href":"https:\/\/staging.nbg.eu\/hu\/wp-json\/wp\/v2\/product_tag?post=35938"}],"curies":[{"name":"wp","href":"https:\/\/api.w.org\/{rel}","templated":true}]}}