{"id":35586,"date":"2024-07-30T14:27:38","date_gmt":"2024-09-02T13:33:21","guid":{"rendered":"https:\/\/staging.nbg.eu\/product\/blueforcegear-grid-belt\/"},"modified":"2024-09-02T13:34:17","modified_gmt":"2024-09-02T13:34:17","slug":"blueforcegear-grid-oev","status":"publish","type":"product","link":"https:\/\/staging.nbg.eu\/hu\/termek\/blueforcegear-grid-oev\/","title":{"rendered":"BlueForceGear GRID\u2122 \u00d6v"},"content":{"rendered":"<p>A BlueForceGear GRID\u2122 \u00f6v egy sokoldal\u00fa \u00e9s robusztus taktikai \u00f6v, amelyet maxim\u00e1lis k\u00e9nyelem \u00e9s funkcionalit\u00e1s jellemez. Az innovat\u00edv MOLLE-kompatibilis GRID\u2122 rendszernek k\u00f6sz\u00f6nhet\u0151en ez az \u00f6v lehet\u0151v\u00e9 teszi a tasakok \u00e9s kieg\u00e9sz\u00edt\u0151k testreszabott r\u00f6gz\u00edt\u00e9s\u00e9t. Tart\u00f3s anyagokb\u00f3l k\u00e9sz\u00fclt, kiv\u00e1l\u00f3 er\u0151ss\u00e9get \u00e9s hossz\u00fa \u00e9lettartamot biztos\u00edt.<\/p>\n<ul>\n<li>K\u00f6nny\u0171, m\u00e9gis strapab\u00edr\u00f3 kialak\u00edt\u00e1s<\/li>\n<li>Gyorskiold\u00f3s kobra csat a k\u00f6nny\u0171 fel- \u00e9s lev\u00e9telhez<\/li>\n<li>\u00c1ll\u00edthat\u00f3 a t\u00f6k\u00e9letes illeszked\u00e9s \u00e9rdek\u00e9ben<\/li>\n<li>Kompatibilis szolg\u00e1lati \u00e9s rejtett hordtokkal<\/li>\n<li>T\u00f6bbf\u00e9le sz\u00ednben \u00e9s m\u00e9retben kaphat\u00f3<\/li>\n<\/ul>\n<p>Tapasztalja meg a p\u00e1ratlan t\u00e1mogat\u00e1st \u00e9s rugalmass\u00e1got a BlueForceGear GRID\u2122 \u00f6vvel, amely ide\u00e1lis rendv\u00e9delmi szervek, katonai szem\u00e9lyzet \u00e9s taktikai rajong\u00f3k sz\u00e1m\u00e1ra.<\/p>\n","protected":false},"excerpt":{"rendered":"<p>Tart\u00f3s, alacsony profil\u00fa taktikai \u00f6v sokoldal\u00fa felszerel\u00e9s r\u00f6gz\u00edt\u00e9s\u00e9hez.<\/p>\n","protected":false},"featured_media":35587,"template":"","meta":{"_acf_changed":false},"product_brand":[11131],"product_cat":[12934,12953],"product_tag":[],"class_list":{"0":"post-35586","1":"product","2":"type-product","3":"status-publish","4":"has-post-thumbnail","6":"product_brand-blue-force-gear","7":"product_cat-felszereles","8":"product_cat-taktikai-oevek","10":"first","11":"instock","12":"taxable","13":"shipping-taxable","14":"purchasable","15":"product-type-variable","16":"wvs-archive-product-wrapper"},"acf":[],"_links":{"self":[{"href":"https:\/\/staging.nbg.eu\/hu\/wp-json\/wp\/v2\/product\/35586","targetHints":{"allow":["GET"]}}],"collection":[{"href":"https:\/\/staging.nbg.eu\/hu\/wp-json\/wp\/v2\/product"}],"about":[{"href":"https:\/\/staging.nbg.eu\/hu\/wp-json\/wp\/v2\/types\/product"}],"wp:featuredmedia":[{"embeddable":true,"href":"https:\/\/staging.nbg.eu\/hu\/wp-json\/wp\/v2\/media\/35587"}],"wp:attachment":[{"href":"https:\/\/staging.nbg.eu\/hu\/wp-json\/wp\/v2\/media?parent=35586"}],"wp:term":[{"taxonomy":"product_brand","embeddable":true,"href":"https:\/\/staging.nbg.eu\/hu\/wp-json\/wp\/v2\/product_brand?post=35586"},{"taxonomy":"product_cat","embeddable":true,"href":"https:\/\/staging.nbg.eu\/hu\/wp-json\/wp\/v2\/product_cat?post=35586"},{"taxonomy":"product_tag","embeddable":true,"href":"https:\/\/staging.nbg.eu\/hu\/wp-json\/wp\/v2\/product_tag?post=35586"}],"curies":[{"name":"wp","href":"https:\/\/api.w.org\/{rel}","templated":true}]}}