{"id":34830,"date":"2024-07-30T19:21:28","date_gmt":"2024-08-27T14:43:39","guid":{"rendered":"https:\/\/staging.nbg.eu\/product\/leg-strap-for-holster-adapter\/"},"modified":"2024-08-27T14:44:31","modified_gmt":"2024-08-27T14:44:31","slug":"lab-heveder-tok-adapterhez","status":"publish","type":"product","link":"https:\/\/staging.nbg.eu\/hu\/termek\/lab-heveder-tok-adapterhez\/","title":{"rendered":"L\u00e1b Heveder Tok Adapterhez"},"content":{"rendered":"<div class=\"product-description\">\n<h2>BlueForceGear Combtok Adapter R\u00f6gz\u00edt\u0151p\u00e1nt<\/h2>\n<p>N\u00f6velje tokja stabilit\u00e1s\u00e1t \u00e9s k\u00e9nyelm\u00e9t a BlueForceGear Combtok Adapter R\u00f6gz\u00edt\u0151p\u00e1nttal. Ez a tart\u00f3s, \u00e1ll\u00edthat\u00f3 p\u00e1nt \u00fagy lett kialak\u00edtva, hogy a tokot a combhoz r\u00f6gz\u00edtse, megb\u00edzhat\u00f3 \u00e9s k\u00f6vetkezetes h\u00faz\u00e1st biztos\u00edtva.<\/p>\n<ul>\n<h3>Jellemz\u0151k:<\/h3>\n<li>Kompatibilis a legt\u00f6bb tok adapterrel<\/li>\n<li>\u00c1ll\u00edthat\u00f3 a t\u00f6k\u00e9letes illeszked\u00e9s \u00e9rdek\u00e9ben<\/li>\n<li>Kiv\u00e1l\u00f3 min\u0151s\u00e9g\u0171, l\u00e9g\u00e1tereszt\u0151 anyagokb\u00f3l k\u00e9sz\u00fclt<\/li>\n<li>Cs\u00fasz\u00e1smentes kialak\u00edt\u00e1s a maxim\u00e1lis stabilit\u00e1s \u00e9rdek\u00e9ben<\/li>\n<li>Gyorskiold\u00f3 csat a k\u00f6nny\u0171 fel- \u00e9s lev\u00e9telhez<\/li>\n<\/ul>\n<p>Ide\u00e1lis rendv\u00e9delmi szervek, katonas\u00e1g \u00e9s civilek sz\u00e1m\u00e1ra, ez a combtok r\u00f6gz\u00edt\u0151p\u00e1nt biztos\u00edtja, hogy a tok a hely\u00e9n maradjon intenz\u00edv tev\u00e9kenys\u00e9gek sor\u00e1n is.<\/p>\n<\/div>\n","protected":false},"excerpt":{"rendered":"<p>Biztons\u00e1gos l\u00e1bsz\u00edj jav\u00edtja a tok stabilit\u00e1s\u00e1t a z\u00f6kken\u0151mentes h\u00faz\u00e1sokhoz.<\/p>\n","protected":false},"featured_media":34831,"template":"","meta":{"_acf_changed":false},"product_brand":[11131],"product_cat":[12934,12954,12921],"product_tag":[],"class_list":{"0":"post-34830","1":"product","2":"type-product","3":"status-publish","4":"has-post-thumbnail","6":"product_brand-blue-force-gear","7":"product_cat-felszereles","8":"product_cat-tok-kiegeszitok","9":"product_cat-tokk","11":"first","12":"instock","13":"taxable","14":"shipping-taxable","15":"purchasable","16":"product-type-variable","17":"wvs-archive-product-wrapper"},"acf":[],"_links":{"self":[{"href":"https:\/\/staging.nbg.eu\/hu\/wp-json\/wp\/v2\/product\/34830","targetHints":{"allow":["GET"]}}],"collection":[{"href":"https:\/\/staging.nbg.eu\/hu\/wp-json\/wp\/v2\/product"}],"about":[{"href":"https:\/\/staging.nbg.eu\/hu\/wp-json\/wp\/v2\/types\/product"}],"wp:featuredmedia":[{"embeddable":true,"href":"https:\/\/staging.nbg.eu\/hu\/wp-json\/wp\/v2\/media\/34831"}],"wp:attachment":[{"href":"https:\/\/staging.nbg.eu\/hu\/wp-json\/wp\/v2\/media?parent=34830"}],"wp:term":[{"taxonomy":"product_brand","embeddable":true,"href":"https:\/\/staging.nbg.eu\/hu\/wp-json\/wp\/v2\/product_brand?post=34830"},{"taxonomy":"product_cat","embeddable":true,"href":"https:\/\/staging.nbg.eu\/hu\/wp-json\/wp\/v2\/product_cat?post=34830"},{"taxonomy":"product_tag","embeddable":true,"href":"https:\/\/staging.nbg.eu\/hu\/wp-json\/wp\/v2\/product_tag?post=34830"}],"curies":[{"name":"wp","href":"https:\/\/api.w.org\/{rel}","templated":true}]}}