{"id":34664,"date":"2024-07-30T19:26:43","date_gmt":"2024-08-27T14:30:05","guid":{"rendered":"https:\/\/staging.nbg.eu\/product\/mag-now-triple-m4-pouch\/"},"modified":"2024-08-27T14:30:59","modified_gmt":"2024-08-27T14:30:59","slug":"mag-now-harmas-m4-tasak","status":"publish","type":"product","link":"https:\/\/staging.nbg.eu\/hu\/termek\/mag-now-harmas-m4-tasak\/","title":{"rendered":"MAG NOW! H\u00e1rmas M4 Tasak"},"content":{"rendered":"<p>A BlueForceGear <strong>MAG NOW! TRIPLE M4 POUCH<\/strong> egy nagy teljes\u00edtm\u00e9ny\u0171 t\u00e1rtart\u00f3, amelyet taktikai szakemberek \u00e9s lelkes felhaszn\u00e1l\u00f3k sz\u00e1m\u00e1ra terveztek. Jellemz\u0151i:<\/p>\n<ul>\n<li>H\u00e1rom darab 30 l\u0151szeres M4\/AR-15 t\u00e1r biztons\u00e1gos t\u00e1rol\u00e1sa<\/li>\n<li>Tart\u00f3s 500D Cordura nejlon szerkezet<\/li>\n<li>Helium Whisper r\u00f6gz\u00edt\u0151rendszer a k\u00f6nny\u0171 MOLLE kompatibilit\u00e1s\u00e9rt<\/li>\n<li>Gyors hozz\u00e1f\u00e9r\u00e9st biztos\u00edt\u00f3 gumis r\u00f6gz\u00edt\u0151p\u00e1ntok<\/li>\n<li>Alacsony profil\u00fa kialak\u00edt\u00e1s a kisebb m\u00e9ret \u00e9rdek\u00e9ben<\/li>\n<li>T\u00f6bbf\u00e9le sz\u00ednben kaphat\u00f3, hogy illeszkedjen a felszerel\u00e9s\u00e9hez<\/li>\n<\/ul>\n<p>Fejlessze felszerel\u00e9s\u00e9t ezzel a sokoldal\u00fa, megb\u00edzhat\u00f3 t\u00e1rtart\u00f3val, amely gyors t\u00e1rcsereeket biztos\u00edt, amikor minden m\u00e1sodperc sz\u00e1m\u00edt.<\/p>\n","protected":false},"excerpt":{"rendered":"<p>Biztons\u00e1gos h\u00e1rmas M4 t\u00e1rol\u00f3zseb. Gyors hozz\u00e1f\u00e9r\u00e9s. Tart\u00f3s kialak\u00edt\u00e1s.<\/p>\n","protected":false},"featured_media":34665,"template":"","meta":{"_acf_changed":false},"product_brand":[11131],"product_cat":[12934,12910,12925],"product_tag":[],"class_list":{"0":"post-34664","1":"product","2":"type-product","3":"status-publish","4":"has-post-thumbnail","6":"product_brand-blue-force-gear","7":"product_cat-felszereles","8":"product_cat-tartartok","9":"product_cat-tasakok","11":"first","12":"instock","13":"taxable","14":"shipping-taxable","15":"purchasable","16":"product-type-variable","17":"wvs-archive-product-wrapper"},"acf":[],"_links":{"self":[{"href":"https:\/\/staging.nbg.eu\/hu\/wp-json\/wp\/v2\/product\/34664","targetHints":{"allow":["GET"]}}],"collection":[{"href":"https:\/\/staging.nbg.eu\/hu\/wp-json\/wp\/v2\/product"}],"about":[{"href":"https:\/\/staging.nbg.eu\/hu\/wp-json\/wp\/v2\/types\/product"}],"wp:featuredmedia":[{"embeddable":true,"href":"https:\/\/staging.nbg.eu\/hu\/wp-json\/wp\/v2\/media\/34665"}],"wp:attachment":[{"href":"https:\/\/staging.nbg.eu\/hu\/wp-json\/wp\/v2\/media?parent=34664"}],"wp:term":[{"taxonomy":"product_brand","embeddable":true,"href":"https:\/\/staging.nbg.eu\/hu\/wp-json\/wp\/v2\/product_brand?post=34664"},{"taxonomy":"product_cat","embeddable":true,"href":"https:\/\/staging.nbg.eu\/hu\/wp-json\/wp\/v2\/product_cat?post=34664"},{"taxonomy":"product_tag","embeddable":true,"href":"https:\/\/staging.nbg.eu\/hu\/wp-json\/wp\/v2\/product_tag?post=34664"}],"curies":[{"name":"wp","href":"https:\/\/api.w.org\/{rel}","templated":true}]}}