{"id":34474,"date":"2024-07-30T19:30:06","date_gmt":"2024-08-27T14:18:00","guid":{"rendered":"https:\/\/staging.nbg.eu\/product\/admin-pouch\/"},"modified":"2024-08-27T14:19:10","modified_gmt":"2024-08-27T14:19:10","slug":"admin-tasak","status":"publish","type":"product","link":"https:\/\/staging.nbg.eu\/hu\/termek\/admin-tasak\/","title":{"rendered":"Admin Tasak"},"content":{"rendered":"<div class=\"product-description\">\n<h2>BlueForceGear Adminisztrat\u00edv T\u00e1ska<\/h2>\n<p>Maradjon szervezett a terepen a BlueForceGear Adminisztrat\u00edv T\u00e1sk\u00e1val. Ez a sokoldal\u00fa t\u00e1ska t\u00f6k\u00e9letes a fontos felszerel\u00e9sek t\u00e1rol\u00e1s\u00e1ra \u00e9s k\u00f6nnyen hozz\u00e1f\u00e9rhet\u0151v\u00e9 t\u00e9tel\u00e9re:<\/p>\n<ul>\n<li>Tart\u00f3s 500D Cordura szerkezet<\/li>\n<li>MOLLE-kompatibilis a k\u00f6nny\u0171 r\u00f6gz\u00edt\u00e9shez<\/li>\n<li>T\u00f6bbsz\u00f6r\u00f6s bels\u0151 zsebek \u00e9s rugalmas hurkok<\/li>\n<li>Biztons\u00e1gos cipz\u00e1ras z\u00e1r\u00e1s<\/li>\n<li>T\u00f6bb sz\u00ednben el\u00e9rhet\u0151<\/li>\n<\/ul>\n<p>Ide\u00e1lis katonai, rendv\u00e9delmi \u00e9s outdoor enthusiast\u00e1k sz\u00e1m\u00e1ra. Tartsa rendezetten \u00e9s k\u00f6nnyen hozz\u00e1f\u00e9rhet\u0151en az adminisztrat\u00edv t\u00e1rgyait ezzel a strapab\u00edr\u00f3, funkcion\u00e1lis t\u00e1sk\u00e1val.<\/p>\n<\/div>\n","protected":false},"excerpt":{"rendered":"<p>Kompakt, sokoldal\u00fa admin t\u00e1ska alapvet\u0151 felszerel\u00e9sek rendszerez\u00e9s\u00e9re \u00fatk\u00f6zben.<\/p>\n","protected":false},"featured_media":34481,"template":"","meta":{"_acf_changed":false},"product_brand":[11131],"product_cat":[12934,12925],"product_tag":[],"class_list":{"0":"post-34474","1":"product","2":"type-product","3":"status-publish","4":"has-post-thumbnail","6":"product_brand-blue-force-gear","7":"product_cat-felszereles","8":"product_cat-tasakok","10":"first","11":"instock","12":"taxable","13":"shipping-taxable","14":"purchasable","15":"product-type-variable","16":"wvs-archive-product-wrapper"},"acf":[],"_links":{"self":[{"href":"https:\/\/staging.nbg.eu\/hu\/wp-json\/wp\/v2\/product\/34474","targetHints":{"allow":["GET"]}}],"collection":[{"href":"https:\/\/staging.nbg.eu\/hu\/wp-json\/wp\/v2\/product"}],"about":[{"href":"https:\/\/staging.nbg.eu\/hu\/wp-json\/wp\/v2\/types\/product"}],"wp:featuredmedia":[{"embeddable":true,"href":"https:\/\/staging.nbg.eu\/hu\/wp-json\/wp\/v2\/media\/34481"}],"wp:attachment":[{"href":"https:\/\/staging.nbg.eu\/hu\/wp-json\/wp\/v2\/media?parent=34474"}],"wp:term":[{"taxonomy":"product_brand","embeddable":true,"href":"https:\/\/staging.nbg.eu\/hu\/wp-json\/wp\/v2\/product_brand?post=34474"},{"taxonomy":"product_cat","embeddable":true,"href":"https:\/\/staging.nbg.eu\/hu\/wp-json\/wp\/v2\/product_cat?post=34474"},{"taxonomy":"product_tag","embeddable":true,"href":"https:\/\/staging.nbg.eu\/hu\/wp-json\/wp\/v2\/product_tag?post=34474"}],"curies":[{"name":"wp","href":"https:\/\/api.w.org\/{rel}","templated":true}]}}