{"id":34160,"date":"2024-07-30T19:31:05","date_gmt":"2024-08-27T14:08:57","guid":{"rendered":"https:\/\/staging.nbg.eu\/product\/boo-boo-pouch\/"},"modified":"2024-08-27T14:10:14","modified_gmt":"2024-08-27T14:10:14","slug":"boo-boo-tasak","status":"publish","type":"product","link":"https:\/\/staging.nbg.eu\/hu\/termek\/boo-boo-tasak\/","title":{"rendered":"Boo Boo Tasak"},"content":{"rendered":"<p>A Blue Force Gear Boo Boo Pouch egy kompakt, sokoldal\u00fa eg\u00e9szs\u00e9g\u00fcgyi k\u00e9szlet, amelyet mindennapi hordoz\u00e1sra terveztek. Ez a k\u00f6nny\u0171 tasak k\u00f6nnyen r\u00f6gz\u00edthet\u0151 a felszerel\u00e9sedhez MOLLE\/PALS rendszer\u0171 hevederekkel vagy \u00f6vhurkokkal. Tart\u00f3s 500D Cordura nylonb\u00f3l k\u00e9sz\u00fclt, \u00edgy ellen\u00e1ll a zord k\u00f6r\u00fclm\u00e9nyeknek.<\/p>\n<ul>\n<li>M\u00e9retek: 10,16 cm x 10,16 cm x 5,08 cm<\/li>\n<li>T\u00f6bbf\u00e9le r\u00f6gz\u00edt\u00e9si lehet\u0151s\u00e9g<\/li>\n<li>Bels\u0151 rugalmas hurkok a rendszerez\u00e9shez<\/li>\n<li>K\u00fcl\u00f6nb\u00f6z\u0151 sz\u00ednekben el\u00e9rhet\u0151<\/li>\n<li>T\u00f6k\u00e9letes alapvet\u0151 els\u0151seg\u00e9ly-felszerel\u00e9sek t\u00e1rol\u00e1s\u00e1ra<\/li>\n<\/ul>\n<p>Ak\u00e1r t\u00far\u00e1zol, kempingezel vagy szolg\u00e1latban vagy, a Boo Boo Pouch biztos\u00edtja, hogy felk\u00e9sz\u00fclt legy\u00e9l kisebb s\u00e9r\u00fcl\u00e9sek \u00e9s v\u00e9szhelyzetek eset\u00e9n. Kompakt, m\u00e9gis t\u00e1gas, elengedhetetlen kieg\u00e9sz\u00edt\u0151je a mindennapi felszerel\u00e9sednek.<\/p>\n","protected":false},"excerpt":{"rendered":"<p>Kompakt orvosi t\u00e1ska alapvet\u0151 els\u0151seg\u00e9ly-felszerel\u00e9s hordoz\u00e1s\u00e1hoz \u00fatk\u00f6zben.<\/p>\n","protected":false},"featured_media":34166,"template":"","meta":{"_acf_changed":false},"product_brand":[11131],"product_cat":[12934,12925],"product_tag":[],"class_list":{"0":"post-34160","1":"product","2":"type-product","3":"status-publish","4":"has-post-thumbnail","6":"product_brand-blue-force-gear","7":"product_cat-felszereles","8":"product_cat-tasakok","10":"first","11":"instock","12":"taxable","13":"shipping-taxable","14":"purchasable","15":"product-type-variable","16":"wvs-archive-product-wrapper"},"acf":[],"_links":{"self":[{"href":"https:\/\/staging.nbg.eu\/hu\/wp-json\/wp\/v2\/product\/34160","targetHints":{"allow":["GET"]}}],"collection":[{"href":"https:\/\/staging.nbg.eu\/hu\/wp-json\/wp\/v2\/product"}],"about":[{"href":"https:\/\/staging.nbg.eu\/hu\/wp-json\/wp\/v2\/types\/product"}],"wp:featuredmedia":[{"embeddable":true,"href":"https:\/\/staging.nbg.eu\/hu\/wp-json\/wp\/v2\/media\/34166"}],"wp:attachment":[{"href":"https:\/\/staging.nbg.eu\/hu\/wp-json\/wp\/v2\/media?parent=34160"}],"wp:term":[{"taxonomy":"product_brand","embeddable":true,"href":"https:\/\/staging.nbg.eu\/hu\/wp-json\/wp\/v2\/product_brand?post=34160"},{"taxonomy":"product_cat","embeddable":true,"href":"https:\/\/staging.nbg.eu\/hu\/wp-json\/wp\/v2\/product_cat?post=34160"},{"taxonomy":"product_tag","embeddable":true,"href":"https:\/\/staging.nbg.eu\/hu\/wp-json\/wp\/v2\/product_tag?post=34160"}],"curies":[{"name":"wp","href":"https:\/\/api.w.org\/{rel}","templated":true}]}}