{"id":33888,"date":"2024-07-30T19:32:12","date_gmt":"2024-08-27T13:57:45","guid":{"rendered":"https:\/\/staging.nbg.eu\/product\/single-pistol-mag-pouch\/"},"modified":"2024-08-27T13:58:53","modified_gmt":"2024-08-27T13:58:53","slug":"egyes-pisztoly-tar-tasak","status":"publish","type":"product","link":"https:\/\/staging.nbg.eu\/hu\/termek\/egyes-pisztoly-tar-tasak\/","title":{"rendered":"Egyes Pisztoly T\u00e1r Tasak"},"content":{"rendered":"<div class=\"product-description\">\n<h2>Blue Force Gear Egy\u00e9gyes Pisztolyt\u00e1r Tok<\/h2>\n<p>Fokozza taktikai felszerel\u00e9s\u00e9t a Blue Force Gear Egy\u00e9gyes Pisztolyt\u00e1r Tokkal. Ez a kompakt, k\u00f6nny\u0171 tok gyors hozz\u00e1f\u00e9r\u00e9sre \u00e9s a pisztolyt\u00e1r biztons\u00e1gos megtart\u00e1s\u00e1ra tervezt\u00e9k.<\/p>\n<ul>\n<li>Tart\u00f3s 1000D Cordura anyag<\/li>\n<li>\u00c1ll\u00edthat\u00f3 feszess\u00e9g k\u00fcl\u00f6nb\u00f6z\u0151 t\u00e1rak m\u00e9ret\u00e9hez<\/li>\n<li>MOLLE-kompatibilis r\u00f6gz\u00edt\u00e9si rendszer<\/li>\n<li>Alacsony profil\u00fa kialak\u00edt\u00e1s a diszkr\u00e9t hord\u00e1shoz<\/li>\n<li>K\u00e9tkezes konfigur\u00e1l\u00e1s<\/li>\n<li>T\u00f6bb sz\u00ednben el\u00e9rhet\u0151<\/li>\n<\/ul>\n<p>T\u00f6k\u00e9letes rendv\u00e9delmi, katonai \u00e9s civil haszn\u00e1latra, ez a sokoldal\u00fa tok biztos\u00edtja, hogy tartal\u00e9k t\u00e1ra mindig k\u00e9zn\u00e9l legyen.<\/p>\n<\/div>\n","protected":false},"excerpt":{"rendered":"<p>Biztons\u00e1gos, karcs\u00fa t\u00e1rtart\u00f3. Gyors el\u0151h\u00faz\u00e1s\u00fa kialak\u00edt\u00e1s. Tart\u00f3s szerkezet.<\/p>\n","protected":false},"featured_media":33895,"template":"","meta":{"_acf_changed":false},"product_brand":[11131],"product_cat":[12934,12910,12925],"product_tag":[],"class_list":{"0":"post-33888","1":"product","2":"type-product","3":"status-publish","4":"has-post-thumbnail","6":"product_brand-blue-force-gear","7":"product_cat-felszereles","8":"product_cat-tartartok","9":"product_cat-tasakok","11":"first","12":"instock","13":"taxable","14":"shipping-taxable","15":"purchasable","16":"product-type-variable","17":"wvs-archive-product-wrapper"},"acf":[],"_links":{"self":[{"href":"https:\/\/staging.nbg.eu\/hu\/wp-json\/wp\/v2\/product\/33888","targetHints":{"allow":["GET"]}}],"collection":[{"href":"https:\/\/staging.nbg.eu\/hu\/wp-json\/wp\/v2\/product"}],"about":[{"href":"https:\/\/staging.nbg.eu\/hu\/wp-json\/wp\/v2\/types\/product"}],"wp:featuredmedia":[{"embeddable":true,"href":"https:\/\/staging.nbg.eu\/hu\/wp-json\/wp\/v2\/media\/33895"}],"wp:attachment":[{"href":"https:\/\/staging.nbg.eu\/hu\/wp-json\/wp\/v2\/media?parent=33888"}],"wp:term":[{"taxonomy":"product_brand","embeddable":true,"href":"https:\/\/staging.nbg.eu\/hu\/wp-json\/wp\/v2\/product_brand?post=33888"},{"taxonomy":"product_cat","embeddable":true,"href":"https:\/\/staging.nbg.eu\/hu\/wp-json\/wp\/v2\/product_cat?post=33888"},{"taxonomy":"product_tag","embeddable":true,"href":"https:\/\/staging.nbg.eu\/hu\/wp-json\/wp\/v2\/product_tag?post=33888"}],"curies":[{"name":"wp","href":"https:\/\/api.w.org\/{rel}","templated":true}]}}