{"id":32832,"date":"2024-07-30T19:40:48","date_gmt":"2024-08-27T12:39:30","guid":{"rendered":"https:\/\/staging.nbg.eu\/product\/ten-speed-sf-chest-rig-sr25-ar-10\/"},"modified":"2024-08-27T12:43:12","modified_gmt":"2024-08-27T12:43:12","slug":"ten-speed-sf-melleny-tarto-sr25-ar-10","status":"publish","type":"product","link":"https:\/\/staging.nbg.eu\/hu\/termek\/ten-speed-sf-melleny-tarto-sr25-ar-10\/","title":{"rendered":"Ten-Speed\u00ae SF Mell\u00e9ny Tart\u00f3 SR25 (AR-10)"},"content":{"rendered":"<div class=\"product-description\">\n<h2>Ten-Speed\u00ae SF mellkasi heveder SR25 (AR-10) a BlueForceGear-t\u0151l<\/h2>\n<p>Maxim\u00e1lis sokoldal\u00fas\u00e1gra \u00e9s k\u00e9nyelemre tervezve, ez a k\u00f6nny\u0171 mellkasi heveder t\u00f6k\u00e9letes SR25 \u00e9s AR-10 t\u00e1rakat. Jellemz\u0151i:<\/p>\n<ul>\n<li>H\u00e1rom Ten-Speed\u00ae t\u00f6bbc\u00e9l\u00fa zseb t\u00e1rakhoz vagy kieg\u00e9sz\u00edt\u0151kh\u00f6z<\/li>\n<li>\u00c1ll\u00edthat\u00f3 v\u00e1llp\u00e1ntok \u00e9s der\u00e9kp\u00e1nt a biztos illeszked\u00e9s\u00e9rt<\/li>\n<li>Tart\u00f3s ULTRAcomp\u00ae sz\u00f6vetb\u0151l k\u00e9sz\u00fclt<\/li>\n<li>Kompatibilis k\u00fcl\u00f6nb\u00f6z\u0151 BlueForceGear kieg\u00e9sz\u00edt\u0151kkel<\/li>\n<li>T\u00f6bb sz\u00ednben el\u00e9rhet\u0151<\/li>\n<\/ul>\n<p>Ide\u00e1lis katonai, rendv\u00e9delmi \u00e9s versenyl\u00f6v\u00e9szek sz\u00e1m\u00e1ra, akik alacsony profil\u00fa, nagy teljes\u00edtm\u00e9ny\u0171 mellkasi heveder megold\u00e1st keresnek.<\/p>\n<\/div>\n","protected":false},"excerpt":{"rendered":"<p>K\u00f6nny\u0171 mell\u00e9nyrendszer AR-10\/SR25 t\u00f6lt\u00e9nyt\u00e1rakhoz. Gyors hozz\u00e1f\u00e9r\u00e9s, modul\u00e1ris kialak\u00edt\u00e1s.<\/p>\n","protected":false},"featured_media":32836,"template":"","meta":{"_acf_changed":false},"product_brand":[11131],"product_cat":[12934,12976],"product_tag":[],"class_list":{"0":"post-32832","1":"product","2":"type-product","3":"status-publish","4":"has-post-thumbnail","6":"product_brand-blue-force-gear","7":"product_cat-felszereles","8":"product_cat-mellenyes-felszerelesek","10":"first","11":"instock","12":"taxable","13":"shipping-taxable","14":"purchasable","15":"product-type-variable","16":"wvs-archive-product-wrapper"},"acf":[],"_links":{"self":[{"href":"https:\/\/staging.nbg.eu\/hu\/wp-json\/wp\/v2\/product\/32832","targetHints":{"allow":["GET"]}}],"collection":[{"href":"https:\/\/staging.nbg.eu\/hu\/wp-json\/wp\/v2\/product"}],"about":[{"href":"https:\/\/staging.nbg.eu\/hu\/wp-json\/wp\/v2\/types\/product"}],"wp:featuredmedia":[{"embeddable":true,"href":"https:\/\/staging.nbg.eu\/hu\/wp-json\/wp\/v2\/media\/32836"}],"wp:attachment":[{"href":"https:\/\/staging.nbg.eu\/hu\/wp-json\/wp\/v2\/media?parent=32832"}],"wp:term":[{"taxonomy":"product_brand","embeddable":true,"href":"https:\/\/staging.nbg.eu\/hu\/wp-json\/wp\/v2\/product_brand?post=32832"},{"taxonomy":"product_cat","embeddable":true,"href":"https:\/\/staging.nbg.eu\/hu\/wp-json\/wp\/v2\/product_cat?post=32832"},{"taxonomy":"product_tag","embeddable":true,"href":"https:\/\/staging.nbg.eu\/hu\/wp-json\/wp\/v2\/product_tag?post=32832"}],"curies":[{"name":"wp","href":"https:\/\/api.w.org\/{rel}","templated":true}]}}