{"id":31616,"date":"2024-08-18T19:30:03","date_gmt":"2024-08-24T13:46:29","guid":{"rendered":"https:\/\/staging.nbg.eu\/product\/daa-22x22mm-target-patches\/"},"modified":"2024-09-10T07:35:59","modified_gmt":"2024-09-10T07:35:59","slug":"daa-22x22mm-cel-foltok","status":"publish","type":"product","link":"https:\/\/staging.nbg.eu\/hu\/termek\/daa-22x22mm-cel-foltok\/","title":{"rendered":"Daa 22X22Mm C\u00e9l Foltok"},"content":{"rendered":"<div class=\"product-description\">\n<h2>DAA 22x22mm-es C\u00e9ltapaszok<\/h2>\n<p>Fokozza l\u00f6v\u00e9sz\u00e9lm\u00e9ny\u00e9t a DAA egyedi gy\u00e1rt\u00e1s\u00fa C\u00e9ltapaszaival, melyeket \u00fagy terveztek, hogy t\u00f6k\u00e9letesen illeszkedjenek a gyakori karton c\u00e9lt\u00e1bl\u00e1khoz.<\/p>\n<ul>\n<li>Sz\u00ednben illeszked\u0151, szinte l\u00e1thatatlan alkalmaz\u00e1s a gyakori c\u00e9lt\u00e1bl\u00e1kon<\/li>\n<li>Egyedi 22x22mm-es n\u00e9gyzet alak\u00fa kialak\u00edt\u00e1s nagyobb lefedetts\u00e9g\u00e9rt<\/li>\n<li>K\u00f6nnyebb \u00e9s gyorsabb felhelyez\u00e9s a standard kerek tapaszokhoz k\u00e9pest<\/li>\n<li>1000 tapasz tekercsenk\u00e9t, 10 tekercs dobozonk\u00e9nt<\/li>\n<\/ul>\n<p>Ezek a pr\u00e9mium tapaszok kiv\u00e1l\u00f3 lefedetts\u00e9get \u00e9s hat\u00e9konys\u00e1got ny\u00fajtanak a standard 20mm-es kerek tapaszokhoz k\u00e9pest. N\u00e9gyzet alakjuk lehet\u0151v\u00e9 teszi a gyorsabb felhelyez\u00e9st, an\u00e9lk\u00fcl hogy pontosan kellene c\u00e9lozni. Ak\u00e1r profi, ak\u00e1r szabadid\u0151s l\u00f6v\u00e9sz, a DAA C\u00e9ltapaszok t\u00f6k\u00e9letes megold\u00e1st ny\u00fajtanak c\u00e9lt\u00e1bl\u00e1i \u00e9lettartam\u00e1nak meghosszabb\u00edt\u00e1s\u00e1ra b\u00e1rmilyen id\u0151j\u00e1r\u00e1si k\u00f6r\u00fclm\u00e9nyek k\u00f6z\u00f6tt.<\/p>\n<\/div>\n","protected":false},"excerpt":{"rendered":"<p>Id\u0151j\u00e1r\u00e1s\u00e1ll\u00f3 22&#215;22 mm-es c\u00e9lt\u00e1blafoltok. 1000 db\/tekercs, 10 tekercs\/csomag.<\/p>\n","protected":false},"featured_media":29102,"template":"","meta":{"_acf_changed":false},"product_brand":[11267],"product_cat":[12965,12932,12940],"product_tag":[],"class_list":{"0":"post-31616","1":"product","2":"type-product","3":"status-publish","4":"has-post-thumbnail","6":"product_brand-doublealpha","7":"product_cat-celpontok","8":"product_cat-foltok-es-folttoeltok","9":"product_cat-papir-celok","11":"first","12":"instock","13":"taxable","14":"shipping-taxable","15":"purchasable","16":"product-type-variable","17":"wvs-archive-product-wrapper"},"acf":[],"_links":{"self":[{"href":"https:\/\/staging.nbg.eu\/hu\/wp-json\/wp\/v2\/product\/31616","targetHints":{"allow":["GET"]}}],"collection":[{"href":"https:\/\/staging.nbg.eu\/hu\/wp-json\/wp\/v2\/product"}],"about":[{"href":"https:\/\/staging.nbg.eu\/hu\/wp-json\/wp\/v2\/types\/product"}],"wp:featuredmedia":[{"embeddable":true,"href":"https:\/\/staging.nbg.eu\/hu\/wp-json\/wp\/v2\/media\/29102"}],"wp:attachment":[{"href":"https:\/\/staging.nbg.eu\/hu\/wp-json\/wp\/v2\/media?parent=31616"}],"wp:term":[{"taxonomy":"product_brand","embeddable":true,"href":"https:\/\/staging.nbg.eu\/hu\/wp-json\/wp\/v2\/product_brand?post=31616"},{"taxonomy":"product_cat","embeddable":true,"href":"https:\/\/staging.nbg.eu\/hu\/wp-json\/wp\/v2\/product_cat?post=31616"},{"taxonomy":"product_tag","embeddable":true,"href":"https:\/\/staging.nbg.eu\/hu\/wp-json\/wp\/v2\/product_tag?post=31616"}],"curies":[{"name":"wp","href":"https:\/\/api.w.org\/{rel}","templated":true}]}}