{"id":31451,"date":"2024-08-18T19:39:34","date_gmt":"2024-08-24T13:40:19","guid":{"rendered":"https:\/\/staging.nbg.eu\/product\/flex-holster-spare-set-of-side-spacers\/"},"modified":"2024-08-24T13:43:42","modified_gmt":"2024-08-24T13:43:42","slug":"flex-tok-pot-oldalso-tavtartok-keszlet","status":"publish","type":"product","link":"https:\/\/staging.nbg.eu\/hu\/termek\/flex-tok-pot-oldalso-tavtartok-keszlet\/","title":{"rendered":"Flex Tok &#8211; P\u00f3t Oldals\u00f3 T\u00e1vtart\u00f3k K\u00e9szlet"},"content":{"rendered":"<div class=\"product-description\">\n<h2>Flex Holster &#8211; Tartal\u00e9k Oldals\u00f3 T\u00e1vtart\u00f3 K\u00e9szlet<\/h2>\n<p>N\u00f6velje Flex Holstere sokoldal\u00fas\u00e1g\u00e1t ezzel a tartal\u00e9k oldals\u00f3 t\u00e1vtart\u00f3 k\u00e9szlettel a Double Alpha Academy-t\u0151l. Ezek a prec\u00edzi\u00f3s tervez\u00e9s\u0171 t\u00e1vtart\u00f3k lehet\u0151v\u00e9 teszik, hogy:<\/p>\n<ul>\n<li>Be\u00e1ll\u00edtsa a holster sz\u00e9less\u00e9g\u00e9t k\u00fcl\u00f6nb\u00f6z\u0151 fegyvermodellekhez<\/li>\n<li>Finomhangolja a r\u00f6gz\u00edt\u00e9si nyom\u00e1st<\/li>\n<li>Testreszabja a h\u00faz\u00e1si mozdulatot<\/li>\n<\/ul>\n<p>Tart\u00f3s polimerb\u0151l k\u00e9sz\u00fclt t\u00e1vtart\u00f3k hosszantart\u00f3 teljes\u00edtm\u00e9nyt biztos\u00edtanak. Minden Flex Holster modellel kompatibilisek, elengedhetetlenek a versenyl\u00f6v\u0151k \u00e9s lelkes sportol\u00f3k sz\u00e1m\u00e1ra, akik maxim\u00e1lis alkalmazkod\u00f3k\u00e9pess\u00e9get v\u00e1rnak el felszerel\u00e9s\u00fckt\u0151l.<\/p>\n<p>Fejlessze Flex Holster\u00e9t m\u00e9g ma az optim\u00e1lis teljes\u00edtm\u00e9ny \u00e9s sokoldal\u00fas\u00e1g \u00e9rdek\u00e9ben!<\/p>\n<\/div>\n","protected":false},"excerpt":{"rendered":"<p>Kieg\u00e9sz\u00edt\u0151 oldals\u00f3 t\u00e1vtart\u00f3k a Flex Holsterhez. Testreszabhat\u00f3 illeszked\u00e9s \u00e9s r\u00f6gz\u00edt\u00e9s.<\/p>\n","protected":false},"featured_media":29447,"template":"","meta":{"_acf_changed":false},"product_brand":[],"product_cat":[12959,12954,12921],"product_tag":[],"class_list":{"0":"post-31451","1":"product","2":"type-product","3":"status-publish","4":"has-post-thumbnail","6":"product_cat-sport-tok","7":"product_cat-tok-kiegeszitok","8":"product_cat-tokk","10":"first","11":"instock","12":"taxable","13":"shipping-taxable","14":"purchasable","15":"product-type-variable","16":"wvs-archive-product-wrapper"},"acf":[],"_links":{"self":[{"href":"https:\/\/staging.nbg.eu\/hu\/wp-json\/wp\/v2\/product\/31451","targetHints":{"allow":["GET"]}}],"collection":[{"href":"https:\/\/staging.nbg.eu\/hu\/wp-json\/wp\/v2\/product"}],"about":[{"href":"https:\/\/staging.nbg.eu\/hu\/wp-json\/wp\/v2\/types\/product"}],"wp:featuredmedia":[{"embeddable":true,"href":"https:\/\/staging.nbg.eu\/hu\/wp-json\/wp\/v2\/media\/29447"}],"wp:attachment":[{"href":"https:\/\/staging.nbg.eu\/hu\/wp-json\/wp\/v2\/media?parent=31451"}],"wp:term":[{"taxonomy":"product_brand","embeddable":true,"href":"https:\/\/staging.nbg.eu\/hu\/wp-json\/wp\/v2\/product_brand?post=31451"},{"taxonomy":"product_cat","embeddable":true,"href":"https:\/\/staging.nbg.eu\/hu\/wp-json\/wp\/v2\/product_cat?post=31451"},{"taxonomy":"product_tag","embeddable":true,"href":"https:\/\/staging.nbg.eu\/hu\/wp-json\/wp\/v2\/product_tag?post=31451"}],"curies":[{"name":"wp","href":"https:\/\/api.w.org\/{rel}","templated":true}]}}